{"id":25158,"date":"2022-01-26T03:36:23","date_gmt":"2022-01-26T03:36:23","guid":{"rendered":"https:\/\/thegeniusesgroup.com\/es\/?page_id=25158"},"modified":"2024-01-29T04:41:00","modified_gmt":"2024-01-29T04:41:00","slug":"moss","status":"publish","type":"page","link":"https:\/\/thegeniusesgroup.com\/es\/moss\/","title":{"rendered":"MOSS"},"content":{"rendered":"<div class=\"wpb-content-wrapper\"><p>[vc_row][vc_column][vc_single_image image=&#8221;26621&#8243; img_size=&#8221;full&#8221; alignment=&#8221;center&#8221;][\/vc_column][\/vc_row][vc_row full_width=&#8221;stretch_row&#8221; css=&#8221;.vc_custom_1542285465663{background-color: #ffffff !important;}&#8221;][vc_column css_animation=&#8221;bottom-to-top&#8221;][vc_column_text]<\/p>\n<h4 style=\"text-align: center;\"><b>Prueba Psicom\u00e9trica para Mandos Medios, Puestos de Supervisi\u00f3n y Gerencias Cualidades de Liderazgo<\/b><\/h4>\n<p>[\/vc_column_text][vc_text_separator title=&#8221;&#8221; i_type=&#8221;typicons&#8221; i_icon_typicons=&#8221;typcn typcn-lightbulb&#8221; i_color=&#8221;sky&#8221; el_width=&#8221;80&#8243; add_icon=&#8221;true&#8221;][\/vc_column][\/vc_row][vc_row full_width=&#8221;stretch_row&#8221; css=&#8221;.vc_custom_1542286470121{background-color: #ffffff !important;}&#8221;][vc_column width=&#8221;1\/2&#8243; css_animation=&#8221;bottom-to-top&#8221;]<div   class=\"gem-quote gem-quote-style-1 gem-quote-no-paddings\" ><blockquote  ><\/p>\n<h3 style=\"font-weight: 300;\"><strong>MOSS<\/strong><\/h3>\n<p><b><strong>Prueba\u00a0de Adaptabilidad Social y Capacidad de Supervisi\u00f3n\u00a0<\/strong><\/b>\u00a0<strong>para<\/strong>:<\/p>\n<p>Mandos Medios, Gerenciales, Directivos y Puestos de Supervisi\u00f3n. Cualidades de Liderazgo.<\/blockquote><\/div><div class=\"clearboth\"><\/div><style>#thegem-divider-69efb21bede4c {margin-top: -45px !important;}<\/style><div id=\"thegem-divider-69efb21bede4c\" class=\"gem-divider  \" style=\"\" ><\/div>[\/vc_column][vc_column width=&#8221;1\/2&#8243;][vc_column_text css_animation=&#8221;bottom-to-top&#8221;]<b>MOSS\u00a0<\/b>es una prueba\u00a0psicom\u00e9trica\u00a0 que eval\u00faa el grado en que una persona se adapta a distintas situaciones sociales, donde se requiere:[\/vc_column_text]<div class=\"gem-list lazy-loading gem-list-type-checkbox gem-list-color-3\" ><ul>\n<li>Habilidad en Supervisi\u00f3n<\/li>\n<li>Capacidad de Decisi\u00f3n en las Relaciones Humanas<\/li>\n<li>Capacidad de Evaluaci\u00f3n de Problemas Interpersonales<\/li>\n<li>Habilidad\u00a0para Establecer Relaciones Interpersonales<\/li>\n<li>Sentido Com\u00fan<\/li>\n<li>Tacto en las Relaciones Interpersonales<\/li>\n<\/ul>\n<\/div>[\/vc_column][\/vc_row][vc_row full_width=&#8221;stretch_row_content_no_spaces&#8221; equal_height=&#8221;yes&#8221; content_placement=&#8221;middle&#8221; css=&#8221;.vc_custom_1643169741242{margin-bottom: 0px !important;padding-bottom: 0px !important;background-color: #eef3f1 !important;}&#8221;][vc_column width=&#8221;1\/2&#8243; css_animation=&#8221;bottom-to-top&#8221; css=&#8221;.vc_custom_1542380429204{background-image: url(https:\/\/thegeniusesgroup.com\/es\/wp-content\/uploads\/2018\/11\/4.jpg?id=24032) !important;background-position: center !important;background-repeat: no-repeat !important;background-size: cover !important;}&#8221;]<div class=\"clearboth\"><\/div><style>#thegem-divider-69efb21bedf30 {margin-top: 300px !important;}<\/style><div id=\"thegem-divider-69efb21bedf30\" class=\"gem-divider  \" style=\"\" ><\/div>[\/vc_column][vc_column width=&#8221;1\/2&#8243; disable_custom_paddings_tablet=&#8221;true&#8221; disable_custom_paddings_mobile=&#8221;true&#8221; css=&#8221;.vc_custom_1542290229812{padding-right: 110px !important;padding-left: 110px !important;}&#8221;][vc_column_text css_animation=&#8221;bottom-to-top&#8221;]<\/p>\n<h4 style=\"text-align: center;\"><b>Interpretaci\u00f3n<\/b><\/h4>\n<p>[\/vc_column_text]<div class=\"clearboth\"><\/div><style>#thegem-divider-69efb21bedf5f {margin-top: 30px !important;}<\/style><div id=\"thegem-divider-69efb21bedf5f\" class=\"gem-divider  \" style=\"\" ><\/div>[vc_column_text css_animation=&#8221;bottom-to-top&#8221;]<\/p>\n<p style=\"font-weight: 400;\"><b><strong>1.- Habilidad en la Supervisi\u00f3n\u00a0<\/strong><\/b>:\u00a0 Es la eficacia con que propicia que el personal a su cargo cumpla con las actividades encomendadas.<\/p>\n<p style=\"font-weight: 400;\"><b><strong>2.- Capacidad de Decisi\u00f3n en las Relaciones Humanas:\u00a0\u00a0<\/strong><\/b>Es el criterio y toma de decisiones con respecto a la forma de interactuar con los dem\u00e1s.<\/p>\n<p style=\"font-weight: 400;\"><b><strong>3.-Capacidad para Evaluar Problemas Interpersonales:\u00a0\u00a0<\/strong><\/b>Criterio y juicio con respecto a situaciones sociales que presentan conflicto con cierta problem\u00e1tica.\u00a0\u00a0\u00a0\u00a0\u00a0\u00a0\u00a0\u00a0\u00a0\u00a0\u00a0<b><strong>\u00a0<\/strong><\/b><\/p>\n<p style=\"font-weight: 400;\"><b><strong>4.- Capacidad para Establecer Relaciones Interpersonales:\u00a0<\/strong><\/b>Es la facultad con que cuenta para establecer contacto con los dem\u00e1s de manera adaptativa y eficiente.<\/p>\n<p style=\"font-weight: 400;\"><b><strong>5.- Sentido Com\u00fan y Tacto en las Relaciones Interpersonales:\u00a0\u00a0<\/strong><\/b>Capacidad de llevarse bien con los dem\u00e1s manteniendo una conducta basada en el buen juicio y la l\u00f3gica ante dificultades o conflictos.<\/p>\n<p style=\"font-weight: 400; text-align: justify;\">Usted necesita MOSS porque no todas las personas tienen la capacidad de dirigir a otros, de supervisarlos y resolver conflictos si fuera necesario.\u00a0Ciertamente Cleaver (DISC) le puede decir si una persona tiene capacidades de l\u00edder y\/o fortalezas en las relaciones interpersonales, sin embargo, la combinaci\u00f3n de los dos factores deriva en un Jefe o Gerente que sabe tanto exigir como mantener la armon\u00eda entre sus subordinados, la prueba MOSS identifica este d\u00fao de cualidades combinadas.<\/p>\n<p>[\/vc_column_text]<div class=\"clearboth\"><\/div><style>#thegem-divider-69efb21bedf71 {margin-top: 30px !important;}<\/style><div id=\"thegem-divider-69efb21bedf71\" class=\"gem-divider  \" style=\"\" ><\/div>[\/vc_column][\/vc_row][vc_row full_width=&#8221;stretch_row&#8221; css=&#8221;.vc_custom_1542372624155{background-color: #ffffff !important;}&#8221;][vc_column][vc_row_inner][vc_column_inner offset=&#8221;vc_hidden-xs&#8221;]<div class=\"clearboth\"><\/div><style>#thegem-divider-69efb21bedf80 {margin-top: 20px !important;}<\/style><div id=\"thegem-divider-69efb21bedf80\" class=\"gem-divider  \" style=\"\" ><\/div>[\/vc_column_inner][\/vc_row_inner][vc_column_text css_animation=&#8221;bottom-to-top&#8221;]<\/p>\n<h2 style=\"text-align: center;\"><b>C\u00f3mo utilizar MOSS<\/b><\/h2>\n<p>[\/vc_column_text][vc_row_inner][vc_column_inner offset=&#8221;vc_hidden-xs&#8221;]<div class=\"clearboth\"><\/div><style>#thegem-divider-69efb21bedf8e {margin-top: 15px !important;}<\/style><div id=\"thegem-divider-69efb21bedf8e\" class=\"gem-divider  \" style=\"\" ><\/div><div id=\"fullwidth-block-69efb21bedfb3\" class=\"fullwidth-block clearfix\"  style=\"\"><script type=\"text\/javascript\">if (typeof(gem_fix_fullwidth_position) == \"function\") { gem_fix_fullwidth_position(document.getElementById(\"fullwidth-block-69efb21bedfb3\")); }<\/script><div class=\"fullwidth-block-inner\"><div class=\"container\">[vc_column_text]<\/p>\n<p style=\"font-weight: 400; text-align: justify;\">Vale la pena notar que personas que son l\u00edderes, de hecho, son personas altas en empuje, muchas veces no puntean alto en todos los rubros que MOSS eval\u00faa y hace sentido, porque existen diferentes tipos de liderazgo y de hecho se necesita diferente tipo de l\u00edder dependiendo de con qu\u00e9 prop\u00f3sitos se est\u00e1 liderando, cu\u00e1l es el proyecto y qu\u00e9 personas conforman el equipo.<\/p>\n<p style=\"font-weight: 400; text-align: justify;\">Un buen jefe o directivo necesita tener mantener en equilibrio, cu\u00e1nto interesarse por el objetivo (orientado a resultados, a la tarea) y cu\u00e1nto interesarse en sus subordinados, no c\u00f3mo trabajadores, sino como \u201cpersonas\u201d entendiendo que hay personas que responden m\u00e1s a la responsabilidad, mientras hay otras que responden m\u00e1s a la relaci\u00f3n, es decir que hay subordinados que acatar\u00e1n los objetivos por pura responsabilidad y sentido de logro, mientras hay otros que lo har\u00e1n en funci\u00f3n de \u201cno quedarle mal al jefe\u201d porque para ellos es m\u00e1s importante su relaci\u00f3n con su jefe.<\/p>\n<p style=\"font-weight: 400; text-align: justify;\">De esta forma un buen jefe o directivo no puede administrar a todos los miembros de su equipo de la misma forma, ni todo el tiempo igual, es en realidad una ciencia o arte, como se quiera ver.<\/p>\n<p style=\"font-weight: 400; text-align: justify;\">As\u00ed un buen gerente orientado a resultados podr\u00eda tener a cambio que mejorar en cuanto a su capacidad de resolver conflictos entre sus empleados y el tacto en las relaciones interpersonales.\u00a0Mientras que un buen gerente orientado a la relaci\u00f3n, podr\u00eda tener a cambio que mejorar en cuanto establecer su autoridad y don de mando con sus subordinados.<\/p>\n<p style=\"font-weight: 400; text-align: justify;\">En MOSS dif\u00edcilmente arrojar\u00e1 una persona notas altas en todos los rubros, si le llega un candidato as\u00ed, haga lo posible por retenerlo.\u00a0Entonces, \u00bfC\u00f3mo podemos aprovechar MOSS?\u00a0De esta forma:<\/p>\n<ul>\n<li style=\"font-weight: 400;\">Establezca seg\u00fan el perfil del puesto cu\u00e1les son las competencias que valora m\u00e1s para el puesto y comp\u00e1relas contra los resultados de cada rubro de MOSS<\/li>\n<li style=\"font-weight: 400;\">Identifique los rubros en los que el individuo punte\u00f3 bajo y establezca objetivos de capacitaci\u00f3n y forma en que se medir\u00e1n los avances<\/li>\n<li style=\"font-weight: 400;\">Compare los resultados obtenidos en MOSS y correlacione con Zavich + DISC porque entre los resultados de las 3 pruebas tendr\u00e1 un mapa m\u00e1s completo de competencias gerenciales.<\/li>\n<li style=\"font-weight: 400;\">Eval\u00fae tambi\u00e9n CI y CE (Coeficiente Intelectual porque \u00e9ste le anticipar\u00e1 la capacidad del individuo a encontrar soluci\u00f3n a problemas y Coeficiente Emocional porque \u00e9ste le dir\u00e1 qu\u00e9 tanto de forma natural o adquirida, el individuo administra sus emociones en favor de los objetivos)<\/li>\n<\/ul>\n<p>[\/vc_column_text]<\/div><\/div><\/div>[\/vc_column_inner][\/vc_row_inner][\/vc_column][\/vc_row][vc_row css=&#8221;.vc_custom_1654581976324{margin-top: -30px !important;}&#8221;][vc_column width=&#8221;1\/3&#8243;][vc_btn title=&#8221;SOLICITE UNA PRUEBA GRATIS&#8221; color=&#8221;primary&#8221; size=&#8221;lg&#8221; align=&#8221;center&#8221; i_icon_fontawesome=&#8221;far fa-hand-point-right&#8221; css_animation=&#8221;fadeInDown&#8221; add_icon=&#8221;true&#8221; link=&#8221;url:https%3A%2F%2Fthegeniusesgroup.com%2Fes%2Fprueba-gratis%2F&#8221; css=&#8221;.vc_custom_1654581803198{padding-top: 30px !important;}&#8221;][\/vc_column][vc_column width=&#8221;1\/3&#8243;][vc_btn title=&#8221;SOLICITE COTIZACI\u00d3N SIN COMPROMISO&#8221; color=&#8221;primary&#8221; size=&#8221;lg&#8221; align=&#8221;center&#8221; i_icon_fontawesome=&#8221;far fa-hand-point-right&#8221; css_animation=&#8221;fadeInDown&#8221; add_icon=&#8221;true&#8221; link=&#8221;url:https%3A%2F%2Fthegeniusesgroup.com%2Fes%2Fsolicitud-cotizacion%2F|title:Solicite%20Cotizaci%C3%B3n%20sin%20Compromiso&#8221; css=&#8221;.vc_custom_1654581837274{padding-top: 30px !important;}&#8221;][\/vc_column][vc_column width=&#8221;1\/3&#8243;][vc_btn title=&#8221;COMPRAR AHORA&#8221; color=&#8221;primary&#8221; size=&#8221;lg&#8221; align=&#8221;center&#8221; i_icon_fontawesome=&#8221;far fa-hand-point-right&#8221; css_animation=&#8221;fadeInDown&#8221; add_icon=&#8221;true&#8221; link=&#8221;url:https%3A%2F%2Fthegeniusesgroup.com%2Fes%2Fmembresias%2F&#8221; css=&#8221;.vc_custom_1662570037384{padding-top: 30px !important;}&#8221;][\/vc_column][\/vc_row]<\/p>\n<\/div>","protected":false},"excerpt":{"rendered":"<p>[vc_row][vc_column][vc_single_image image=&#8221;26621&#8243; img_size=&#8221;full&#8221; alignment=&#8221;center&#8221;][\/vc_column][\/vc_row][vc_row full_width=&#8221;stretch_row&#8221; css=&#8221;.vc_custom_1542285465663{background-color: #ffffff !important;}&#8221;][vc_column css_animation=&#8221;bottom-to-top&#8221;][vc_column_text] Prueba Psicom\u00e9trica para Mandos Medios, Puestos de Supervisi\u00f3n y Gerencias Cualidades&#8230;<\/p>\n","protected":false},"author":1,"featured_media":0,"parent":0,"menu_order":0,"comment_status":"closed","ping_status":"closed","template":"","meta":{"footnotes":""},"class_list":["post-25158","page","type-page","status-publish"],"yoast_head":"<!-- This site is optimized with the Yoast SEO plugin v23.4 - https:\/\/yoast.com\/wordpress\/plugins\/seo\/ -->\n<title>Prueba Psicom\u00e9trica MOSS, Capacidad Directiva, Don de Mando.<\/title>\n<meta name=\"description\" content=\"Test para evaluar Mandos Medios, Puestos de Supervisi\u00f3n, Gerencias y Cualidades de Liderazgo. Prueba Psicom\u00e9trica Automatiza Online.\" \/>\n<meta name=\"robots\" content=\"index, follow, max-snippet:-1, max-image-preview:large, max-video-preview:-1\" \/>\n<link rel=\"canonical\" href=\"https:\/\/thegeniusesgroup.com\/es\/moss\/\" \/>\n<meta property=\"og:locale\" content=\"es_ES\" \/>\n<meta property=\"og:type\" content=\"article\" \/>\n<meta property=\"og:title\" content=\"Prueba Psicom\u00e9trica MOSS, Capacidad Directiva, Don de Mando.\" \/>\n<meta property=\"og:description\" content=\"Test para evaluar Mandos Medios, Puestos de Supervisi\u00f3n, Gerencias y Cualidades de Liderazgo. Prueba Psicom\u00e9trica Automatiza Online.\" \/>\n<meta property=\"og:url\" content=\"https:\/\/thegeniusesgroup.com\/es\/moss\/\" \/>\n<meta property=\"og:site_name\" content=\"Geniuses Group LLC\" \/>\n<meta property=\"article:modified_time\" content=\"2024-01-29T04:41:00+00:00\" \/>\n<meta name=\"twitter:card\" content=\"summary_large_image\" \/>\n<script type=\"application\/ld+json\" class=\"yoast-schema-graph\">{\"@context\":\"https:\/\/schema.org\",\"@graph\":[{\"@type\":\"WebPage\",\"@id\":\"https:\/\/thegeniusesgroup.com\/es\/moss\/\",\"url\":\"https:\/\/thegeniusesgroup.com\/es\/moss\/\",\"name\":\"Prueba Psicom\u00e9trica MOSS, Capacidad Directiva, Don de Mando.\",\"isPartOf\":{\"@id\":\"https:\/\/thegeniusesgroup.com\/es\/#website\"},\"datePublished\":\"2022-01-26T03:36:23+00:00\",\"dateModified\":\"2024-01-29T04:41:00+00:00\",\"description\":\"Test para evaluar Mandos Medios, Puestos de Supervisi\u00f3n, Gerencias y Cualidades de Liderazgo. Prueba Psicom\u00e9trica Automatiza Online.\",\"breadcrumb\":{\"@id\":\"https:\/\/thegeniusesgroup.com\/es\/moss\/#breadcrumb\"},\"inLanguage\":\"es\",\"potentialAction\":[{\"@type\":\"ReadAction\",\"target\":[\"https:\/\/thegeniusesgroup.com\/es\/moss\/\"]}]},{\"@type\":\"BreadcrumbList\",\"@id\":\"https:\/\/thegeniusesgroup.com\/es\/moss\/#breadcrumb\",\"itemListElement\":[{\"@type\":\"ListItem\",\"position\":1,\"name\":\"Home\",\"item\":\"https:\/\/thegeniusesgroup.com\/es\/\"},{\"@type\":\"ListItem\",\"position\":2,\"name\":\"MOSS\"}]},{\"@type\":\"WebSite\",\"@id\":\"https:\/\/thegeniusesgroup.com\/es\/#website\",\"url\":\"https:\/\/thegeniusesgroup.com\/es\/\",\"name\":\"Geniuses Group LLC\",\"description\":\"Tests, Training &amp; Technology\",\"publisher\":{\"@id\":\"https:\/\/thegeniusesgroup.com\/es\/#organization\"},\"alternateName\":\"Tests, Training & Trechnology\",\"potentialAction\":[{\"@type\":\"SearchAction\",\"target\":{\"@type\":\"EntryPoint\",\"urlTemplate\":\"https:\/\/thegeniusesgroup.com\/es\/?s={search_term_string}\"},\"query-input\":{\"@type\":\"PropertyValueSpecification\",\"valueRequired\":true,\"valueName\":\"search_term_string\"}}],\"inLanguage\":\"es\"},{\"@type\":\"Organization\",\"@id\":\"https:\/\/thegeniusesgroup.com\/es\/#organization\",\"name\":\"Geniuses Group LLC\",\"alternateName\":\"Tests, Training & Trechnology\",\"url\":\"https:\/\/thegeniusesgroup.com\/es\/\",\"logo\":{\"@type\":\"ImageObject\",\"inLanguage\":\"es\",\"@id\":\"https:\/\/thegeniusesgroup.com\/es\/#\/schema\/logo\/image\/\",\"url\":\"https:\/\/thegeniusesgroup.com\/es\/wp-content\/uploads\/2022\/01\/logo.jpg\",\"contentUrl\":\"https:\/\/thegeniusesgroup.com\/es\/wp-content\/uploads\/2022\/01\/logo.jpg\",\"width\":492,\"height\":143,\"caption\":\"Geniuses Group LLC\"},\"image\":{\"@id\":\"https:\/\/thegeniusesgroup.com\/es\/#\/schema\/logo\/image\/\"}}]}<\/script>\n<!-- \/ Yoast SEO plugin. -->","yoast_head_json":{"title":"Prueba Psicom\u00e9trica MOSS, Capacidad Directiva, Don de Mando.","description":"Test para evaluar Mandos Medios, Puestos de Supervisi\u00f3n, Gerencias y Cualidades de Liderazgo. Prueba Psicom\u00e9trica Automatiza Online.","robots":{"index":"index","follow":"follow","max-snippet":"max-snippet:-1","max-image-preview":"max-image-preview:large","max-video-preview":"max-video-preview:-1"},"canonical":"https:\/\/thegeniusesgroup.com\/es\/moss\/","og_locale":"es_ES","og_type":"article","og_title":"Prueba Psicom\u00e9trica MOSS, Capacidad Directiva, Don de Mando.","og_description":"Test para evaluar Mandos Medios, Puestos de Supervisi\u00f3n, Gerencias y Cualidades de Liderazgo. Prueba Psicom\u00e9trica Automatiza Online.","og_url":"https:\/\/thegeniusesgroup.com\/es\/moss\/","og_site_name":"Geniuses Group LLC","article_modified_time":"2024-01-29T04:41:00+00:00","twitter_card":"summary_large_image","schema":{"@context":"https:\/\/schema.org","@graph":[{"@type":"WebPage","@id":"https:\/\/thegeniusesgroup.com\/es\/moss\/","url":"https:\/\/thegeniusesgroup.com\/es\/moss\/","name":"Prueba Psicom\u00e9trica MOSS, Capacidad Directiva, Don de Mando.","isPartOf":{"@id":"https:\/\/thegeniusesgroup.com\/es\/#website"},"datePublished":"2022-01-26T03:36:23+00:00","dateModified":"2024-01-29T04:41:00+00:00","description":"Test para evaluar Mandos Medios, Puestos de Supervisi\u00f3n, Gerencias y Cualidades de Liderazgo. Prueba Psicom\u00e9trica Automatiza Online.","breadcrumb":{"@id":"https:\/\/thegeniusesgroup.com\/es\/moss\/#breadcrumb"},"inLanguage":"es","potentialAction":[{"@type":"ReadAction","target":["https:\/\/thegeniusesgroup.com\/es\/moss\/"]}]},{"@type":"BreadcrumbList","@id":"https:\/\/thegeniusesgroup.com\/es\/moss\/#breadcrumb","itemListElement":[{"@type":"ListItem","position":1,"name":"Home","item":"https:\/\/thegeniusesgroup.com\/es\/"},{"@type":"ListItem","position":2,"name":"MOSS"}]},{"@type":"WebSite","@id":"https:\/\/thegeniusesgroup.com\/es\/#website","url":"https:\/\/thegeniusesgroup.com\/es\/","name":"Geniuses Group LLC","description":"Tests, Training &amp; Technology","publisher":{"@id":"https:\/\/thegeniusesgroup.com\/es\/#organization"},"alternateName":"Tests, Training & Trechnology","potentialAction":[{"@type":"SearchAction","target":{"@type":"EntryPoint","urlTemplate":"https:\/\/thegeniusesgroup.com\/es\/?s={search_term_string}"},"query-input":{"@type":"PropertyValueSpecification","valueRequired":true,"valueName":"search_term_string"}}],"inLanguage":"es"},{"@type":"Organization","@id":"https:\/\/thegeniusesgroup.com\/es\/#organization","name":"Geniuses Group LLC","alternateName":"Tests, Training & Trechnology","url":"https:\/\/thegeniusesgroup.com\/es\/","logo":{"@type":"ImageObject","inLanguage":"es","@id":"https:\/\/thegeniusesgroup.com\/es\/#\/schema\/logo\/image\/","url":"https:\/\/thegeniusesgroup.com\/es\/wp-content\/uploads\/2022\/01\/logo.jpg","contentUrl":"https:\/\/thegeniusesgroup.com\/es\/wp-content\/uploads\/2022\/01\/logo.jpg","width":492,"height":143,"caption":"Geniuses Group LLC"},"image":{"@id":"https:\/\/thegeniusesgroup.com\/es\/#\/schema\/logo\/image\/"}}]}},"jetpack_sharing_enabled":true,"_links":{"self":[{"href":"https:\/\/thegeniusesgroup.com\/es\/wp-json\/wp\/v2\/pages\/25158"}],"collection":[{"href":"https:\/\/thegeniusesgroup.com\/es\/wp-json\/wp\/v2\/pages"}],"about":[{"href":"https:\/\/thegeniusesgroup.com\/es\/wp-json\/wp\/v2\/types\/page"}],"author":[{"embeddable":true,"href":"https:\/\/thegeniusesgroup.com\/es\/wp-json\/wp\/v2\/users\/1"}],"replies":[{"embeddable":true,"href":"https:\/\/thegeniusesgroup.com\/es\/wp-json\/wp\/v2\/comments?post=25158"}],"version-history":[{"count":0,"href":"https:\/\/thegeniusesgroup.com\/es\/wp-json\/wp\/v2\/pages\/25158\/revisions"}],"wp:attachment":[{"href":"https:\/\/thegeniusesgroup.com\/es\/wp-json\/wp\/v2\/media?parent=25158"}],"curies":[{"name":"wp","href":"https:\/\/api.w.org\/{rel}","templated":true}]}}