{"id":25203,"date":"2022-01-26T16:19:00","date_gmt":"2022-01-26T16:19:00","guid":{"rendered":"https:\/\/thegeniusesgroup.com\/es\/?page_id=25203"},"modified":"2024-01-29T03:47:59","modified_gmt":"2024-01-29T03:47:59","slug":"cambridge","status":"publish","type":"page","link":"https:\/\/thegeniusesgroup.com\/es\/cambridge\/","title":{"rendered":"CAMBRIDGE"},"content":{"rendered":"<div class=\"wpb-content-wrapper\"><p>[vc_row full_width=&#8221;stretch_row_content_no_spaces&#8221;][vc_column][vc_single_image image=&#8221;26611&#8243; img_size=&#8221;full&#8221; alignment=&#8221;center&#8221;][\/vc_column][\/vc_row][vc_row][vc_column offset=&#8221;vc_hidden-sm vc_hidden-xs&#8221;]<div class=\"clearboth\"><\/div><style>#thegem-divider-69efb219174b7 {margin-top: 40px !important;}<\/style><div id=\"thegem-divider-69efb219174b7\" class=\"gem-divider  \" style=\"\" ><\/div>[\/vc_column][\/vc_row][vc_row][vc_column width=&#8221;1\/2&#8243;]<div class=\"gem-image gem-wrapbox gem-wrapbox-style-default gem-wrapbox-position-left  thegem-custom-69efb219174e63936\"  style=\"\" ><div class=\"gem-wrapbox-inner \" ><img class=\"gem-wrapbox-element img-responsive\" src=\"https:\/\/thegeniusesgroup.com\/es\/wp-content\/uploads\/2022\/01\/cambridge.jpg\" alt=\"\"\/><\/div><\/div>[\/vc_column][vc_column width=&#8221;1\/2&#8243; css=&#8221;.vc_custom_1542633382802{background-image: url(https:\/\/thegeniusesgroup.com\/es\/wp-content\/uploads\/2018\/11\/worldmap.png?id=24172) !important;background-position: 0 0 !important;background-repeat: no-repeat !important;}&#8221;]<div class=\"clearboth\"><\/div><div id=\"thegem-divider-69efb219177ef\" class=\"gem-divider  \" style=\"\" ><\/div><div class=\"gem-list gem-list-type-checkbox gem-list-color-2\" ><ul>\n<li><strong>Es una de la pruebas m\u00e1s utilizadas a nivel mundial para evaluar el nivel de ingl\u00e9s.<\/strong><\/li>\n<li><strong>Con aplicaciones acad\u00e9micas, laborales, empresariales y sector de negocios.<\/strong><\/li>\n<li><strong>Cataloga 6 niveles, 2 por segmento:<\/strong><\/li>\n<li><strong>Principiantes, Intermedios y Avanzados (A1, A2, B1, B2, C1 y C2)<\/strong><\/li>\n<\/ul>\n<\/div>[vc_column_text css_animation=&#8221;bottom-to-top&#8221;]<\/p>\n<div class=\"styled-subtitle small-body\" style=\"text-align: justify;\"><span class=\"letter-spacing light\"><strong>CAMBRIDGE\u00a0<\/strong>\u00a0\u00a0\u00a0<strong>English Test\u00a0<\/strong>\u00a0es una prueba con mucho prestigio internacional por su fiabilidad y las\u00a0\u00a0\u00a0<a href=\"http:\/\/scideas.com.gt\/pruebas-psicometricas-2\/pruebas-psicometricas-2\/\"><strong>Membrec\u00edas SCideas\u00a0y\u00a0\u00a0<\/strong><strong>Paquetes ON DEMAND\u00a0<\/strong><\/a> incluyen dicha prueba. Para obtener m\u00e1s informaci\u00f3n, solicitar una prueba de cortes\u00eda, cotizaci\u00f3n sin compromiso.<\/span><\/div>\n<p>[\/vc_column_text]<div class=\"clearboth\"><\/div><style>#thegem-divider-69efb219178b6 {margin-top: 110px !important;}<\/style><div id=\"thegem-divider-69efb219178b6\" class=\"gem-divider  \" style=\"\" ><\/div>[\/vc_column][\/vc_row][vc_row][vc_column width=&#8221;1\/3&#8243;]<div class=\"lazy-loading\" data-ll-item-delay=\"0\"><div class=\"gem-textbox  lazy-loading-item centered-box\"  data-ll-effect=\"move-up\" ><div class=\"gem-textbox-top gem-textbox-top-note-1\"><svg width=\"100%\" height=\"31\" style=\"fill: #f4f6f7;\"><defs><pattern id=\"pattern-1777316377-52\" x=\"11\" y=\"0\" width=\"23\" height=\"32\" patternUnits=\"userSpaceOnUse\" ><path d=\"M20,9h3V0H0v9h3c2.209,0,4,1.791,4,4v6c0,2.209-1.791,4-4,4H0v9h23v-9h-3c-2.209,0-4-1.791-4-4v-6C16,10.791,17.791,9,20,9z\" \/><\/pattern><\/defs><rect x=\"0\" y=\"0\" width=\"100%\" height=\"32\" style=\"fill: url(#pattern-1777316377-52);\" \/><\/svg><\/div><div class=\"gem-textbox-picture centered-box\"><img src=\"https:\/\/thegeniusesgroup.com\/es\/wp-content\/uploads\/2018\/11\/2.jpg\" alt=\"\" class=\"img-responsive\" \/><\/div><div class=\"gem-textbox-inner gem-textbox-after-image\" style=\"\"><div class=\"gem-textbox-content\" style=\"background-color: #f4f6f7;background-position: center top;\"><div class=\"clearboth\"><\/div><style>#thegem-divider-69efb21917dad {margin-top: 25px !important;}<\/style><div id=\"thegem-divider-69efb21917dad\" class=\"gem-divider  \" style=\"\" ><\/div>[vc_column_text]<\/p>\n<h4 class=\"mt32 text-center\" style=\"text-align: center;\"><strong>Competencia B\u00e1sica (Preliminar)<\/strong><\/h4>\n<p>[\/vc_column_text][vc_column_text]<\/p>\n<h6 class=\"text-muted text-center\" style=\"text-align: center;\"><span style=\"color: #0000ff;\">A1 y A2<\/span><\/h6>\n<p class=\"mt16 text-justify\">Puede comunicarse en ingl\u00e9s en situaciones simples y cotidianas.\u00a0\u00a0Es decir la persona conoce el idioma ingl\u00e9s pero necesita del apoyo de alguien m\u00e1s para hacer negocios. Tiene un buen punto de partida para continuar estudios que mejoren su nivel en el idioma.<\/p>\n<p>[\/vc_column_text]<\/div><\/div><\/div><\/div>[\/vc_column][vc_column width=&#8221;1\/3&#8243;]<div class=\"lazy-loading\" data-ll-item-delay=\"0\"><div class=\"gem-textbox  lazy-loading-item centered-box\"  data-ll-effect=\"move-up\" ><div class=\"gem-textbox-top gem-textbox-top-note-1\"><svg width=\"100%\" height=\"31\" style=\"fill: #f4f6f7;\"><defs><pattern id=\"pattern-1777316377-92\" x=\"11\" y=\"0\" width=\"23\" height=\"32\" patternUnits=\"userSpaceOnUse\" ><path d=\"M20,9h3V0H0v9h3c2.209,0,4,1.791,4,4v6c0,2.209-1.791,4-4,4H0v9h23v-9h-3c-2.209,0-4-1.791-4-4v-6C16,10.791,17.791,9,20,9z\" \/><\/pattern><\/defs><rect x=\"0\" y=\"0\" width=\"100%\" height=\"32\" style=\"fill: url(#pattern-1777316377-92);\" \/><\/svg><\/div><div class=\"gem-textbox-picture centered-box\"><img src=\"https:\/\/thegeniusesgroup.com\/es\/wp-content\/uploads\/2018\/11\/3-1.jpg\" alt=\"\" class=\"img-responsive\" \/><\/div><div class=\"gem-textbox-inner gem-textbox-after-image\" style=\"\"><div class=\"gem-textbox-content\" style=\"background-color: #f4f6f7;background-position: center top;\"><div class=\"clearboth\"><\/div><style>#thegem-divider-69efb21918112 {margin-top: 25px !important;}<\/style><div id=\"thegem-divider-69efb21918112\" class=\"gem-divider  \" style=\"\" ><\/div>[vc_column_text]<\/p>\n<h4 class=\"mt32 text-center\" style=\"text-align: center;\"><strong>Competencia Ventajosa (Intermedio)<\/strong><\/h4>\n<p>[\/vc_column_text][vc_column_text]<\/p>\n<h6 class=\"mt32 text-center\" style=\"text-align: center;\"><span style=\"color: #0000ff;\">B1 y B2<\/span><\/h6>\n<p class=\"text-justify mt16\">Posee las destrezas pr\u00e1cticas cotidianas necesarias para desenvolverse con \u00e9xito en el entorno internacional laboral y de negocios en Lengua Inglesa.\u00a0\u00a0\u00a0La persona tiene un dominio medio-alto de ingl\u00e9s al grado que puede manejarse con el idioma en forma independiente y hacer negocios.<\/p>\n<p>[\/vc_column_text]<\/div><\/div><\/div><\/div>[\/vc_column][vc_column width=&#8221;1\/3&#8243;]<div class=\"lazy-loading\" data-ll-item-delay=\"0\"><div class=\"gem-textbox  lazy-loading-item centered-box\"  data-ll-effect=\"move-up\" ><div class=\"gem-textbox-top gem-textbox-top-note-1\"><svg width=\"100%\" height=\"31\" style=\"fill: #f4f6f7;\"><defs><pattern id=\"pattern-1777316377-75\" x=\"11\" y=\"0\" width=\"23\" height=\"32\" patternUnits=\"userSpaceOnUse\" ><path d=\"M20,9h3V0H0v9h3c2.209,0,4,1.791,4,4v6c0,2.209-1.791,4-4,4H0v9h23v-9h-3c-2.209,0-4-1.791-4-4v-6C16,10.791,17.791,9,20,9z\" \/><\/pattern><\/defs><rect x=\"0\" y=\"0\" width=\"100%\" height=\"32\" style=\"fill: url(#pattern-1777316377-75);\" \/><\/svg><\/div><div class=\"gem-textbox-picture centered-box\"><img src=\"https:\/\/thegeniusesgroup.com\/es\/wp-content\/uploads\/2018\/11\/4-1.jpg\" alt=\"\" class=\"img-responsive\" \/><\/div><div class=\"gem-textbox-inner gem-textbox-after-image\" style=\"\"><div class=\"gem-textbox-content\" style=\"background-color: #f4f6f7;background-position: center top;\"><div class=\"clearboth\"><\/div><style>#thegem-divider-69efb21918459 {margin-top: 25px !important;}<\/style><div id=\"thegem-divider-69efb21918459\" class=\"gem-divider  \" style=\"\" ><\/div>[vc_column_text]<\/p>\n<h4 class=\"mt32 text-center\" style=\"text-align: center;\"><strong>Competencia Alta\u00a0 \u00a0 (Avanzado)<\/strong><\/h4>\n<p>[\/vc_column_text][vc_column_text]<\/p>\n<h6 class=\"text-muted text-center\" style=\"text-align: center;\"><span style=\"color: #0000ff;\">C1 y C2<\/span><\/h6>\n<p class=\"mt16 text-justify\">Puede comunicarse con la fluidez y la complejidad de un hablante de ingl\u00e9s altamente capacitado. Posee el nivel de ingl\u00e9s necesario para estudiar o trabajar en un entorno profesional o acad\u00e9mico de muy alto rango.\u00a0\u00a0La persona domina muy bien el ingl\u00e9s porque lo estudi\u00f3 a un nivel avanzado o porque es su lengua materna, por supuesto puede desenvolverse muy bien para hacer negocios.<\/p>\n<p>[\/vc_column_text]<\/div><\/div><\/div><\/div>[\/vc_column][\/vc_row][vc_row css=&#8221;.vc_custom_1654565724525{padding-bottom: 30px !important;}&#8221;][vc_column width=&#8221;1\/3&#8243;][vc_btn title=&#8221;SOLICITE UNA PRUEBA GRATIS&#8221; color=&#8221;primary&#8221; size=&#8221;lg&#8221; align=&#8221;center&#8221; i_icon_fontawesome=&#8221;far fa-hand-point-right&#8221; add_icon=&#8221;true&#8221; link=&#8221;url:https%3A%2F%2Fthegeniusesgroup.com%2Fes%2Fprueba-gratis%2F&#8221; css=&#8221;.vc_custom_1654565700657{padding-top: 30px !important;}&#8221;][\/vc_column][vc_column width=&#8221;1\/3&#8243;][vc_btn title=&#8221;SOLICITE COTIZACI\u00d3N SIN COMPROMISO&#8221; color=&#8221;primary&#8221; size=&#8221;lg&#8221; align=&#8221;center&#8221; i_icon_fontawesome=&#8221;far fa-hand-point-right&#8221; add_icon=&#8221;true&#8221; link=&#8221;url:https%3A%2F%2Fthegeniusesgroup.com%2Fes%2Fsolicitud-cotizacion%2F&#8221; css=&#8221;.vc_custom_1654582371661{padding-top: 30px !important;}&#8221;][\/vc_column][vc_column width=&#8221;1\/3&#8243;][vc_btn title=&#8221;COMPRAR AHORA&#8221; color=&#8221;primary&#8221; size=&#8221;lg&#8221; align=&#8221;center&#8221; i_icon_fontawesome=&#8221;far fa-hand-point-right&#8221; add_icon=&#8221;true&#8221; link=&#8221;url:https%3A%2F%2Fthegeniusesgroup.com%2Fes%2Fmembresias%2F&#8221; css=&#8221;.vc_custom_1662570790281{padding-top: 30px !important;}&#8221;][\/vc_column][\/vc_row]<\/p>\n<\/div>","protected":false},"excerpt":{"rendered":"<p>[vc_row full_width=&#8221;stretch_row_content_no_spaces&#8221;][vc_column][vc_single_image image=&#8221;26611&#8243; img_size=&#8221;full&#8221; alignment=&#8221;center&#8221;][\/vc_column][\/vc_row][vc_row][vc_column offset=&#8221;vc_hidden-sm vc_hidden-xs&#8221;][\/vc_column][\/vc_row][vc_row][vc_column width=&#8221;1\/2&#8243;][\/vc_column][vc_column width=&#8221;1\/2&#8243; css=&#8221;.vc_custom_1542633382802{background-image: url(https:\/\/thegeniusesgroup.com\/es\/wp-content\/uploads\/2018\/11\/worldmap.png?id=24172) !important;background-position: 0 0 !important;background-repeat: no-repeat !important;}&#8221;][vc_column_text css_animation=&#8221;bottom-to-top&#8221;] CAMBRIDGE\u00a0\u00a0\u00a0\u00a0English Test\u00a0\u00a0es&#8230;<\/p>\n","protected":false},"author":1,"featured_media":0,"parent":0,"menu_order":0,"comment_status":"closed","ping_status":"closed","template":"","meta":{"footnotes":""},"class_list":["post-25203","page","type-page","status-publish"],"yoast_head":"<!-- This site is optimized with the Yoast SEO plugin v23.4 - https:\/\/yoast.com\/wordpress\/plugins\/seo\/ -->\n<title>Prueba de Competencia en Idioma Ingl\u00e9s CAMBRIDGE<\/title>\n<meta name=\"description\" content=\"Automatizada Online. Una de la pruebas m\u00e1s utilizadas a nivel mundial para evaluar el nivel de ingl\u00e9s, con aplicaciones acad\u00e9micas...\" \/>\n<meta name=\"robots\" content=\"index, follow, max-snippet:-1, max-image-preview:large, max-video-preview:-1\" \/>\n<link rel=\"canonical\" href=\"https:\/\/thegeniusesgroup.com\/es\/cambridge\/\" \/>\n<meta property=\"og:locale\" content=\"es_ES\" \/>\n<meta property=\"og:type\" content=\"article\" \/>\n<meta property=\"og:title\" content=\"Prueba de Competencia en Idioma Ingl\u00e9s CAMBRIDGE\" \/>\n<meta property=\"og:description\" content=\"Automatizada Online. Una de la pruebas m\u00e1s utilizadas a nivel mundial para evaluar el nivel de ingl\u00e9s, con aplicaciones acad\u00e9micas...\" \/>\n<meta property=\"og:url\" content=\"https:\/\/thegeniusesgroup.com\/es\/cambridge\/\" \/>\n<meta property=\"og:site_name\" content=\"Geniuses Group LLC\" \/>\n<meta property=\"article:modified_time\" content=\"2024-01-29T03:47:59+00:00\" \/>\n<meta name=\"twitter:card\" content=\"summary_large_image\" \/>\n<script type=\"application\/ld+json\" class=\"yoast-schema-graph\">{\"@context\":\"https:\/\/schema.org\",\"@graph\":[{\"@type\":\"WebPage\",\"@id\":\"https:\/\/thegeniusesgroup.com\/es\/cambridge\/\",\"url\":\"https:\/\/thegeniusesgroup.com\/es\/cambridge\/\",\"name\":\"Prueba de Competencia en Idioma Ingl\u00e9s CAMBRIDGE\",\"isPartOf\":{\"@id\":\"https:\/\/thegeniusesgroup.com\/es\/#website\"},\"datePublished\":\"2022-01-26T16:19:00+00:00\",\"dateModified\":\"2024-01-29T03:47:59+00:00\",\"description\":\"Automatizada Online. Una de la pruebas m\u00e1s utilizadas a nivel mundial para evaluar el nivel de ingl\u00e9s, con aplicaciones acad\u00e9micas...\",\"breadcrumb\":{\"@id\":\"https:\/\/thegeniusesgroup.com\/es\/cambridge\/#breadcrumb\"},\"inLanguage\":\"es\",\"potentialAction\":[{\"@type\":\"ReadAction\",\"target\":[\"https:\/\/thegeniusesgroup.com\/es\/cambridge\/\"]}]},{\"@type\":\"BreadcrumbList\",\"@id\":\"https:\/\/thegeniusesgroup.com\/es\/cambridge\/#breadcrumb\",\"itemListElement\":[{\"@type\":\"ListItem\",\"position\":1,\"name\":\"Home\",\"item\":\"https:\/\/thegeniusesgroup.com\/es\/\"},{\"@type\":\"ListItem\",\"position\":2,\"name\":\"CAMBRIDGE\"}]},{\"@type\":\"WebSite\",\"@id\":\"https:\/\/thegeniusesgroup.com\/es\/#website\",\"url\":\"https:\/\/thegeniusesgroup.com\/es\/\",\"name\":\"Geniuses Group LLC\",\"description\":\"Tests, Training &amp; Technology\",\"publisher\":{\"@id\":\"https:\/\/thegeniusesgroup.com\/es\/#organization\"},\"alternateName\":\"Tests, Training & Trechnology\",\"potentialAction\":[{\"@type\":\"SearchAction\",\"target\":{\"@type\":\"EntryPoint\",\"urlTemplate\":\"https:\/\/thegeniusesgroup.com\/es\/?s={search_term_string}\"},\"query-input\":{\"@type\":\"PropertyValueSpecification\",\"valueRequired\":true,\"valueName\":\"search_term_string\"}}],\"inLanguage\":\"es\"},{\"@type\":\"Organization\",\"@id\":\"https:\/\/thegeniusesgroup.com\/es\/#organization\",\"name\":\"Geniuses Group LLC\",\"alternateName\":\"Tests, Training & Trechnology\",\"url\":\"https:\/\/thegeniusesgroup.com\/es\/\",\"logo\":{\"@type\":\"ImageObject\",\"inLanguage\":\"es\",\"@id\":\"https:\/\/thegeniusesgroup.com\/es\/#\/schema\/logo\/image\/\",\"url\":\"https:\/\/thegeniusesgroup.com\/es\/wp-content\/uploads\/2022\/01\/logo.jpg\",\"contentUrl\":\"https:\/\/thegeniusesgroup.com\/es\/wp-content\/uploads\/2022\/01\/logo.jpg\",\"width\":492,\"height\":143,\"caption\":\"Geniuses Group LLC\"},\"image\":{\"@id\":\"https:\/\/thegeniusesgroup.com\/es\/#\/schema\/logo\/image\/\"}}]}<\/script>\n<!-- \/ Yoast SEO plugin. -->","yoast_head_json":{"title":"Prueba de Competencia en Idioma Ingl\u00e9s CAMBRIDGE","description":"Automatizada Online. Una de la pruebas m\u00e1s utilizadas a nivel mundial para evaluar el nivel de ingl\u00e9s, con aplicaciones acad\u00e9micas...","robots":{"index":"index","follow":"follow","max-snippet":"max-snippet:-1","max-image-preview":"max-image-preview:large","max-video-preview":"max-video-preview:-1"},"canonical":"https:\/\/thegeniusesgroup.com\/es\/cambridge\/","og_locale":"es_ES","og_type":"article","og_title":"Prueba de Competencia en Idioma Ingl\u00e9s CAMBRIDGE","og_description":"Automatizada Online. Una de la pruebas m\u00e1s utilizadas a nivel mundial para evaluar el nivel de ingl\u00e9s, con aplicaciones acad\u00e9micas...","og_url":"https:\/\/thegeniusesgroup.com\/es\/cambridge\/","og_site_name":"Geniuses Group LLC","article_modified_time":"2024-01-29T03:47:59+00:00","twitter_card":"summary_large_image","schema":{"@context":"https:\/\/schema.org","@graph":[{"@type":"WebPage","@id":"https:\/\/thegeniusesgroup.com\/es\/cambridge\/","url":"https:\/\/thegeniusesgroup.com\/es\/cambridge\/","name":"Prueba de Competencia en Idioma Ingl\u00e9s CAMBRIDGE","isPartOf":{"@id":"https:\/\/thegeniusesgroup.com\/es\/#website"},"datePublished":"2022-01-26T16:19:00+00:00","dateModified":"2024-01-29T03:47:59+00:00","description":"Automatizada Online. Una de la pruebas m\u00e1s utilizadas a nivel mundial para evaluar el nivel de ingl\u00e9s, con aplicaciones acad\u00e9micas...","breadcrumb":{"@id":"https:\/\/thegeniusesgroup.com\/es\/cambridge\/#breadcrumb"},"inLanguage":"es","potentialAction":[{"@type":"ReadAction","target":["https:\/\/thegeniusesgroup.com\/es\/cambridge\/"]}]},{"@type":"BreadcrumbList","@id":"https:\/\/thegeniusesgroup.com\/es\/cambridge\/#breadcrumb","itemListElement":[{"@type":"ListItem","position":1,"name":"Home","item":"https:\/\/thegeniusesgroup.com\/es\/"},{"@type":"ListItem","position":2,"name":"CAMBRIDGE"}]},{"@type":"WebSite","@id":"https:\/\/thegeniusesgroup.com\/es\/#website","url":"https:\/\/thegeniusesgroup.com\/es\/","name":"Geniuses Group LLC","description":"Tests, Training &amp; Technology","publisher":{"@id":"https:\/\/thegeniusesgroup.com\/es\/#organization"},"alternateName":"Tests, Training & Trechnology","potentialAction":[{"@type":"SearchAction","target":{"@type":"EntryPoint","urlTemplate":"https:\/\/thegeniusesgroup.com\/es\/?s={search_term_string}"},"query-input":{"@type":"PropertyValueSpecification","valueRequired":true,"valueName":"search_term_string"}}],"inLanguage":"es"},{"@type":"Organization","@id":"https:\/\/thegeniusesgroup.com\/es\/#organization","name":"Geniuses Group LLC","alternateName":"Tests, Training & Trechnology","url":"https:\/\/thegeniusesgroup.com\/es\/","logo":{"@type":"ImageObject","inLanguage":"es","@id":"https:\/\/thegeniusesgroup.com\/es\/#\/schema\/logo\/image\/","url":"https:\/\/thegeniusesgroup.com\/es\/wp-content\/uploads\/2022\/01\/logo.jpg","contentUrl":"https:\/\/thegeniusesgroup.com\/es\/wp-content\/uploads\/2022\/01\/logo.jpg","width":492,"height":143,"caption":"Geniuses Group LLC"},"image":{"@id":"https:\/\/thegeniusesgroup.com\/es\/#\/schema\/logo\/image\/"}}]}},"jetpack_sharing_enabled":true,"_links":{"self":[{"href":"https:\/\/thegeniusesgroup.com\/es\/wp-json\/wp\/v2\/pages\/25203"}],"collection":[{"href":"https:\/\/thegeniusesgroup.com\/es\/wp-json\/wp\/v2\/pages"}],"about":[{"href":"https:\/\/thegeniusesgroup.com\/es\/wp-json\/wp\/v2\/types\/page"}],"author":[{"embeddable":true,"href":"https:\/\/thegeniusesgroup.com\/es\/wp-json\/wp\/v2\/users\/1"}],"replies":[{"embeddable":true,"href":"https:\/\/thegeniusesgroup.com\/es\/wp-json\/wp\/v2\/comments?post=25203"}],"version-history":[{"count":0,"href":"https:\/\/thegeniusesgroup.com\/es\/wp-json\/wp\/v2\/pages\/25203\/revisions"}],"wp:attachment":[{"href":"https:\/\/thegeniusesgroup.com\/es\/wp-json\/wp\/v2\/media?parent=25203"}],"curies":[{"name":"wp","href":"https:\/\/api.w.org\/{rel}","templated":true}]}}