{"id":25237,"date":"2022-01-27T18:02:21","date_gmt":"2022-01-27T18:02:21","guid":{"rendered":"https:\/\/thegeniusesgroup.com\/es\/?page_id=25237"},"modified":"2022-08-13T18:59:55","modified_gmt":"2022-08-13T18:59:55","slug":"evaluacion-de-talento","status":"publish","type":"page","link":"https:\/\/thegeniusesgroup.com\/es\/evaluacion-de-talento\/","title":{"rendered":"Evaluaci\u00f3n de Talento"},"content":{"rendered":"<div class=\"wpb-content-wrapper\"><p>[vc_row full_width=&#8221;stretch_row&#8221; css=&#8221;.vc_custom_1542285465663{background-color: #ffffff !important;}&#8221;][vc_column css_animation=&#8221;bottom-to-top&#8221;][vc_row_inner][vc_column_inner offset=&#8221;vc_hidden-sm vc_hidden-xs&#8221;]<div class=\"clearboth\"><\/div><style>#thegem-divider-69efc159c7e5f {margin-top: 20px !important;}<\/style><div id=\"thegem-divider-69efc159c7e5f\" class=\"gem-divider  \" style=\"\" ><\/div>[\/vc_column_inner][\/vc_row_inner][vc_column_text]<\/p>\n<h2 style=\"text-align: center;\">Estrategizamos Talento<\/h2>\n<p>[\/vc_column_text][vc_text_separator title=&#8221;&#8221; i_type=&#8221;typicons&#8221; i_icon_typicons=&#8221;typcn typcn-lightbulb&#8221; i_color=&#8221;sky&#8221; el_width=&#8221;80&#8243; add_icon=&#8221;true&#8221;][vc_row_inner][vc_column_inner offset=&#8221;vc_hidden-xs&#8221;]<div class=\"clearboth\"><\/div><style>#thegem-divider-69efc159c7eb0 {margin-top: 15px !important;}<\/style><div id=\"thegem-divider-69efc159c7eb0\" class=\"gem-divider  \" style=\"\" ><\/div>[\/vc_column_inner][\/vc_row_inner][\/vc_column][\/vc_row][vc_row full_width=&#8221;stretch_row&#8221; css=&#8221;.vc_custom_1542286470121{background-color: #ffffff !important;}&#8221;][vc_column width=&#8221;1\/2&#8243; css_animation=&#8221;bottom-to-top&#8221;]<div class=\"centered-box gem-image-centered-box\" ><div class=\"gem-image gem-wrapbox gem-wrapbox-style-default gem-wrapbox-position-centered lazy-loading  thegem-custom-69efc159c7eff8973\"  style=\"\" ><div class=\"gem-wrapbox-inner  lazy-loading-item\"  data-ll-effect=\"move-up\"><a href=\"https:\/\/thegeniusesgroup.com\/es\/wp-content\/uploads\/2022\/01\/evaluacion-de-talento.jpg\" class=\"fancybox\"><img class=\"gem-wrapbox-element img-responsive\" src=\"https:\/\/thegeniusesgroup.com\/es\/wp-content\/uploads\/2022\/01\/evaluacion-de-talento.jpg\" alt=\"\"\/><\/a><\/div><\/div><\/div>[\/vc_column][vc_column width=&#8221;1\/2&#8243;][vc_column_text css_animation=&#8221;bottom-to-top&#8221;]<\/p>\n<p style=\"text-align: justify;\">De todas las estrategias empresariales, la m\u00e1s importante es c\u00f3mo administrar a\u00a0<u>nuestro Activo m\u00e1s Valioso<\/u>:<\/p>\n<p style=\"text-align: justify;\"><b>NUESTRO TALENTO HUMANO!<\/b><\/p>\n<p style=\"text-align: justify;\">Es un imperativo para las normativas m\u00e1s utilizadas como ISO, una necesidad para las nuevas leyes como NOM 035, pero con o sin normativas o leyes, es un esencial para dirigir toda empresa.<\/p>\n<p style=\"text-align: justify;\">Por ello en <strong>The Geniuses Group<\/strong> le apoyamos con una Bater\u00eda de Pruebas Psicom\u00e9tricas para efectuar las evaluaciones anuales a su personal.\u00a0 No tiene tiempo para aplicarlas?\u00a0 No se preocupe, en <strong>The Geniuses Group <\/strong>tambi\u00e9n evaluamos a su personal por usted.<\/p>\n<p>[\/vc_column_text][\/vc_column][\/vc_row][vc_row][vc_column]<div class=\"clearboth\"><\/div><style>#thegem-divider-69efc159c860d {margin-top: 10px !important;}<\/style><div id=\"thegem-divider-69efc159c860d\" class=\"gem-divider  \" style=\"\" ><\/div>[\/vc_column][\/vc_row][vc_row full_width=&#8221;stretch_row_content_no_spaces&#8221; content_placement=&#8221;middle&#8221; parallax=&#8221;content-moving&#8221; css=&#8221;.vc_custom_1549636059513{margin-bottom: 0px !important;background-image: url(https:\/\/thegeniusesgroup.com\/es\/wp-content\/uploads\/2018\/11\/5.jpg?id=24031) !important;background-position: center;background-repeat: no-repeat;background-size:cover !important;}&#8221;][vc_column css_animation=&#8221;bottom-to-top&#8221;][vc_row_inner][vc_column_inner width=&#8221;1\/4&#8243; offset=&#8221;vc_hidden-xs&#8221;][\/vc_column_inner][vc_column_inner width=&#8221;1\/2&#8243;][vc_column_text]<\/p>\n<div class=\"col-lg-12 s_title s_col_no_bgcolor\" data-name=\"Title\">\n<h2 class=\"s_title_thin\" style=\"text-align: center;\"><span style=\"color: #ffffff;\">Realice s\u00f3lo Movimientos Estrat\u00e9gicos<\/span><\/h2>\n<\/div>\n<div class=\"col-lg-12 pt8 pb32 s_col_no_bgcolor styled-subtitle\" data-name=\"Text\">\n<p class=\"lead\" style=\"text-align: center;\"><span class=\"letter-spacing\" style=\"color: #e1e3e4;\">En The Geniuses Group despu\u00e9s de evaluar a su personal, le facilitaremos un Informe Detallado acerca de su personal, sus potencialidades y posibles riesgos, incluyendo la asesor\u00eda sobre c\u00f3mo tratar a cada uno individualmente seg\u00fan su personalidad y as\u00ed elevar la productividad, mejorar la gesti\u00f3n administrativa y evitar riesgos bajo presi\u00f3n.<\/span><\/p>\n<\/div>\n<p>[\/vc_column_text][\/vc_column_inner][vc_column_inner width=&#8221;1\/4&#8243;][\/vc_column_inner][\/vc_row_inner]<div class=\"clearboth\"><\/div><style>#thegem-divider-69efc159c8636 {margin-top: 40px !important;}<\/style><div id=\"thegem-divider-69efc159c8636\" class=\"gem-divider  \" style=\"\" ><\/div>[\/vc_column][\/vc_row][vc_row full_width=&#8221;stretch_row&#8221; css=&#8221;.vc_custom_1542372624155{background-color: #ffffff !important;}&#8221;][vc_column]<div id=\"fullwidth-block-69efc159c86e1\" class=\"fullwidth-block clearfix\"  style=\"\"><script type=\"text\/javascript\">if (typeof(gem_fix_fullwidth_position) == \"function\") { gem_fix_fullwidth_position(document.getElementById(\"fullwidth-block-69efc159c86e1\")); }<\/script><div class=\"fullwidth-block-inner\"><div class=\"container\">[vc_row_inner][vc_column_inner offset=&#8221;vc_hidden-xs&#8221;][vc_column_text css_animation=&#8221;bottom-to-top&#8221;]<\/p>\n<h4 style=\"text-align: center;\"><b>Seguro usted quiere saber:<\/b><\/h4>\n<p>[\/vc_column_text][\/vc_column_inner][\/vc_row_inner][vc_row_inner][vc_column_inner offset=&#8221;vc_hidden-xs&#8221;]<div class=\"clearboth\"><\/div><style>#thegem-divider-69efc159c8829 {margin-top: 15px !important;}<\/style><div id=\"thegem-divider-69efc159c8829\" class=\"gem-divider  \" style=\"\" ><\/div>[\/vc_column_inner][\/vc_row_inner][vc_row_inner content_placement=&#8221;middle&#8221; css=&#8221;.vc_custom_1645063789540{padding-left: 70px !important;}&#8221;][vc_column_inner width=&#8221;1\/2&#8243;]<div class=\"gem-list lazy-loading gem-list-type-checkbox gem-list-color-3\" ><ul>\n<li>\u00a0Qu\u00e9 colaboradores pueden trabajar bajo presi\u00f3n?<\/li>\n<li>\u00a0Qui\u00e9nes est\u00e1n orientados a la tarea y qui\u00e9nes a la relaci\u00f3n?<\/li>\n<li>\u00a0Qui\u00e9nes son automotivados y qui\u00e9nes necesitan incentivos externos?<\/li>\n<li>\u00a0Qui\u00e9nes tienen mayor capacidad de auto aprendizaje?<\/li>\n<li>\u00a0Qui\u00e9nes son m\u00e1s confiables? (M\u00e1s honestos)<\/li>\n<\/ul>\n<\/div>[\/vc_column_inner][vc_column_inner width=&#8221;1\/2&#8243;]<div class=\"gem-list lazy-loading gem-list-type-checkbox gem-list-color-3\" ><ul>\n<li class=\"lead\">Qu\u00e9 motiva a su gente?\u00a0 (El dinero, las relaciones, la pol\u00edtica o las normas)<\/li>\n<li class=\"lead\">Qui\u00e9nes son m\u00e1s adaptables?<\/li>\n<li class=\"lead\">Qui\u00e9nes son m\u00e1s ingeniosos?<\/li>\n<li class=\"lead\">Qui\u00e9nes son m\u00e1s estrictos?<\/li>\n<li class=\"lead\">Qui\u00e9nes presentan un riesgo, etc<\/li>\n<\/ul>\n<\/div>[\/vc_column_inner][\/vc_row_inner]<\/div><\/div><\/div><div class=\"clearboth\"><\/div><style>#thegem-divider-69efc159c8a66 {margin-top: 30px !important;}<\/style><div id=\"thegem-divider-69efc159c8a66\" class=\"gem-divider  \" style=\"\" ><\/div>[\/vc_column][\/vc_row]<\/p>\n<\/div>","protected":false},"excerpt":{"rendered":"<p>[vc_row full_width=&#8221;stretch_row&#8221; css=&#8221;.vc_custom_1542285465663{background-color: #ffffff !important;}&#8221;][vc_column css_animation=&#8221;bottom-to-top&#8221;][vc_row_inner][vc_column_inner offset=&#8221;vc_hidden-sm vc_hidden-xs&#8221;][\/vc_column_inner][\/vc_row_inner][vc_column_text] Estrategizamos Talento [\/vc_column_text][vc_text_separator title=&#8221;&#8221; i_type=&#8221;typicons&#8221; i_icon_typicons=&#8221;typcn typcn-lightbulb&#8221; i_color=&#8221;sky&#8221; el_width=&#8221;80&#8243; add_icon=&#8221;true&#8221;][vc_row_inner][vc_column_inner offset=&#8221;vc_hidden-xs&#8221;][\/vc_column_inner][\/vc_row_inner][\/vc_column][\/vc_row][vc_row full_width=&#8221;stretch_row&#8221;&#8230;<\/p>\n","protected":false},"author":1,"featured_media":0,"parent":0,"menu_order":0,"comment_status":"closed","ping_status":"closed","template":"","meta":{"footnotes":""},"class_list":["post-25237","page","type-page","status-publish"],"yoast_head":"<!-- This site is optimized with the Yoast SEO plugin v23.4 - https:\/\/yoast.com\/wordpress\/plugins\/seo\/ -->\n<title>Evaluaci\u00f3n de Talento - Geniuses Group LLC<\/title>\n<meta name=\"description\" content=\"Evaluaci\u00f3n de Talento\" \/>\n<meta name=\"robots\" content=\"index, follow, max-snippet:-1, max-image-preview:large, max-video-preview:-1\" \/>\n<link rel=\"canonical\" href=\"https:\/\/thegeniusesgroup.com\/es\/evaluacion-de-talento\/\" \/>\n<meta property=\"og:locale\" content=\"es_ES\" \/>\n<meta property=\"og:type\" content=\"article\" \/>\n<meta property=\"og:title\" content=\"Evaluaci\u00f3n de Talento - Geniuses Group LLC\" \/>\n<meta property=\"og:description\" content=\"Evaluaci\u00f3n de Talento\" \/>\n<meta property=\"og:url\" content=\"https:\/\/thegeniusesgroup.com\/es\/evaluacion-de-talento\/\" \/>\n<meta property=\"og:site_name\" content=\"Geniuses Group LLC\" \/>\n<meta property=\"article:modified_time\" content=\"2022-08-13T18:59:55+00:00\" \/>\n<meta name=\"twitter:card\" content=\"summary_large_image\" \/>\n<script type=\"application\/ld+json\" class=\"yoast-schema-graph\">{\"@context\":\"https:\/\/schema.org\",\"@graph\":[{\"@type\":\"WebPage\",\"@id\":\"https:\/\/thegeniusesgroup.com\/es\/evaluacion-de-talento\/\",\"url\":\"https:\/\/thegeniusesgroup.com\/es\/evaluacion-de-talento\/\",\"name\":\"Evaluaci\u00f3n de Talento - Geniuses Group LLC\",\"isPartOf\":{\"@id\":\"https:\/\/thegeniusesgroup.com\/es\/#website\"},\"datePublished\":\"2022-01-27T18:02:21+00:00\",\"dateModified\":\"2022-08-13T18:59:55+00:00\",\"description\":\"Evaluaci\u00f3n de Talento\",\"breadcrumb\":{\"@id\":\"https:\/\/thegeniusesgroup.com\/es\/evaluacion-de-talento\/#breadcrumb\"},\"inLanguage\":\"es\",\"potentialAction\":[{\"@type\":\"ReadAction\",\"target\":[\"https:\/\/thegeniusesgroup.com\/es\/evaluacion-de-talento\/\"]}]},{\"@type\":\"BreadcrumbList\",\"@id\":\"https:\/\/thegeniusesgroup.com\/es\/evaluacion-de-talento\/#breadcrumb\",\"itemListElement\":[{\"@type\":\"ListItem\",\"position\":1,\"name\":\"Home\",\"item\":\"https:\/\/thegeniusesgroup.com\/es\/\"},{\"@type\":\"ListItem\",\"position\":2,\"name\":\"Evaluaci\u00f3n de Talento\"}]},{\"@type\":\"WebSite\",\"@id\":\"https:\/\/thegeniusesgroup.com\/es\/#website\",\"url\":\"https:\/\/thegeniusesgroup.com\/es\/\",\"name\":\"Geniuses Group LLC\",\"description\":\"Tests, Training &amp; Technology\",\"publisher\":{\"@id\":\"https:\/\/thegeniusesgroup.com\/es\/#organization\"},\"alternateName\":\"Tests, Training & Trechnology\",\"potentialAction\":[{\"@type\":\"SearchAction\",\"target\":{\"@type\":\"EntryPoint\",\"urlTemplate\":\"https:\/\/thegeniusesgroup.com\/es\/?s={search_term_string}\"},\"query-input\":{\"@type\":\"PropertyValueSpecification\",\"valueRequired\":true,\"valueName\":\"search_term_string\"}}],\"inLanguage\":\"es\"},{\"@type\":\"Organization\",\"@id\":\"https:\/\/thegeniusesgroup.com\/es\/#organization\",\"name\":\"Geniuses Group LLC\",\"alternateName\":\"Tests, Training & Trechnology\",\"url\":\"https:\/\/thegeniusesgroup.com\/es\/\",\"logo\":{\"@type\":\"ImageObject\",\"inLanguage\":\"es\",\"@id\":\"https:\/\/thegeniusesgroup.com\/es\/#\/schema\/logo\/image\/\",\"url\":\"https:\/\/thegeniusesgroup.com\/es\/wp-content\/uploads\/2022\/01\/logo.jpg\",\"contentUrl\":\"https:\/\/thegeniusesgroup.com\/es\/wp-content\/uploads\/2022\/01\/logo.jpg\",\"width\":492,\"height\":143,\"caption\":\"Geniuses Group LLC\"},\"image\":{\"@id\":\"https:\/\/thegeniusesgroup.com\/es\/#\/schema\/logo\/image\/\"}}]}<\/script>\n<!-- \/ Yoast SEO plugin. -->","yoast_head_json":{"title":"Evaluaci\u00f3n de Talento - Geniuses Group LLC","description":"Evaluaci\u00f3n de Talento","robots":{"index":"index","follow":"follow","max-snippet":"max-snippet:-1","max-image-preview":"max-image-preview:large","max-video-preview":"max-video-preview:-1"},"canonical":"https:\/\/thegeniusesgroup.com\/es\/evaluacion-de-talento\/","og_locale":"es_ES","og_type":"article","og_title":"Evaluaci\u00f3n de Talento - Geniuses Group LLC","og_description":"Evaluaci\u00f3n de Talento","og_url":"https:\/\/thegeniusesgroup.com\/es\/evaluacion-de-talento\/","og_site_name":"Geniuses Group LLC","article_modified_time":"2022-08-13T18:59:55+00:00","twitter_card":"summary_large_image","schema":{"@context":"https:\/\/schema.org","@graph":[{"@type":"WebPage","@id":"https:\/\/thegeniusesgroup.com\/es\/evaluacion-de-talento\/","url":"https:\/\/thegeniusesgroup.com\/es\/evaluacion-de-talento\/","name":"Evaluaci\u00f3n de Talento - Geniuses Group LLC","isPartOf":{"@id":"https:\/\/thegeniusesgroup.com\/es\/#website"},"datePublished":"2022-01-27T18:02:21+00:00","dateModified":"2022-08-13T18:59:55+00:00","description":"Evaluaci\u00f3n de Talento","breadcrumb":{"@id":"https:\/\/thegeniusesgroup.com\/es\/evaluacion-de-talento\/#breadcrumb"},"inLanguage":"es","potentialAction":[{"@type":"ReadAction","target":["https:\/\/thegeniusesgroup.com\/es\/evaluacion-de-talento\/"]}]},{"@type":"BreadcrumbList","@id":"https:\/\/thegeniusesgroup.com\/es\/evaluacion-de-talento\/#breadcrumb","itemListElement":[{"@type":"ListItem","position":1,"name":"Home","item":"https:\/\/thegeniusesgroup.com\/es\/"},{"@type":"ListItem","position":2,"name":"Evaluaci\u00f3n de Talento"}]},{"@type":"WebSite","@id":"https:\/\/thegeniusesgroup.com\/es\/#website","url":"https:\/\/thegeniusesgroup.com\/es\/","name":"Geniuses Group LLC","description":"Tests, Training &amp; Technology","publisher":{"@id":"https:\/\/thegeniusesgroup.com\/es\/#organization"},"alternateName":"Tests, Training & Trechnology","potentialAction":[{"@type":"SearchAction","target":{"@type":"EntryPoint","urlTemplate":"https:\/\/thegeniusesgroup.com\/es\/?s={search_term_string}"},"query-input":{"@type":"PropertyValueSpecification","valueRequired":true,"valueName":"search_term_string"}}],"inLanguage":"es"},{"@type":"Organization","@id":"https:\/\/thegeniusesgroup.com\/es\/#organization","name":"Geniuses Group LLC","alternateName":"Tests, Training & Trechnology","url":"https:\/\/thegeniusesgroup.com\/es\/","logo":{"@type":"ImageObject","inLanguage":"es","@id":"https:\/\/thegeniusesgroup.com\/es\/#\/schema\/logo\/image\/","url":"https:\/\/thegeniusesgroup.com\/es\/wp-content\/uploads\/2022\/01\/logo.jpg","contentUrl":"https:\/\/thegeniusesgroup.com\/es\/wp-content\/uploads\/2022\/01\/logo.jpg","width":492,"height":143,"caption":"Geniuses Group LLC"},"image":{"@id":"https:\/\/thegeniusesgroup.com\/es\/#\/schema\/logo\/image\/"}}]}},"jetpack_sharing_enabled":true,"_links":{"self":[{"href":"https:\/\/thegeniusesgroup.com\/es\/wp-json\/wp\/v2\/pages\/25237"}],"collection":[{"href":"https:\/\/thegeniusesgroup.com\/es\/wp-json\/wp\/v2\/pages"}],"about":[{"href":"https:\/\/thegeniusesgroup.com\/es\/wp-json\/wp\/v2\/types\/page"}],"author":[{"embeddable":true,"href":"https:\/\/thegeniusesgroup.com\/es\/wp-json\/wp\/v2\/users\/1"}],"replies":[{"embeddable":true,"href":"https:\/\/thegeniusesgroup.com\/es\/wp-json\/wp\/v2\/comments?post=25237"}],"version-history":[{"count":0,"href":"https:\/\/thegeniusesgroup.com\/es\/wp-json\/wp\/v2\/pages\/25237\/revisions"}],"wp:attachment":[{"href":"https:\/\/thegeniusesgroup.com\/es\/wp-json\/wp\/v2\/media?parent=25237"}],"curies":[{"name":"wp","href":"https:\/\/api.w.org\/{rel}","templated":true}]}}