{"id":25253,"date":"2022-01-27T20:00:34","date_gmt":"2022-01-27T20:00:34","guid":{"rendered":"https:\/\/thegeniusesgroup.com\/es\/?page_id=25253"},"modified":"2022-08-13T19:11:48","modified_gmt":"2022-08-13T19:11:48","slug":"outplacement","status":"publish","type":"page","link":"https:\/\/thegeniusesgroup.com\/es\/outplacement\/","title":{"rendered":"OUTPLACEMENT"},"content":{"rendered":"<div class=\"wpb-content-wrapper\"><p>[vc_row full_width=&#8221;stretch_row&#8221; css=&#8221;.vc_custom_1654545862382{background-color: #ffffff !important;}&#8221;][vc_column css_animation=&#8221;bottom-to-top&#8221;][vc_row_inner][vc_column_inner offset=&#8221;vc_hidden-sm vc_hidden-xs&#8221;][vc_column_text]<\/p>\n<h2 style=\"text-align: center;\">OUTPLACEMENT COVID 19<\/h2>\n<p>[\/vc_column_text][vc_text_separator title=&#8221;&#8221; i_type=&#8221;typicons&#8221; i_icon_typicons=&#8221;typcn typcn-lightbulb&#8221; i_color=&#8221;sky&#8221; el_width=&#8221;80&#8243; add_icon=&#8221;true&#8221;][\/vc_column_inner][\/vc_row_inner][\/vc_column][\/vc_row][vc_row full_width=&#8221;stretch_row&#8221; css=&#8221;.vc_custom_1542286470121{background-color: #ffffff !important;}&#8221;][vc_column width=&#8221;1\/2&#8243; css_animation=&#8221;bottom-to-top&#8221;][vc_column_text css_animation=&#8221;none&#8221;]<\/p>\n<p style=\"font-weight: 400; text-align: justify;\">El tema que ninguna empresa quisiera tratar, pero entre m\u00e1s pronto se tomen acciones a este respecto, se podr\u00e1n minimizar las repercusiones para la empresa y para sus valiosos colaboradores que en estos momentos se ven en la necesidad de despedir.<\/p>\n<p style=\"font-weight: 400;\">Existen al menos dos razones poderosas para brindarle este servicio a nuestros colaboradores:<\/p>\n<ol>\n<li style=\"font-weight: 400;\">\u00a0 Por responsabilidad social empresarial<\/li>\n<li style=\"font-weight: 400;\">\u00a0Por prestigio de la empresa<\/li>\n<\/ol>\n<p>[\/vc_column_text][\/vc_column][vc_column width=&#8221;1\/2&#8243;][vc_column_text css_animation=&#8221;bottom-to-top&#8221;]<\/p>\n<p style=\"font-weight: 400; text-align: justify;\">Podr\u00eda pensar que en estos momentos es muy dif\u00edcil reinsertar al mercado laboral a una cantidad de colaboradores, mientras muchas empresas est\u00e1n despidiendo al mismo tiempo, en parte tiene raz\u00f3n, pero\u00a0\u00a0<u>no tiene por qu\u00e9 ser as\u00ed\u00a0<\/u>, y le explico por qu\u00e9:<\/p>\n<ol>\n<li style=\"font-weight: 400;\">\u00a0S\u00ed habr\u00e1 empleo, s\u00f3lo que temporalmente bajar\u00e1n los salarios y tomar\u00e1 m\u00e1s tiempo reinsertarse<\/li>\n<li style=\"font-weight: 400;\">Desaparecer\u00e1n algunas fuentes de empleo, pero\u00a0 <u>tambi\u00e9n surgir\u00e1n nuevas fuentes de empleo<\/u><\/li>\n<li style=\"font-weight: 400;\">\u00a0Hoy en d\u00eda existe mucha capacitaci\u00f3n virtual gratuita y\u00a0 <u>las personas correctamente dispuestas pueden aprender\u00a0 \u00a0 prontamente nuevas destrezas que maximicen su oportunidad de obtener un empleo nuevo<\/u><\/li>\n<li style=\"font-weight: 400;\">\u00a0La \u00fanica opci\u00f3n no es la reinserci\u00f3n laboral,\u00a0 <u>el despido puede ser el motor que impulse a los colaboradores al EMPRENIMIENTO<\/u><\/li>\n<li style=\"font-weight: 400;\">\u00a0<u>Se han abierto sustancialmente las oportunidades freelance y home office<\/u><\/li>\n<\/ol>\n<p>[\/vc_column_text][\/vc_column][\/vc_row][vc_row full_width=&#8221;stretch_row_content_no_spaces&#8221; equal_height=&#8221;yes&#8221; content_placement=&#8221;middle&#8221; css=&#8221;.vc_custom_1542290658823{margin-bottom: 0px !important;padding-bottom: 0px !important;}&#8221;][vc_column disable_custom_paddings_tablet=&#8221;true&#8221; disable_custom_paddings_mobile=&#8221;true&#8221; css=&#8221;.vc_custom_1542290229812{padding-right: 110px !important;padding-left: 110px !important;}&#8221;]<div id=\"fullwidth-block-69ef9fa284691\" class=\"fullwidth-block clearfix\"  style=\"\"><script type=\"text\/javascript\">if (typeof(gem_fix_fullwidth_position) == \"function\") { gem_fix_fullwidth_position(document.getElementById(\"fullwidth-block-69ef9fa284691\")); }<\/script><div class=\"fullwidth-block-inner\"><div class=\"container\">[vc_row_inner][vc_column_inner]<div class=\"clearboth\"><\/div><style>#thegem-divider-69ef9fa28470c {margin-top: 50px !important;}<\/style><div id=\"thegem-divider-69ef9fa28470c\" class=\"gem-divider  \" style=\"\" ><\/div>[vc_column_text css_animation=&#8221;bottom-to-top&#8221;]<\/p>\n<p style=\"font-weight: 400; text-align: justify;\">Permite determinar si la persona evaluada posee las competencias laborales id\u00f3neas para un determinado puesto o bien la personalidad para desempe\u00f1arse en una profesi\u00f3n determinada.Se provee el informe de resultados interpretado y adicionalmente se provee un informe asesorado basado en combinaciones b\u00e1sicas de comportamiento, anticipando las fortalezas y debilidades del candidato al estar bajo presi\u00f3n.<\/p>\n<p style=\"font-weight: 400; text-align: justify;\">Fortalezas y Debilidades seg\u00fan Dominancias y Personalidad del Individuo (ver la gr\u00e1fica de arriba)<\/p>\n<p style=\"font-weight: 400; text-align: justify;\">Claro, la prioridad de su empresa en estos momentos no es dedicarse a realizar programas empoderamiento para sus futuros ex empleados, es razonable, porque\u00a0\u00a0<b><strong><u>las prioridades de las empresas son que SIGAN EXISTIENDO y logren salvar cuantos puestos de trabajo sea posible, al tiempo que mantienen su rentabilidad y toman contingencias debido a la disminuci\u00f3n de ventas\u00a0<\/u><\/strong><\/b>, es comprensible y no hay que sentir culpa por esto.<\/p>\n<p style=\"font-weight: 400; text-align: justify;\">Sin embargo, como dije al principio existe la conciencia social empresarial y hay un prestigio empresarial que cuidar,\u00a0\u00a0<em>por ello necesita que terceros que nos dedicamos a estos Programas de Outplacement le apoyemos\u00a0<\/em>\u00a0y por supuesto ser\u00e1 un gusto hacerlo.<\/p>\n<p style=\"font-weight: 400; text-align: justify;\">Entiendo si cree que en estos momentos podr\u00eda ser dif\u00edcil invertir en estos servicios, pero le aseguramos que son programas muy asequibles que pueden salir de su provisi\u00f3n para pasivo laboral, es decir que su impacto financiero sea cero o casi cero, cons\u00faltenos sin compromiso.<\/p>\n<p style=\"font-weight: 400; text-align: justify;\">Est\u00e1 bien si deciden implementar ustedes mismos los programas que arriba describimos, en cuyo caso, tambi\u00e9n le podemos apoyar con consultor\u00eda sobre c\u00f3mo implementar por ustedes mismos dichos programas.<\/p>\n<p style=\"font-weight: 400; text-align: justify;\">Nuestra recomendaci\u00f3n es que si en su empresa se ven en la necesidad de despedir personal, que eviten limitarse a despedirlos,\u00a0\u00a0<b><strong>nuestros colaboradores como usted bien lo sabe, son personas con necesidades, sentimientos, inquietudes,\u00a0<\/strong><\/b>\u00a0que necesitar\u00e1n tanto del dinero que no van a percibir por un tiempo, como de empoderamiento personal que les ayude a canalizar sus emociones de incertidumbre, as\u00ed como ense\u00f1arles otras v\u00edas de generar ingresos y\/o de reinsertarse al mercado laboral lo m\u00e1s pronto posible,\u00a0\u00a0<em>recuerde que estas acciones se regresar\u00e1n con creces a su empresa.<\/em><\/p>\n<p>[\/vc_column_text]<div class=\"clearboth\"><\/div><style>#thegem-divider-69ef9fa284737 {margin-top: 50px !important;}<\/style><div id=\"thegem-divider-69ef9fa284737\" class=\"gem-divider  \" style=\"\" ><\/div>[\/vc_column_inner][\/vc_row_inner]<\/div><\/div><\/div>[\/vc_column][\/vc_row][vc_row full_width=&#8221;stretch_row&#8221; equal_height=&#8221;yes&#8221; css=&#8221;.vc_custom_1645458027986{background-color: #eef3f1 !important;}&#8221;][vc_column css=&#8221;.vc_custom_1645457526235{background-color: #eef3f1 !important;}&#8221;]<div class=\"clearboth\"><\/div><style>#thegem-divider-69ef9fa284761 {margin-top: 30px !important;}<\/style><div id=\"thegem-divider-69ef9fa284761\" class=\"gem-divider  \" style=\"\" ><\/div>[vc_column_text css_animation=&#8221;bottom-to-top&#8221;]<\/p>\n<p style=\"font-weight: 400;\">Nuestro deseo es que no necesiten despedir a nadie, y si s\u00ed necesitan hacerlo que sea a la menor cantidad posible y que los apoyes tanto como est\u00e9 a su alcance.<\/p>\n<p style=\"font-weight: 400;\">A continuaci\u00f3n, listamos algunas de las formas en que en <strong>The Geniuses Group <\/strong>podemos apoyarle con el Outplacement para sus colaboradores:<\/p>\n<ol>\n<li style=\"font-weight: 400;\">Evaluarlos, concientizarlos de sus competencias y puntos de mejora, ense\u00f1arles a competir por un empleo y abrirles oportunidades de fuentes de empleo<\/li>\n<li style=\"font-weight: 400;\">Conferencias\/Cursos\/Talleres de Administraci\u00f3n de las Emociones y Empoderamiento Personal en \u00c9poca de Retos<\/li>\n<li style=\"font-weight: 400;\">\u00a0Conferencias\/Cursos\/Talleres de Emprendimiento Estrat\u00e9gico para que puedan invertir el dinero de su liquidaci\u00f3n en emprender su propio negocio<\/li>\n<li style=\"font-weight: 400;\">Conferencias\/Cursos\/Talleres de Auto Empoderamiento Personal, orientado a volver a los colaboradores autodidactas utilizando recursos gratuitos o de bajo costo<\/li>\n<li style=\"font-weight: 400;\">Consultor\u00eda y Capacitaci\u00f3n sobre c\u00f3mo emprender programas Freelance y Home Office, trabajo orientado a resultados, para ambas partes Empleador y Facilitador de Servicios.<\/li>\n<\/ol>\n<p style=\"font-weight: 400;\">Como decimos arriba estos programas los pueden implementar por ustedes mismos y tambi\u00e9n puede contar con nuestro apoyo, total o parcialmente usted decide, cons\u00faltenos sin compromiso escribi\u00e9ndonos.<\/p>\n<p>[\/vc_column_text]<div class=\"clearboth\"><\/div><style>#thegem-divider-69ef9fa284773 {margin-top: 30px !important;}<\/style><div id=\"thegem-divider-69ef9fa284773\" class=\"gem-divider  \" style=\"\" ><\/div>[\/vc_column][\/vc_row]<\/p>\n<\/div>","protected":false},"excerpt":{"rendered":"<p>[vc_row full_width=&#8221;stretch_row&#8221; css=&#8221;.vc_custom_1654545862382{background-color: #ffffff !important;}&#8221;][vc_column css_animation=&#8221;bottom-to-top&#8221;][vc_row_inner][vc_column_inner offset=&#8221;vc_hidden-sm vc_hidden-xs&#8221;][vc_column_text] OUTPLACEMENT COVID 19 [\/vc_column_text][vc_text_separator title=&#8221;&#8221; i_type=&#8221;typicons&#8221; i_icon_typicons=&#8221;typcn typcn-lightbulb&#8221; i_color=&#8221;sky&#8221; el_width=&#8221;80&#8243; add_icon=&#8221;true&#8221;][\/vc_column_inner][\/vc_row_inner][\/vc_column][\/vc_row][vc_row full_width=&#8221;stretch_row&#8221;&#8230;<\/p>\n","protected":false},"author":1,"featured_media":0,"parent":0,"menu_order":0,"comment_status":"closed","ping_status":"closed","template":"","meta":{"footnotes":""},"class_list":["post-25253","page","type-page","status-publish"],"yoast_head":"<!-- This site is optimized with the Yoast SEO plugin v23.4 - https:\/\/yoast.com\/wordpress\/plugins\/seo\/ -->\n<title>OUTPLACEMENT - Geniuses Group LLC<\/title>\n<meta name=\"description\" content=\"OUTPLACEMENT\" \/>\n<meta name=\"robots\" content=\"index, follow, max-snippet:-1, max-image-preview:large, max-video-preview:-1\" \/>\n<link rel=\"canonical\" href=\"https:\/\/thegeniusesgroup.com\/es\/outplacement\/\" \/>\n<meta property=\"og:locale\" content=\"es_ES\" \/>\n<meta property=\"og:type\" content=\"article\" \/>\n<meta property=\"og:title\" content=\"OUTPLACEMENT - Geniuses Group LLC\" \/>\n<meta property=\"og:description\" content=\"OUTPLACEMENT\" \/>\n<meta property=\"og:url\" content=\"https:\/\/thegeniusesgroup.com\/es\/outplacement\/\" \/>\n<meta property=\"og:site_name\" content=\"Geniuses Group LLC\" \/>\n<meta property=\"article:modified_time\" content=\"2022-08-13T19:11:48+00:00\" \/>\n<meta name=\"twitter:card\" content=\"summary_large_image\" \/>\n<script type=\"application\/ld+json\" class=\"yoast-schema-graph\">{\"@context\":\"https:\/\/schema.org\",\"@graph\":[{\"@type\":\"WebPage\",\"@id\":\"https:\/\/thegeniusesgroup.com\/es\/outplacement\/\",\"url\":\"https:\/\/thegeniusesgroup.com\/es\/outplacement\/\",\"name\":\"OUTPLACEMENT - Geniuses Group LLC\",\"isPartOf\":{\"@id\":\"https:\/\/thegeniusesgroup.com\/es\/#website\"},\"datePublished\":\"2022-01-27T20:00:34+00:00\",\"dateModified\":\"2022-08-13T19:11:48+00:00\",\"description\":\"OUTPLACEMENT\",\"breadcrumb\":{\"@id\":\"https:\/\/thegeniusesgroup.com\/es\/outplacement\/#breadcrumb\"},\"inLanguage\":\"es\",\"potentialAction\":[{\"@type\":\"ReadAction\",\"target\":[\"https:\/\/thegeniusesgroup.com\/es\/outplacement\/\"]}]},{\"@type\":\"BreadcrumbList\",\"@id\":\"https:\/\/thegeniusesgroup.com\/es\/outplacement\/#breadcrumb\",\"itemListElement\":[{\"@type\":\"ListItem\",\"position\":1,\"name\":\"Home\",\"item\":\"https:\/\/thegeniusesgroup.com\/es\/\"},{\"@type\":\"ListItem\",\"position\":2,\"name\":\"OUTPLACEMENT\"}]},{\"@type\":\"WebSite\",\"@id\":\"https:\/\/thegeniusesgroup.com\/es\/#website\",\"url\":\"https:\/\/thegeniusesgroup.com\/es\/\",\"name\":\"Geniuses Group LLC\",\"description\":\"Tests, Training &amp; Technology\",\"publisher\":{\"@id\":\"https:\/\/thegeniusesgroup.com\/es\/#organization\"},\"alternateName\":\"Tests, Training & Trechnology\",\"potentialAction\":[{\"@type\":\"SearchAction\",\"target\":{\"@type\":\"EntryPoint\",\"urlTemplate\":\"https:\/\/thegeniusesgroup.com\/es\/?s={search_term_string}\"},\"query-input\":{\"@type\":\"PropertyValueSpecification\",\"valueRequired\":true,\"valueName\":\"search_term_string\"}}],\"inLanguage\":\"es\"},{\"@type\":\"Organization\",\"@id\":\"https:\/\/thegeniusesgroup.com\/es\/#organization\",\"name\":\"Geniuses Group LLC\",\"alternateName\":\"Tests, Training & Trechnology\",\"url\":\"https:\/\/thegeniusesgroup.com\/es\/\",\"logo\":{\"@type\":\"ImageObject\",\"inLanguage\":\"es\",\"@id\":\"https:\/\/thegeniusesgroup.com\/es\/#\/schema\/logo\/image\/\",\"url\":\"https:\/\/thegeniusesgroup.com\/es\/wp-content\/uploads\/2022\/01\/logo.jpg\",\"contentUrl\":\"https:\/\/thegeniusesgroup.com\/es\/wp-content\/uploads\/2022\/01\/logo.jpg\",\"width\":492,\"height\":143,\"caption\":\"Geniuses Group LLC\"},\"image\":{\"@id\":\"https:\/\/thegeniusesgroup.com\/es\/#\/schema\/logo\/image\/\"}}]}<\/script>\n<!-- \/ Yoast SEO plugin. -->","yoast_head_json":{"title":"OUTPLACEMENT - Geniuses Group LLC","description":"OUTPLACEMENT","robots":{"index":"index","follow":"follow","max-snippet":"max-snippet:-1","max-image-preview":"max-image-preview:large","max-video-preview":"max-video-preview:-1"},"canonical":"https:\/\/thegeniusesgroup.com\/es\/outplacement\/","og_locale":"es_ES","og_type":"article","og_title":"OUTPLACEMENT - Geniuses Group LLC","og_description":"OUTPLACEMENT","og_url":"https:\/\/thegeniusesgroup.com\/es\/outplacement\/","og_site_name":"Geniuses Group LLC","article_modified_time":"2022-08-13T19:11:48+00:00","twitter_card":"summary_large_image","schema":{"@context":"https:\/\/schema.org","@graph":[{"@type":"WebPage","@id":"https:\/\/thegeniusesgroup.com\/es\/outplacement\/","url":"https:\/\/thegeniusesgroup.com\/es\/outplacement\/","name":"OUTPLACEMENT - Geniuses Group LLC","isPartOf":{"@id":"https:\/\/thegeniusesgroup.com\/es\/#website"},"datePublished":"2022-01-27T20:00:34+00:00","dateModified":"2022-08-13T19:11:48+00:00","description":"OUTPLACEMENT","breadcrumb":{"@id":"https:\/\/thegeniusesgroup.com\/es\/outplacement\/#breadcrumb"},"inLanguage":"es","potentialAction":[{"@type":"ReadAction","target":["https:\/\/thegeniusesgroup.com\/es\/outplacement\/"]}]},{"@type":"BreadcrumbList","@id":"https:\/\/thegeniusesgroup.com\/es\/outplacement\/#breadcrumb","itemListElement":[{"@type":"ListItem","position":1,"name":"Home","item":"https:\/\/thegeniusesgroup.com\/es\/"},{"@type":"ListItem","position":2,"name":"OUTPLACEMENT"}]},{"@type":"WebSite","@id":"https:\/\/thegeniusesgroup.com\/es\/#website","url":"https:\/\/thegeniusesgroup.com\/es\/","name":"Geniuses Group LLC","description":"Tests, Training &amp; Technology","publisher":{"@id":"https:\/\/thegeniusesgroup.com\/es\/#organization"},"alternateName":"Tests, Training & Trechnology","potentialAction":[{"@type":"SearchAction","target":{"@type":"EntryPoint","urlTemplate":"https:\/\/thegeniusesgroup.com\/es\/?s={search_term_string}"},"query-input":{"@type":"PropertyValueSpecification","valueRequired":true,"valueName":"search_term_string"}}],"inLanguage":"es"},{"@type":"Organization","@id":"https:\/\/thegeniusesgroup.com\/es\/#organization","name":"Geniuses Group LLC","alternateName":"Tests, Training & Trechnology","url":"https:\/\/thegeniusesgroup.com\/es\/","logo":{"@type":"ImageObject","inLanguage":"es","@id":"https:\/\/thegeniusesgroup.com\/es\/#\/schema\/logo\/image\/","url":"https:\/\/thegeniusesgroup.com\/es\/wp-content\/uploads\/2022\/01\/logo.jpg","contentUrl":"https:\/\/thegeniusesgroup.com\/es\/wp-content\/uploads\/2022\/01\/logo.jpg","width":492,"height":143,"caption":"Geniuses Group LLC"},"image":{"@id":"https:\/\/thegeniusesgroup.com\/es\/#\/schema\/logo\/image\/"}}]}},"jetpack_sharing_enabled":true,"_links":{"self":[{"href":"https:\/\/thegeniusesgroup.com\/es\/wp-json\/wp\/v2\/pages\/25253"}],"collection":[{"href":"https:\/\/thegeniusesgroup.com\/es\/wp-json\/wp\/v2\/pages"}],"about":[{"href":"https:\/\/thegeniusesgroup.com\/es\/wp-json\/wp\/v2\/types\/page"}],"author":[{"embeddable":true,"href":"https:\/\/thegeniusesgroup.com\/es\/wp-json\/wp\/v2\/users\/1"}],"replies":[{"embeddable":true,"href":"https:\/\/thegeniusesgroup.com\/es\/wp-json\/wp\/v2\/comments?post=25253"}],"version-history":[{"count":0,"href":"https:\/\/thegeniusesgroup.com\/es\/wp-json\/wp\/v2\/pages\/25253\/revisions"}],"wp:attachment":[{"href":"https:\/\/thegeniusesgroup.com\/es\/wp-json\/wp\/v2\/media?parent=25253"}],"curies":[{"name":"wp","href":"https:\/\/api.w.org\/{rel}","templated":true}]}}