{"id":25321,"date":"2022-01-28T18:48:08","date_gmt":"2022-01-28T18:48:08","guid":{"rendered":"https:\/\/thegeniusesgroup.com\/es\/?page_id=25321"},"modified":"2022-03-16T19:06:39","modified_gmt":"2022-03-16T19:06:39","slug":"genero","status":"publish","type":"page","link":"https:\/\/thegeniusesgroup.com\/es\/genero\/","title":{"rendered":"Genero"},"content":{"rendered":"<div class=\"wpb-content-wrapper\"><p>[vc_row][vc_column offset=&#8221;vc_hidden-sm vc_hidden-xs&#8221;]<div class=\"clearboth\"><\/div><style>#thegem-divider-69ef9fa9cac82 {margin-top: 40px !important;}<\/style><div id=\"thegem-divider-69ef9fa9cac82\" class=\"gem-divider  \" style=\"\" ><\/div>[vc_column_text]<\/p>\n<h2 style=\"text-align: center;\">Four J&#8217;s Genero Partner<\/h2>\n<h3 style=\"text-align: center;\">Somos Representes en la Regi\u00f3n CA y Caribe<\/h3>\n<h3 class=\"text-muted\"><\/h3>\n<p>[\/vc_column_text][vc_text_separator title=&#8221;&#8221; i_type=&#8221;typicons&#8221; i_icon_typicons=&#8221;typcn typcn-lightbulb&#8221; i_color=&#8221;sky&#8221; el_width=&#8221;80&#8243; add_icon=&#8221;true&#8221;][\/vc_column][\/vc_row][vc_row][vc_column width=&#8221;1\/3&#8243;]<div class=\"lazy-loading\" data-ll-item-delay=\"0\"><div class=\"gem-textbox  lazy-loading-item centered-box\"  data-ll-effect=\"move-up\" ><div class=\"gem-textbox-top gem-textbox-top-note-1\"><svg width=\"100%\" height=\"31\" style=\"fill: #f4f6f7;\"><defs><pattern id=\"pattern-1777311657-74\" x=\"11\" y=\"0\" width=\"23\" height=\"32\" patternUnits=\"userSpaceOnUse\" ><path d=\"M20,9h3V0H0v9h3c2.209,0,4,1.791,4,4v6c0,2.209-1.791,4-4,4H0v9h23v-9h-3c-2.209,0-4-1.791-4-4v-6C16,10.791,17.791,9,20,9z\" \/><\/pattern><\/defs><rect x=\"0\" y=\"0\" width=\"100%\" height=\"32\" style=\"fill: url(#pattern-1777311657-74);\" \/><\/svg><\/div><div class=\"gem-textbox-picture centered-box\"><img src=\"https:\/\/thegeniusesgroup.com\/es\/wp-content\/uploads\/2022\/01\/s01.png\" alt=\"\" class=\"img-responsive\" \/><\/div><div class=\"gem-textbox-inner gem-textbox-after-image\" style=\"\"><div class=\"gem-textbox-content\" style=\"background-color: #f4f6f7;background-position: center top;\"><div class=\"clearboth\"><\/div><style>#thegem-divider-69ef9fa9cb0d2 {margin-top: 25px !important;}<\/style><div id=\"thegem-divider-69ef9fa9cb0d2\" class=\"gem-divider  \" style=\"\" ><\/div>[vc_column_text]<\/p>\n<h4 class=\"mt32 text-center\" style=\"text-align: center;\"><strong>Genero Enterprise<\/strong><\/h4>\n<p>[\/vc_column_text][vc_column_text]<\/p>\n<p><strong>Business Application Modeller.\u00a0<\/strong>Model application workflow, database schemas and user interfaces in minutes.<\/p>\n<p><strong>Code Editor.\u00a0\u00a0<\/strong>Insert custom business logic with syntax completion, syntax coloring, real-time syntax and semantic error checking, and code template management.<\/p>\n<p><strong>Debugger.\u00a0<\/strong>Step through source code line by line, set breakpoints, examine data, and view trace backs.<\/p>\n<p><strong>Forms Designer.\u00a0<\/strong>Draw on your project\u2019s database schemas for database-aware apps in seconds.<\/p>\n<p><strong>Code analyser.<\/strong>\u00a0Pinpoint \u201chot spots\u201d, dead ends and neverending loops in your source code.<\/p>\n<p><strong>Project Manager.<\/strong>\u00a0Maintain apps in a convenient, collapsible hierarchical tree that are ready to edit, build, debug, and execute. Node identity cards document the purpose, schema, source location, files, and references of every program and library, along with the time stamp and status of every file.<\/p>\n<p><strong>Subversion.<\/strong>\u00a0Work standalone or in groups, locally or remotely using a unique graphical implementation of Subversion.<\/p>\n<p><strong>Cross-platform.<\/strong>\u00a0Create XML-based platform independent user interfaces for\u00a0<strong>HTML5<\/strong>,\u00a0<strong>Linux<\/strong>,\u00a0<strong>MAC OSX<\/strong>,\u00a0<strong>Windows<\/strong>,\u00a0<strong>iOS<\/strong>and\u00a0<strong>Android<\/strong>. Support the most popular industry-leading databases:\u00a0<strong>IBM DB2<\/strong>,\u00a0<strong>IBM Informix<\/strong>,\u00a0<strong>MS SQL Server<\/strong>,\u00a0<strong>MySQL<\/strong>,\u00a0<strong>Oracle<\/strong>,\u00a0<strong>Sybase<\/strong>,\u00a0<strong>PostgreSQL<\/strong>\u00a0 and operating systems:\u00a0<strong>HP UX<\/strong>,\u00a0<strong>IBM AIX<\/strong>,\u00a0<strong>Linux<\/strong>,\u00a0<strong>Mac<\/strong>\u00a0<strong>OSX<\/strong>,\u00a0<strong>Oracle Solaris<\/strong>and\u00a0<strong>Windows<\/strong>.<\/p>\n<p><strong>Separate code and presentation.<\/strong>\u00a0Translate text via external catalogs without accessing source code.[\/vc_column_text]<\/div><\/div><\/div><\/div>[\/vc_column][vc_column width=&#8221;1\/3&#8243;]<div class=\"lazy-loading\" data-ll-item-delay=\"0\"><div class=\"gem-textbox  lazy-loading-item centered-box\"  data-ll-effect=\"move-up\" ><div class=\"gem-textbox-top gem-textbox-top-note-1\"><svg width=\"100%\" height=\"31\" style=\"fill: #f4f6f7;\"><defs><pattern id=\"pattern-1777311657-45\" x=\"11\" y=\"0\" width=\"23\" height=\"32\" patternUnits=\"userSpaceOnUse\" ><path d=\"M20,9h3V0H0v9h3c2.209,0,4,1.791,4,4v6c0,2.209-1.791,4-4,4H0v9h23v-9h-3c-2.209,0-4-1.791-4-4v-6C16,10.791,17.791,9,20,9z\" \/><\/pattern><\/defs><rect x=\"0\" y=\"0\" width=\"100%\" height=\"32\" style=\"fill: url(#pattern-1777311657-45);\" \/><\/svg><\/div><div class=\"gem-textbox-picture centered-box\"><img src=\"https:\/\/thegeniusesgroup.com\/es\/wp-content\/uploads\/2022\/01\/s02.png\" alt=\"\" class=\"img-responsive\" \/><\/div><div class=\"gem-textbox-inner gem-textbox-after-image\" style=\"\"><div class=\"gem-textbox-content\" style=\"background-color: #f4f6f7;background-position: center top;\"><div class=\"clearboth\"><\/div><style>#thegem-divider-69ef9fa9cb505 {margin-top: 25px !important;}<\/style><div id=\"thegem-divider-69ef9fa9cb505\" class=\"gem-divider  \" style=\"\" ><\/div>[vc_column_text]<\/p>\n<h4 style=\"text-align: center;\"><strong>Genero Mobile<\/strong><\/h4>\n<p>[\/vc_column_text][vc_column_text]<strong>Smartphones &amp; tablets.\u00a0<\/strong>Apps resize to fit the device\u2019s available screen real estate. Tablet split-screens become swipeable smartphone panes automatically without the need for specific coding.<strong><br \/>\n<\/strong><\/p>\n<p><strong>iOS &amp; Android.\u00a0<\/strong>Abstract code hides OS complexities and compiles to both iOS .ipa and Android .apk formats without modification.<strong><br \/>\n<\/strong><\/p>\n<p><strong>Native ergonomics &amp; performance.\u00a0<\/strong>Apps seamlessly access native APIs to interact with peripherals and faithfully reproduce widget and gesture controls of the target platform.<strong><br \/>\n<\/strong><\/p>\n<p><strong>(Dis)connected modes.\u00a0<\/strong>Apps run with or without a network connection via the on-board Genero virtual machine.\u00a0<strong><br \/>\n<\/strong><\/p>\n<p><strong>Embedded SQLite.\u00a0<\/strong>Apps can store offline data captured by the device to SQLite and sync. to back-end servers when the network is restored.<\/p>\n<p><strong>RESTful Web services.\u00a0<\/strong>Apps sync. with back-end servers or dialog with Internet business services using JSON or XML Web services.<strong><br \/>\n<\/strong><\/p>\n<p><strong>UTF-8.\u00a0<\/strong>Genero makes use of the \u2018<strong>U<\/strong>niversal Coded Character Set +\u00a0<strong>T<\/strong>ransformation\u00a0<strong>F<\/strong>ormat\u2014<strong>8<\/strong>-bit\u2019 character encoding, which translates all possible characters into Unicode. UTF-8 has become the dominant character encoding for the World Wide Web and is especially important for supporting Oriental character sets.[\/vc_column_text]<\/div><\/div><\/div><\/div>[\/vc_column][vc_column width=&#8221;1\/3&#8243;]<div class=\"lazy-loading\" data-ll-item-delay=\"0\"><div class=\"gem-textbox  lazy-loading-item centered-box\"  data-ll-effect=\"move-up\" ><div class=\"gem-textbox-top gem-textbox-top-note-1\"><svg width=\"100%\" height=\"31\" style=\"fill: #f4f6f7;\"><defs><pattern id=\"pattern-1777311657-79\" x=\"11\" y=\"0\" width=\"23\" height=\"32\" patternUnits=\"userSpaceOnUse\" ><path d=\"M20,9h3V0H0v9h3c2.209,0,4,1.791,4,4v6c0,2.209-1.791,4-4,4H0v9h23v-9h-3c-2.209,0-4-1.791-4-4v-6C16,10.791,17.791,9,20,9z\" \/><\/pattern><\/defs><rect x=\"0\" y=\"0\" width=\"100%\" height=\"32\" style=\"fill: url(#pattern-1777311657-79);\" \/><\/svg><\/div><div class=\"gem-textbox-picture centered-box\"><img src=\"https:\/\/thegeniusesgroup.com\/es\/wp-content\/uploads\/2022\/01\/s03.png\" alt=\"\" class=\"img-responsive\" \/><\/div><div class=\"gem-textbox-inner gem-textbox-after-image\" style=\"\"><div class=\"gem-textbox-content\" style=\"background-color: #f4f6f7;background-position: center top;\"><div class=\"clearboth\"><\/div><style>#thegem-divider-69ef9fa9cb8f6 {margin-top: 25px !important;}<\/style><div id=\"thegem-divider-69ef9fa9cb8f6\" class=\"gem-divider  \" style=\"\" ><\/div>[vc_column_text]<\/p>\n<h4 class=\"mt32 text-center\" style=\"text-align: center;\"><strong>Genero Report Writer for BDL<\/strong><\/h4>\n<p>[\/vc_column_text][vc_column_text]<\/p>\n<div class=\"flex_column av_one_third flex_column_div av-zero-column-padding avia-builder-el-12 el_after_av_one_third el_before_av_one_third \">\n<p><strong>Enterprise reports. <\/strong>Create rich layouts supporting enterprise features found in products orders of magnitude more expensive; page and group headers, smart page-breaks, running totals, charts, images, fonts, bar-codes, vector graphics, and tables.<\/p>\n<p><strong>High speed, high volume.<\/strong>Stream high-volume, multi-source graphic reports comprising complex, nested data structures. No matter how long your report is \u2013 just a few pages or thousands \u2013 the streamed output will always start printing in a matter of seconds.<\/div>\n<div class=\"flex_column av_one_third flex_column_div av-zero-column-padding avia-builder-el-21 el_after_av_one_third avia-builder-el-last \">\n<section class=\"av_textblock_section\">\n<div class=\"avia_textblock \">\n<p><strong>Seamless integration.<\/strong>\u00a0Embed reports into Java, PHP, C# or Cobol applications. Strong data typing validates incompatibilities between data sources and report designs immediately at compile time, avoiding runtime errors that would otherwise frustrate users and waste valuable developer time.<\/p>\n<p><strong>Save time and resources.<\/strong>Increase report production significantly by empowering end-users to create their own dynamic reports from existing templates. By allowing end-users to safely customize templates themselves, you\u2019ll significantly reduce the overall number of reports to manage and free scarce developer resources for more value-added feature development.<\/div>\n<\/section>\n<\/div>\n<p>[\/vc_column_text]<\/div><\/div><\/div><\/div>[\/vc_column][\/vc_row][vc_row][vc_column offset=&#8221;vc_hidden-sm vc_hidden-xs&#8221;]<div id=\"fullwidth-block-69ef9fa9cb945\" class=\"fullwidth-block clearfix\"  style=\"\"><script type=\"text\/javascript\">if (typeof(gem_fix_fullwidth_position) == \"function\") { gem_fix_fullwidth_position(document.getElementById(\"fullwidth-block-69ef9fa9cb945\")); }<\/script><div class=\"fullwidth-block-inner\"><div class=\"container\"><div class=\"clearboth\"><\/div><style>#thegem-divider-69ef9fa9cb9bb {margin-top: 90px !important;}<\/style><div id=\"thegem-divider-69ef9fa9cb9bb\" class=\"gem-divider  \" style=\"\" ><\/div>[vc_column_text]<\/p>\n<section class=\"s_column\">\n<div class=\"container\">\n<div class=\"row\">\n<div class=\"col-lg-12 mb32 mt32\">\n<p class=\"mb64 mt16 text-justify\" style=\"text-align: justify;\">Puede contar con nosotros para\u00a0\u00a0Software Four J\u00b4s Genero \u00a0\u00b0 Implementaci\u00f3n de 4J\u00b4s Genero \u00a0\u00b0 Capacitaci\u00f3n en 4J\u00b4s Genero \u00a0\u00b0 Migraci\u00f3n de BDL a 4J\u00b4s Genero \u00a0\u00b0 Migraci\u00f3n de 4J\u00b4s a Genero \u00a0\u00b0 Instalaci\u00f3n, Configuraci\u00f3n, Cursos, \u00a0Base de Datos IBM Informix, Sistema Operativo UNIX, LINUX, AIX, Implementaci\u00f3n del WebServer \u00a0\u00b0 \u00a0Todos los servicios para la soluci\u00f3n completa, en espa\u00f1ol desde Guatemala para Latinoam\u00e9rica.<\/p>\n<\/div>\n<\/div>\n<\/div>\n<\/section>\n<section class=\"s_call_to_action pb24 pt0 bg-delta oe_custom_bg\">\n<div class=\"container\">\n<div class=\"row\">\n<div class=\"col-lg-9 pb0\">\n<h4 class=\"lead\" style=\"text-align: center;\"><\/h4>\n<\/div>\n<\/div>\n<\/div>\n<\/section>\n<h3 class=\"text-muted\"><\/h3>\n<p>[\/vc_column_text][vc_column_text]<\/p>\n<h4 class=\"lead\" style=\"text-align: center;\">Podemos facilitarle informaci\u00f3n adicional y demostraciones gratuitas<\/h4>\n<p>[\/vc_column_text]<\/div><\/div><\/div>[\/vc_column][\/vc_row][vc_row][vc_column]<div class=\"clearboth\"><\/div><style>#thegem-divider-69ef9fa9cb9e9 {margin-top: 64px !important;}<\/style><div id=\"thegem-divider-69ef9fa9cb9e9\" class=\"gem-divider  \" style=\"\" ><\/div>[\/vc_column][\/vc_row]<\/p>\n<\/div>","protected":false},"excerpt":{"rendered":"<p>[vc_row][vc_column offset=&#8221;vc_hidden-sm vc_hidden-xs&#8221;][vc_column_text] Four J&#8217;s Genero Partner Somos Representes en la Regi\u00f3n CA y Caribe [\/vc_column_text][vc_text_separator title=&#8221;&#8221; i_type=&#8221;typicons&#8221; i_icon_typicons=&#8221;typcn typcn-lightbulb&#8221;&#8230;<\/p>\n","protected":false},"author":1,"featured_media":0,"parent":0,"menu_order":0,"comment_status":"closed","ping_status":"closed","template":"","meta":{"footnotes":""},"class_list":["post-25321","page","type-page","status-publish"],"yoast_head":"<!-- This site is optimized with the Yoast SEO plugin v23.4 - https:\/\/yoast.com\/wordpress\/plugins\/seo\/ -->\n<title>Genero - Geniuses Group LLC<\/title>\n<meta name=\"description\" content=\"Genero\" \/>\n<meta name=\"robots\" content=\"index, follow, max-snippet:-1, max-image-preview:large, max-video-preview:-1\" \/>\n<link rel=\"canonical\" href=\"https:\/\/thegeniusesgroup.com\/es\/genero\/\" \/>\n<meta property=\"og:locale\" content=\"es_ES\" \/>\n<meta property=\"og:type\" content=\"article\" \/>\n<meta property=\"og:title\" content=\"Genero - Geniuses Group LLC\" \/>\n<meta property=\"og:description\" content=\"Genero\" \/>\n<meta property=\"og:url\" content=\"https:\/\/thegeniusesgroup.com\/es\/genero\/\" \/>\n<meta property=\"og:site_name\" content=\"Geniuses Group LLC\" \/>\n<meta property=\"article:modified_time\" content=\"2022-03-16T19:06:39+00:00\" \/>\n<meta name=\"twitter:card\" content=\"summary_large_image\" \/>\n<script type=\"application\/ld+json\" class=\"yoast-schema-graph\">{\"@context\":\"https:\/\/schema.org\",\"@graph\":[{\"@type\":\"WebPage\",\"@id\":\"https:\/\/thegeniusesgroup.com\/es\/genero\/\",\"url\":\"https:\/\/thegeniusesgroup.com\/es\/genero\/\",\"name\":\"Genero - Geniuses Group LLC\",\"isPartOf\":{\"@id\":\"https:\/\/thegeniusesgroup.com\/es\/#website\"},\"datePublished\":\"2022-01-28T18:48:08+00:00\",\"dateModified\":\"2022-03-16T19:06:39+00:00\",\"description\":\"Genero\",\"breadcrumb\":{\"@id\":\"https:\/\/thegeniusesgroup.com\/es\/genero\/#breadcrumb\"},\"inLanguage\":\"es\",\"potentialAction\":[{\"@type\":\"ReadAction\",\"target\":[\"https:\/\/thegeniusesgroup.com\/es\/genero\/\"]}]},{\"@type\":\"BreadcrumbList\",\"@id\":\"https:\/\/thegeniusesgroup.com\/es\/genero\/#breadcrumb\",\"itemListElement\":[{\"@type\":\"ListItem\",\"position\":1,\"name\":\"Home\",\"item\":\"https:\/\/thegeniusesgroup.com\/es\/\"},{\"@type\":\"ListItem\",\"position\":2,\"name\":\"Genero\"}]},{\"@type\":\"WebSite\",\"@id\":\"https:\/\/thegeniusesgroup.com\/es\/#website\",\"url\":\"https:\/\/thegeniusesgroup.com\/es\/\",\"name\":\"Geniuses Group LLC\",\"description\":\"Tests, Training &amp; Technology\",\"publisher\":{\"@id\":\"https:\/\/thegeniusesgroup.com\/es\/#organization\"},\"alternateName\":\"Tests, Training & Trechnology\",\"potentialAction\":[{\"@type\":\"SearchAction\",\"target\":{\"@type\":\"EntryPoint\",\"urlTemplate\":\"https:\/\/thegeniusesgroup.com\/es\/?s={search_term_string}\"},\"query-input\":{\"@type\":\"PropertyValueSpecification\",\"valueRequired\":true,\"valueName\":\"search_term_string\"}}],\"inLanguage\":\"es\"},{\"@type\":\"Organization\",\"@id\":\"https:\/\/thegeniusesgroup.com\/es\/#organization\",\"name\":\"Geniuses Group LLC\",\"alternateName\":\"Tests, Training & Trechnology\",\"url\":\"https:\/\/thegeniusesgroup.com\/es\/\",\"logo\":{\"@type\":\"ImageObject\",\"inLanguage\":\"es\",\"@id\":\"https:\/\/thegeniusesgroup.com\/es\/#\/schema\/logo\/image\/\",\"url\":\"https:\/\/thegeniusesgroup.com\/es\/wp-content\/uploads\/2022\/01\/logo.jpg\",\"contentUrl\":\"https:\/\/thegeniusesgroup.com\/es\/wp-content\/uploads\/2022\/01\/logo.jpg\",\"width\":492,\"height\":143,\"caption\":\"Geniuses Group LLC\"},\"image\":{\"@id\":\"https:\/\/thegeniusesgroup.com\/es\/#\/schema\/logo\/image\/\"}}]}<\/script>\n<!-- \/ Yoast SEO plugin. -->","yoast_head_json":{"title":"Genero - Geniuses Group LLC","description":"Genero","robots":{"index":"index","follow":"follow","max-snippet":"max-snippet:-1","max-image-preview":"max-image-preview:large","max-video-preview":"max-video-preview:-1"},"canonical":"https:\/\/thegeniusesgroup.com\/es\/genero\/","og_locale":"es_ES","og_type":"article","og_title":"Genero - Geniuses Group LLC","og_description":"Genero","og_url":"https:\/\/thegeniusesgroup.com\/es\/genero\/","og_site_name":"Geniuses Group LLC","article_modified_time":"2022-03-16T19:06:39+00:00","twitter_card":"summary_large_image","schema":{"@context":"https:\/\/schema.org","@graph":[{"@type":"WebPage","@id":"https:\/\/thegeniusesgroup.com\/es\/genero\/","url":"https:\/\/thegeniusesgroup.com\/es\/genero\/","name":"Genero - Geniuses Group LLC","isPartOf":{"@id":"https:\/\/thegeniusesgroup.com\/es\/#website"},"datePublished":"2022-01-28T18:48:08+00:00","dateModified":"2022-03-16T19:06:39+00:00","description":"Genero","breadcrumb":{"@id":"https:\/\/thegeniusesgroup.com\/es\/genero\/#breadcrumb"},"inLanguage":"es","potentialAction":[{"@type":"ReadAction","target":["https:\/\/thegeniusesgroup.com\/es\/genero\/"]}]},{"@type":"BreadcrumbList","@id":"https:\/\/thegeniusesgroup.com\/es\/genero\/#breadcrumb","itemListElement":[{"@type":"ListItem","position":1,"name":"Home","item":"https:\/\/thegeniusesgroup.com\/es\/"},{"@type":"ListItem","position":2,"name":"Genero"}]},{"@type":"WebSite","@id":"https:\/\/thegeniusesgroup.com\/es\/#website","url":"https:\/\/thegeniusesgroup.com\/es\/","name":"Geniuses Group LLC","description":"Tests, Training &amp; Technology","publisher":{"@id":"https:\/\/thegeniusesgroup.com\/es\/#organization"},"alternateName":"Tests, Training & Trechnology","potentialAction":[{"@type":"SearchAction","target":{"@type":"EntryPoint","urlTemplate":"https:\/\/thegeniusesgroup.com\/es\/?s={search_term_string}"},"query-input":{"@type":"PropertyValueSpecification","valueRequired":true,"valueName":"search_term_string"}}],"inLanguage":"es"},{"@type":"Organization","@id":"https:\/\/thegeniusesgroup.com\/es\/#organization","name":"Geniuses Group LLC","alternateName":"Tests, Training & Trechnology","url":"https:\/\/thegeniusesgroup.com\/es\/","logo":{"@type":"ImageObject","inLanguage":"es","@id":"https:\/\/thegeniusesgroup.com\/es\/#\/schema\/logo\/image\/","url":"https:\/\/thegeniusesgroup.com\/es\/wp-content\/uploads\/2022\/01\/logo.jpg","contentUrl":"https:\/\/thegeniusesgroup.com\/es\/wp-content\/uploads\/2022\/01\/logo.jpg","width":492,"height":143,"caption":"Geniuses Group LLC"},"image":{"@id":"https:\/\/thegeniusesgroup.com\/es\/#\/schema\/logo\/image\/"}}]}},"jetpack_sharing_enabled":true,"_links":{"self":[{"href":"https:\/\/thegeniusesgroup.com\/es\/wp-json\/wp\/v2\/pages\/25321"}],"collection":[{"href":"https:\/\/thegeniusesgroup.com\/es\/wp-json\/wp\/v2\/pages"}],"about":[{"href":"https:\/\/thegeniusesgroup.com\/es\/wp-json\/wp\/v2\/types\/page"}],"author":[{"embeddable":true,"href":"https:\/\/thegeniusesgroup.com\/es\/wp-json\/wp\/v2\/users\/1"}],"replies":[{"embeddable":true,"href":"https:\/\/thegeniusesgroup.com\/es\/wp-json\/wp\/v2\/comments?post=25321"}],"version-history":[{"count":0,"href":"https:\/\/thegeniusesgroup.com\/es\/wp-json\/wp\/v2\/pages\/25321\/revisions"}],"wp:attachment":[{"href":"https:\/\/thegeniusesgroup.com\/es\/wp-json\/wp\/v2\/media?parent=25321"}],"curies":[{"name":"wp","href":"https:\/\/api.w.org\/{rel}","templated":true}]}}