{"id":25329,"date":"2022-01-29T15:53:22","date_gmt":"2022-01-29T15:53:22","guid":{"rendered":"https:\/\/thegeniusesgroup.com\/es\/?page_id=25329"},"modified":"2022-08-13T19:13:23","modified_gmt":"2022-08-13T19:13:23","slug":"sap","status":"publish","type":"page","link":"https:\/\/thegeniusesgroup.com\/es\/sap\/","title":{"rendered":"SAP"},"content":{"rendered":"<div class=\"wpb-content-wrapper\"><p>[vc_row full_width=&#8221;stretch_row&#8221; css=&#8221;.vc_custom_1654546136040{background-color: #ffffff !important;}&#8221;][vc_column css_animation=&#8221;bottom-to-top&#8221;][vc_row_inner][vc_column_inner width=&#8221;1\/2&#8243; offset=&#8221;vc_hidden-sm vc_hidden-xs&#8221;]<div class=\"centered-box gem-image-centered-box\" ><div class=\"gem-image gem-wrapbox gem-wrapbox-style-default gem-wrapbox-position-centered lazy-loading  thegem-custom-69ef9faf2339f9346\"  style=\"\" ><div class=\"gem-wrapbox-inner  lazy-loading-item\"  data-ll-effect=\"move-up\"><a href=\"https:\/\/thegeniusesgroup.com\/es\/wp-content\/uploads\/2022\/01\/sap.png\" class=\"fancybox\"><img class=\"gem-wrapbox-element img-responsive\" src=\"https:\/\/thegeniusesgroup.com\/es\/wp-content\/uploads\/2022\/01\/sap.png\" alt=\"\"\/><\/a><\/div><\/div><\/div>[\/vc_column_inner][vc_column_inner width=&#8221;1\/2&#8243;][vc_column_text]<\/p>\n<div class=\"styled-subtitle\" style=\"text-align: left;\">La aplicaci\u00f3n\u00a0\u00a0SAP\u00ae Business One es una soluci\u00f3n econ\u00f3mica, f\u00e1cil de implementar<\/div>\n<p>[\/vc_column_text][\/vc_column_inner][\/vc_row_inner][\/vc_column][\/vc_row][vc_row full_width=&#8221;stretch_row&#8221; css=&#8221;.vc_custom_1542286470121{background-color: #ffffff !important;}&#8221;][vc_column css_animation=&#8221;bottom-to-top&#8221;]<div id=\"fullwidth-block-69ef9faf23976\" class=\"fullwidth-block clearfix\"  style=\"\"><script type=\"text\/javascript\">if (typeof(gem_fix_fullwidth_position) == \"function\") { gem_fix_fullwidth_position(document.getElementById(\"fullwidth-block-69ef9faf23976\")); }<\/script><div class=\"fullwidth-block-inner\"><div class=\"container\">[vc_column_text css_animation=&#8221;bottom-to-top&#8221;]<\/p>\n<p style=\"text-align: justify;\">Y completa de gesti\u00f3n de negocios. Dise\u00f1ada espec\u00edficamente para las \u00a0peque\u00f1as y medianas empresas, asegura el crecimiento de la compa\u00f1\u00eda, ayuda a aumentar la rentabilidad y el control, y automatiza los procesos de negocios. Esta soluci\u00f3n total incluye todas las funciones b\u00e1sicas que usted necesita para dirigir su negocio en crecimiento, lo que incluye administraci\u00f3n, contabilidad financiera, banca, ventas, compras, gesti\u00f3n de relaciones con los clientes, control de stock, manufactura, contabilidad de gesti\u00f3n y reportes. Gerentes y empleados podr\u00e1n procesar la informaci\u00f3n con m\u00e1s eficacia, lo cual les ayuda a tomar decisiones de negocios sensatas. A trav\u00e9s de un mismo sistema, propietarios de negocios y gerentes de empresas podr\u00e1n ahora obtener acceso a demanda a un panorama real y unificado de informaci\u00f3n de negocios cr\u00edtica, actualizada al minuto en toda la organizaci\u00f3n.<\/p>\n<p>[\/vc_column_text]<\/div><\/div><\/div>[\/vc_column][\/vc_row][vc_row][vc_column offset=&#8221;vc_hidden-sm vc_hidden-xs&#8221;]<div class=\"clearboth\"><\/div><style>#thegem-divider-69ef9faf239dc {margin-top: 330px !important;}<\/style><div id=\"thegem-divider-69ef9faf239dc\" class=\"gem-divider  \" style=\"\" ><\/div>[\/vc_column][\/vc_row][vc_row][vc_column offset=&#8221;vc_hidden-lg vc_hidden-md&#8221;]<div class=\"clearboth\"><\/div><style>#thegem-divider-69ef9faf23a03 {margin-top: 70px !important;}<\/style><div id=\"thegem-divider-69ef9faf23a03\" class=\"gem-divider  \" style=\"\" ><\/div>[\/vc_column][\/vc_row][vc_row css=&#8221;.vc_custom_1644871767605{margin-top: 0px !important;margin-bottom: 0px !important;padding-top: 0px !important;padding-bottom: 0px !important;background-color: #eef3f1 !important;}&#8221;][vc_column]<div id=\"fullwidth-block-69ef9faf23a24\" class=\"fullwidth-block clearfix\"  style=\"background-color: #eef3f1;\"><script type=\"text\/javascript\">if (typeof(gem_fix_fullwidth_position) == \"function\") { gem_fix_fullwidth_position(document.getElementById(\"fullwidth-block-69ef9faf23a24\")); }<\/script><div class=\"fullwidth-block-inner\"><div class=\"container\">[vc_row_inner][vc_column_inner offset=&#8221;vc_hidden-sm vc_hidden-xs&#8221;]<div class=\"clearboth\"><\/div><style>#thegem-divider-69ef9faf23ad6 {margin-top: -290px !important;}<\/style><div id=\"thegem-divider-69ef9faf23ad6\" class=\"gem-divider  \" style=\"\" ><\/div><div class=\"centered-box gem-image-centered-box\" ><div class=\"gem-image gem-wrapbox gem-wrapbox-style-default gem-wrapbox-position-centered  thegem-custom-69ef9faf23af86633\"  style=\"\" ><div class=\"gem-wrapbox-inner \" ><a href=\"https:\/\/thegeniusesgroup.com\/es\/wp-content\/uploads\/2022\/01\/beneficios.png\" class=\"fancybox\"><img class=\"gem-wrapbox-element img-responsive\" src=\"https:\/\/thegeniusesgroup.com\/es\/wp-content\/uploads\/2022\/01\/beneficios.png\" alt=\"\"\/><\/a><\/div><\/div><\/div>[\/vc_column_inner][\/vc_row_inner][vc_row_inner css=&#8221;.vc_custom_1542371574104{margin-bottom: 0px !important;}&#8221;][vc_column_inner offset=&#8221;vc_hidden-lg vc_hidden-md&#8221;]<div class=\"clearboth\"><\/div><style>#thegem-divider-69ef9faf23ec3 {margin-top: -100px !important;}<\/style><div id=\"thegem-divider-69ef9faf23ec3\" class=\"gem-divider  \" style=\"\" ><\/div><div class=\"centered-box gem-image-centered-box\" ><div class=\"gem-image gem-wrapbox gem-wrapbox-style-default gem-wrapbox-position-centered  thegem-custom-69ef9faf23ede8844\"  style=\"\" ><div class=\"gem-wrapbox-inner \" ><a href=\"https:\/\/thegeniusesgroup.com\/es\/wp-content\/uploads\/2022\/01\/beneficios.png\" class=\"fancybox\"><img class=\"gem-wrapbox-element img-responsive\" src=\"https:\/\/thegeniusesgroup.com\/es\/wp-content\/uploads\/2022\/01\/beneficios.png\" alt=\"\"\/><\/a><\/div><\/div><\/div>[\/vc_column_inner][\/vc_row_inner][vc_row_inner][vc_column_inner]<div class=\"clearboth\"><\/div><style>#thegem-divider-69ef9faf23f9f {margin-top: 70px !important;}<\/style><div id=\"thegem-divider-69ef9faf23f9f\" class=\"gem-divider  \" style=\"\" ><\/div>[vc_column_text]<\/p>\n<p style=\"text-align: justify;\">A trav\u00e9s del programa de mantenimiento de SAP Business One, su empresa obtendr\u00e1 autom\u00e1ticamente acceso a nuevas funcionalidades a la par del desarrollo del producto. Adem\u00e1s, si su empresa es subsidiaria, cliente o proveedora de una organizaci\u00f3n global que ya recibe los beneficios del software empresarial de SAP, usted puede aprovechar la integraci\u00f3n preconfigurada. Los puntos de contacto incluyen el control de gesti\u00f3n de datos maestros (art\u00edculos, clientes y proveedores), plan de cuentas, consolidaci\u00f3n de la informaci\u00f3n financiera y actividades comerciales entre compa\u00f1\u00edas.<\/p>\n<p>[\/vc_column_text]<div class=\"clearboth\"><\/div><style>#thegem-divider-69ef9faf23fc3 {margin-top: 60px !important;}<\/style><div id=\"thegem-divider-69ef9faf23fc3\" class=\"gem-divider  \" style=\"\" ><\/div>[\/vc_column_inner][\/vc_row_inner]<\/div><\/div><\/div>[\/vc_column][\/vc_row][vc_row][vc_column]<div id=\"fullwidth-block-69ef9faf2400e\" class=\"fullwidth-block clearfix\"  style=\"\"><script type=\"text\/javascript\">if (typeof(gem_fix_fullwidth_position) == \"function\") { gem_fix_fullwidth_position(document.getElementById(\"fullwidth-block-69ef9faf2400e\")); }<\/script><div class=\"fullwidth-block-inner\"><div class=\"container\"><div class=\"clearboth\"><\/div><style>#thegem-divider-69ef9faf240f7 {margin-top: 35px !important;}<\/style><div id=\"thegem-divider-69ef9faf240f7\" class=\"gem-divider  \" style=\"\" ><\/div>[vc_row_inner][vc_column_inner width=&#8221;1\/2&#8243;][vc_column_text css_animation=&#8221;bottom-to-top&#8221;]<\/p>\n<h6 style=\"text-align: center;\"><strong>Aumente los ingresos<\/strong><\/h6>\n<p>[\/vc_column_text]<div class=\"clearboth\"><\/div><style>#thegem-divider-69ef9faf24118 {margin-top: 35px !important;}<\/style><div id=\"thegem-divider-69ef9faf24118\" class=\"gem-divider  \" style=\"\" ><\/div>[vc_column_text css_animation=&#8221;bottom-to-top&#8221;]<\/p>\n<p style=\"font-weight: 400; text-align: justify;\">El r\u00e1pido y sencillo acceso a informaci\u00f3n en tiempo real en cualquier lugar del sistema le ayudar\u00e1 a identificar nuevas oportunidades de ventas, agilizar los tiempos de ingreso al mercado de sus productos, y prestar niveles de soporte y servicio al cliente que promover\u00e1n el logro de nuevos negocios. Reduzca<strong>\u00a0los costos<\/strong><br \/>\nDesp\u00eddase de las costosas y m\u00faltiples actualizaciones y de las tareas de personalizaci\u00f3n del sistema al agregar nuevas funciones. Administr\u00e9<strong>\u00a0su empresa con una sola soluci\u00f3n de gesti\u00f3n de negocios<\/strong><br \/>\nLa aplicaci\u00f3n SAP Business One incluye los siguientes componentes integrales: contabilidad, gesti\u00f3n de relaciones con clientes (CRM), ventas, manufactura, compras, banca y control de stock. Mejores<strong>\u00a0las relaciones con los clientes<\/strong><br \/>\nLa gesti\u00f3n de relaciones con los clientes proporciona a su equipo los datos relevantes de toda la compa\u00f1\u00eda necesarios para alcanzar niveles mas solidos de ventas y soporte, y as\u00ed mejorar la satisfacci\u00f3n del cliente. Mantenga<strong>\u00a0su soluci\u00f3n de TI a medida que su empresa crece<\/strong><br \/>\n\u00bfPor qu\u00e9 tolerar soluciones que alg\u00fan d\u00eda ser\u00e1n insuficientes para el tama\u00f1o de su negocio? D\u00edgale adi\u00f3s al software de bajo rendimiento, la informaci\u00f3n obsoleta, las limitaciones del almacenamiento de datos y los limites restrictivos a la cantidad de oficinas y usuarios simult\u00e1neos. Obtenga<strong>\u00a0percepciones mas claras, instant\u00e1neamente<\/strong><br \/>\nSi desea contar con un control diario sin precedentes, utilice las carteleras de control actualizadas al minuto, que ofrecen vistas reveladoras sobre los indicadores clave de desempe\u00f1o. Reciba<strong>\u00a0alertas proactivas, criticas para los negocios<\/strong><br \/>\nSAP Business One cuenta con el mas poderoso sistema de alerta proactiva de negocios jam\u00e1s desarrollado para las\u00a0<strong>peque\u00f1as y medianas empresas<\/strong>.<\/p>\n<p>[\/vc_column_text][\/vc_column_inner][vc_column_inner width=&#8221;1\/2&#8243;][vc_column_text css_animation=&#8221;bottom-to-top&#8221;]<\/p>\n<h6 style=\"text-align: center;\"><strong>Mejore la eficiencia<\/strong><\/h6>\n<p>[\/vc_column_text]<div class=\"clearboth\"><\/div><style>#thegem-divider-69ef9faf24130 {margin-top: 35px !important;}<\/style><div id=\"thegem-divider-69ef9faf24130\" class=\"gem-divider  \" style=\"\" ><\/div>[vc_column_text css_animation=&#8221;bottom-to-top&#8221;]<\/p>\n<p style=\"font-weight: 400; text-align: justify;\">La disponibilidad de un repositorio centralizado de datos mejora incre\u00edblemente la eficiencia, proporcionando la informaci\u00f3n apropiada a las personas adecuadas y eliminando el ingreso de datos redundantes. Obtenga<strong>\u00a0acceso a soporte local<\/strong><br \/>\nUna red mundial de socios calificados de negocios ofrece un nivel inigualable de soporte a escala local. Empiece<strong>\u00a0a trabajar r\u00e1pidamente<\/strong><br \/>\nAproveche procesos de negocios comprobados una y otra vez como las mejores pr\u00e1cticas, que permiten una f\u00e1cil implementaci\u00f3n y una puesta en marcha en pocas semanas. Soport\u00e9<strong>\u00a0transacciones en monedas m\u00faltiples\u00a0<\/strong><br \/>\nEs posible llevar a cabo y reportar transacciones de negocios en m\u00faltiples monedas. Reciba<strong>\u00a0soporte para capacidades multiling\u00fces<\/strong><br \/>\nLa aplicaci\u00f3n esta disponible en 27 idiomas y cumple plenamente las leyes de 40 pa\u00edses, en tanto que se utiliza en otros 34.<strong>Integre SAP Business One con Microsoft Office<\/strong><br \/>\nLa aplicaci\u00f3n SAP Business One esta plenamente integrada con la suite de productos\u00a0<strong>Microsoft Office\u00a0<\/strong>, incluido Microsoft Outlook, lo que permite una perfecta comunicaci\u00f3n que puede ampliar el alcance de las funciones de su organizaci\u00f3n y de sus negocios. Los departamentos pueden compartir contactos citas y tareas. Integre<strong>\u00a0SAP Business One con las aplicaciones SAP Business Suite<\/strong><br \/>\nSAP Business One se integra perfectamente con las soluciones de SAP Business Suite y, dado que tiene una arquitectura abierta, tambi\u00e9n puede integrarse f\u00e1cilmente a soluciones de otros proveedores de software. Esta arquitectura abierta permite aprovechar todos los amplios beneficios del software de SAP.<\/p>\n<p>[\/vc_column_text][\/vc_column_inner][\/vc_row_inner]<div class=\"clearboth\"><\/div><style>#thegem-divider-69ef9faf24147 {margin-top: 35px !important;}<\/style><div id=\"thegem-divider-69ef9faf24147\" class=\"gem-divider  \" style=\"\" ><\/div><\/div><\/div><\/div>[\/vc_column][\/vc_row][vc_row][vc_column]<div id=\"fullwidth-block-69ef9faf24182\" class=\"fullwidth-block clearfix\"  style=\"background-color: #eef3f1;\"><script type=\"text\/javascript\">if (typeof(gem_fix_fullwidth_position) == \"function\") { gem_fix_fullwidth_position(document.getElementById(\"fullwidth-block-69ef9faf24182\")); }<\/script><div class=\"fullwidth-block-inner\"><div class=\"container\"><div class=\"clearboth\"><\/div><style>#thegem-divider-69ef9faf242f5 {margin-top: 35px !important;}<\/style><div id=\"thegem-divider-69ef9faf242f5\" class=\"gem-divider  \" style=\"\" ><\/div>[vc_column_text]<\/p>\n<h3 style=\"text-align: center;\"><b>DESCRIPCION GENERAL DE LAS CARACTERISTICAS DE SAP BUSINESS ONE<\/b><\/h3>\n<p>[\/vc_column_text][vc_row_inner][vc_column_inner width=&#8221;1\/3&#8243;]<div class=\"gem-list gem-list-type-checkbox gem-list-color-3\" ><h4><b>FINANZAS<\/b><\/h4>\n<ul class=\"list type-1\">\n<li>Plan de cuentas<\/li>\n<li>Segmentos de cuentas<\/li>\n<li>Registro de diario<\/li>\n<li>Comprobantes de diario<\/li>\n<li>Transacciones recurrentes<\/li>\n<li>Tipos de cambio en m\u00faltiples monedas<\/li>\n<li>Reportes financieros<\/li>\n<li>Centros de costos presupuestarios<\/li>\n<li>C\u00e1lculos de impuestos a las ventas<\/li>\n<li>Dep\u00f3sitos y cheques<\/li>\n<li>Cr\u00e9ditos y recibos<\/li>\n<li>Pagos diferidos<\/li>\n<\/ul>\n<h4>SERVICIO AL CLIENTE CRM<\/h4>\n<ul>\n<li>Gesti\u00f3n de contratos de servicio<\/li>\n<li>Planificaci\u00f3n de servicios<\/li>\n<li>Seguimiento\u00a0a trav\u00e9s de m\u00faltiples interacciones con clientes<\/li>\n<li>Base de datos de conocimientos<\/li>\n<li>Gesti\u00f3n de llamadas de servicio<\/li>\n<\/ul>\n<h4>MANUFACTURAS MRP<\/h4>\n<ul>\n<li>Lista de materiales<\/li>\n<li>Ordenes de producci\u00f3n<\/li>\n<li>Pron\u00f3sticos<\/li>\n<li>Asistente de planificaci\u00f3n de recursos de materiales<\/li>\n<li>Reportes de recomendaci\u00f3n<\/li>\n<\/ul>\n<\/div>[\/vc_column_inner][vc_column_inner width=&#8221;1\/3&#8243;]<div class=\"gem-list gem-list-type-checkbox gem-list-color-3\" ><h4><b>VENTAS<\/b><\/h4>\n<ul class=\"list type-1\">\n<li>Gesti\u00f3n de oportunidades y pipeline<\/li>\n<li>Gesti\u00f3n de contactos<\/li>\n<li>Ordenes<\/li>\n<li>Facturas<\/li>\n<li>Entregas<\/li>\n<li>Devoluciones<\/li>\n<li>Lista de precios en m\u00faltiples monedas<\/li>\n<li>Gesti\u00f3n de clientes<\/li>\n<li>Calculo de utilidades brutas<\/li>\n<li>Integraci\u00f3n con Microsoft Office<\/li>\n<\/ul>\n<h4><b>EXISTENCIAS<\/b><\/h4>\n<ul class=\"list type-1\">\n<li>Gesti\u00f3n de art\u00edculos<\/li>\n<li>Consultas por art\u00edculos<\/li>\n<li>Listas de precios<\/li>\n<li>Recepci\u00f3n de existencias<\/li>\n<li>Liberaci\u00f3n de existencias<\/li>\n<li>Transacciones de existencias<\/li>\n<li>Transferencias entre almacenes<\/li>\n<li>Seguimiento de n\u00fameros de serie<\/li>\n<li>Gesti\u00f3n de lotes<\/li>\n<li>Selecci\u00f3n y empaque<\/li>\n<li>Conformaci\u00f3n de Kits<\/li>\n<\/ul>\n<\/div>[\/vc_column_inner][vc_column_inner width=&#8221;1\/3&#8243;]<div class=\"gem-list gem-list-type-checkbox gem-list-color-3\" ><h4>INTELIGENCIA DE NEGOCIOS<\/h4>\n<ul>\n<li>Arrastre y asociaci\u00f3n<\/li>\n<li>Generador de consultas<\/li>\n<li>Asistente de consultas<\/li>\n<li>Reportes predefinidos<\/li>\n<li>SAP Crystal Solutions<\/li>\n<li>Generaci\u00f3n de reportes precisos y oportunos.<\/li>\n<li>Personalizaci\u00f3n de interfaces de usuario.<\/li>\n<\/ul>\n<p>&nbsp;<\/p>\n<h4><b>MOVILIDAD<\/b><\/h4>\n<ul class=\"list type-1\">\n<li>Informaci\u00f3n a la mano<\/li>\n<li>Alertas y Aprobaciones<\/li>\n<li>Reportes en tiempo real<\/li>\n<li>Datos de clientes y proveedores<\/li>\n<li>Monitoreo de inventario<\/li>\n<li>Consulta de tareas<\/li>\n<li>Actividades pendientes<\/li>\n<li>Flujos de aprobaci\u00f3n<\/li>\n<\/ul>\n<h4><b>COMPRAS MRP<\/b><\/h4>\n<ul class=\"list type-1\">\n<li>Cotizaciones de compras<\/li>\n<li>Ordenes de compras<\/li>\n<li>Entregas de compras<\/li>\n<li>Devoluciones de compras<\/li>\n<li>Notas de cr\u00e9dito para compras<\/li>\n<li>Costo en plaza (landed cost)<\/li>\n<\/ul>\n<\/div>[\/vc_column_inner][\/vc_row_inner]<\/div><\/div><\/div>[\/vc_column][\/vc_row]<\/p>\n<\/div>","protected":false},"excerpt":{"rendered":"<p>[vc_row full_width=&#8221;stretch_row&#8221; css=&#8221;.vc_custom_1654546136040{background-color: #ffffff !important;}&#8221;][vc_column css_animation=&#8221;bottom-to-top&#8221;][vc_row_inner][vc_column_inner width=&#8221;1\/2&#8243; offset=&#8221;vc_hidden-sm vc_hidden-xs&#8221;][\/vc_column_inner][vc_column_inner width=&#8221;1\/2&#8243;][vc_column_text] La aplicaci\u00f3n\u00a0\u00a0SAP\u00ae Business One es una soluci\u00f3n econ\u00f3mica, f\u00e1cil de&#8230;<\/p>\n","protected":false},"author":1,"featured_media":0,"parent":0,"menu_order":0,"comment_status":"closed","ping_status":"closed","template":"","meta":{"footnotes":""},"class_list":["post-25329","page","type-page","status-publish"],"yoast_head":"<!-- This site is optimized with the Yoast SEO plugin v23.4 - https:\/\/yoast.com\/wordpress\/plugins\/seo\/ -->\n<title>SAP - Geniuses Group LLC<\/title>\n<meta name=\"description\" content=\"SAP\" \/>\n<meta name=\"robots\" content=\"index, follow, max-snippet:-1, max-image-preview:large, max-video-preview:-1\" \/>\n<link rel=\"canonical\" href=\"https:\/\/thegeniusesgroup.com\/es\/sap\/\" \/>\n<meta property=\"og:locale\" content=\"es_ES\" \/>\n<meta property=\"og:type\" content=\"article\" \/>\n<meta property=\"og:title\" content=\"SAP - Geniuses Group LLC\" \/>\n<meta property=\"og:description\" content=\"SAP\" \/>\n<meta property=\"og:url\" content=\"https:\/\/thegeniusesgroup.com\/es\/sap\/\" \/>\n<meta property=\"og:site_name\" content=\"Geniuses Group LLC\" \/>\n<meta property=\"article:modified_time\" content=\"2022-08-13T19:13:23+00:00\" \/>\n<meta name=\"twitter:card\" content=\"summary_large_image\" \/>\n<script type=\"application\/ld+json\" class=\"yoast-schema-graph\">{\"@context\":\"https:\/\/schema.org\",\"@graph\":[{\"@type\":\"WebPage\",\"@id\":\"https:\/\/thegeniusesgroup.com\/es\/sap\/\",\"url\":\"https:\/\/thegeniusesgroup.com\/es\/sap\/\",\"name\":\"SAP - Geniuses Group LLC\",\"isPartOf\":{\"@id\":\"https:\/\/thegeniusesgroup.com\/es\/#website\"},\"datePublished\":\"2022-01-29T15:53:22+00:00\",\"dateModified\":\"2022-08-13T19:13:23+00:00\",\"description\":\"SAP\",\"breadcrumb\":{\"@id\":\"https:\/\/thegeniusesgroup.com\/es\/sap\/#breadcrumb\"},\"inLanguage\":\"es\",\"potentialAction\":[{\"@type\":\"ReadAction\",\"target\":[\"https:\/\/thegeniusesgroup.com\/es\/sap\/\"]}]},{\"@type\":\"BreadcrumbList\",\"@id\":\"https:\/\/thegeniusesgroup.com\/es\/sap\/#breadcrumb\",\"itemListElement\":[{\"@type\":\"ListItem\",\"position\":1,\"name\":\"Home\",\"item\":\"https:\/\/thegeniusesgroup.com\/es\/\"},{\"@type\":\"ListItem\",\"position\":2,\"name\":\"SAP\"}]},{\"@type\":\"WebSite\",\"@id\":\"https:\/\/thegeniusesgroup.com\/es\/#website\",\"url\":\"https:\/\/thegeniusesgroup.com\/es\/\",\"name\":\"Geniuses Group LLC\",\"description\":\"Tests, Training &amp; Technology\",\"publisher\":{\"@id\":\"https:\/\/thegeniusesgroup.com\/es\/#organization\"},\"alternateName\":\"Tests, Training & Trechnology\",\"potentialAction\":[{\"@type\":\"SearchAction\",\"target\":{\"@type\":\"EntryPoint\",\"urlTemplate\":\"https:\/\/thegeniusesgroup.com\/es\/?s={search_term_string}\"},\"query-input\":{\"@type\":\"PropertyValueSpecification\",\"valueRequired\":true,\"valueName\":\"search_term_string\"}}],\"inLanguage\":\"es\"},{\"@type\":\"Organization\",\"@id\":\"https:\/\/thegeniusesgroup.com\/es\/#organization\",\"name\":\"Geniuses Group LLC\",\"alternateName\":\"Tests, Training & Trechnology\",\"url\":\"https:\/\/thegeniusesgroup.com\/es\/\",\"logo\":{\"@type\":\"ImageObject\",\"inLanguage\":\"es\",\"@id\":\"https:\/\/thegeniusesgroup.com\/es\/#\/schema\/logo\/image\/\",\"url\":\"https:\/\/thegeniusesgroup.com\/es\/wp-content\/uploads\/2022\/01\/logo.jpg\",\"contentUrl\":\"https:\/\/thegeniusesgroup.com\/es\/wp-content\/uploads\/2022\/01\/logo.jpg\",\"width\":492,\"height\":143,\"caption\":\"Geniuses Group LLC\"},\"image\":{\"@id\":\"https:\/\/thegeniusesgroup.com\/es\/#\/schema\/logo\/image\/\"}}]}<\/script>\n<!-- \/ Yoast SEO plugin. -->","yoast_head_json":{"title":"SAP - Geniuses Group LLC","description":"SAP","robots":{"index":"index","follow":"follow","max-snippet":"max-snippet:-1","max-image-preview":"max-image-preview:large","max-video-preview":"max-video-preview:-1"},"canonical":"https:\/\/thegeniusesgroup.com\/es\/sap\/","og_locale":"es_ES","og_type":"article","og_title":"SAP - Geniuses Group LLC","og_description":"SAP","og_url":"https:\/\/thegeniusesgroup.com\/es\/sap\/","og_site_name":"Geniuses Group LLC","article_modified_time":"2022-08-13T19:13:23+00:00","twitter_card":"summary_large_image","schema":{"@context":"https:\/\/schema.org","@graph":[{"@type":"WebPage","@id":"https:\/\/thegeniusesgroup.com\/es\/sap\/","url":"https:\/\/thegeniusesgroup.com\/es\/sap\/","name":"SAP - Geniuses Group LLC","isPartOf":{"@id":"https:\/\/thegeniusesgroup.com\/es\/#website"},"datePublished":"2022-01-29T15:53:22+00:00","dateModified":"2022-08-13T19:13:23+00:00","description":"SAP","breadcrumb":{"@id":"https:\/\/thegeniusesgroup.com\/es\/sap\/#breadcrumb"},"inLanguage":"es","potentialAction":[{"@type":"ReadAction","target":["https:\/\/thegeniusesgroup.com\/es\/sap\/"]}]},{"@type":"BreadcrumbList","@id":"https:\/\/thegeniusesgroup.com\/es\/sap\/#breadcrumb","itemListElement":[{"@type":"ListItem","position":1,"name":"Home","item":"https:\/\/thegeniusesgroup.com\/es\/"},{"@type":"ListItem","position":2,"name":"SAP"}]},{"@type":"WebSite","@id":"https:\/\/thegeniusesgroup.com\/es\/#website","url":"https:\/\/thegeniusesgroup.com\/es\/","name":"Geniuses Group LLC","description":"Tests, Training &amp; Technology","publisher":{"@id":"https:\/\/thegeniusesgroup.com\/es\/#organization"},"alternateName":"Tests, Training & Trechnology","potentialAction":[{"@type":"SearchAction","target":{"@type":"EntryPoint","urlTemplate":"https:\/\/thegeniusesgroup.com\/es\/?s={search_term_string}"},"query-input":{"@type":"PropertyValueSpecification","valueRequired":true,"valueName":"search_term_string"}}],"inLanguage":"es"},{"@type":"Organization","@id":"https:\/\/thegeniusesgroup.com\/es\/#organization","name":"Geniuses Group LLC","alternateName":"Tests, Training & Trechnology","url":"https:\/\/thegeniusesgroup.com\/es\/","logo":{"@type":"ImageObject","inLanguage":"es","@id":"https:\/\/thegeniusesgroup.com\/es\/#\/schema\/logo\/image\/","url":"https:\/\/thegeniusesgroup.com\/es\/wp-content\/uploads\/2022\/01\/logo.jpg","contentUrl":"https:\/\/thegeniusesgroup.com\/es\/wp-content\/uploads\/2022\/01\/logo.jpg","width":492,"height":143,"caption":"Geniuses Group LLC"},"image":{"@id":"https:\/\/thegeniusesgroup.com\/es\/#\/schema\/logo\/image\/"}}]}},"jetpack_sharing_enabled":true,"_links":{"self":[{"href":"https:\/\/thegeniusesgroup.com\/es\/wp-json\/wp\/v2\/pages\/25329"}],"collection":[{"href":"https:\/\/thegeniusesgroup.com\/es\/wp-json\/wp\/v2\/pages"}],"about":[{"href":"https:\/\/thegeniusesgroup.com\/es\/wp-json\/wp\/v2\/types\/page"}],"author":[{"embeddable":true,"href":"https:\/\/thegeniusesgroup.com\/es\/wp-json\/wp\/v2\/users\/1"}],"replies":[{"embeddable":true,"href":"https:\/\/thegeniusesgroup.com\/es\/wp-json\/wp\/v2\/comments?post=25329"}],"version-history":[{"count":0,"href":"https:\/\/thegeniusesgroup.com\/es\/wp-json\/wp\/v2\/pages\/25329\/revisions"}],"wp:attachment":[{"href":"https:\/\/thegeniusesgroup.com\/es\/wp-json\/wp\/v2\/media?parent=25329"}],"curies":[{"name":"wp","href":"https:\/\/api.w.org\/{rel}","templated":true}]}}