{"id":25468,"date":"2022-02-16T04:56:13","date_gmt":"2022-02-16T04:56:13","guid":{"rendered":"https:\/\/thegeniusesgroup.com\/es\/?page_id=25468"},"modified":"2023-03-24T04:41:19","modified_gmt":"2023-03-24T04:41:19","slug":"glosario","status":"publish","type":"page","link":"https:\/\/thegeniusesgroup.com\/es\/glosario\/","title":{"rendered":"Glosario"},"content":{"rendered":"<div class=\"wpb-content-wrapper\"><p>[vc_row full_width=&#8221;stretch_row&#8221; css=&#8221;.vc_custom_1542285465663{background-color: #ffffff !important;}&#8221;][vc_column css_animation=&#8221;bottom-to-top&#8221;][vc_row_inner][vc_column_inner offset=&#8221;vc_hidden-sm vc_hidden-xs&#8221;]<div class=\"clearboth\"><\/div><style>#thegem-divider-69efc51a3c9fe {margin-top: 10px !important;}<\/style><div id=\"thegem-divider-69efc51a3c9fe\" class=\"gem-divider  \" style=\"\" ><\/div>[\/vc_column_inner][\/vc_row_inner][vc_column_text]<\/p>\n<h3 style=\"text-align: center;\"><strong>Geniuses Group <\/strong><\/h3>\n<p>[\/vc_column_text][vc_text_separator title_level=&#8221;h3&#8243; title=&#8221;&#8221; i_type=&#8221;typicons&#8221; i_icon_typicons=&#8221;typcn typcn-lightbulb&#8221; i_color=&#8221;sky&#8221; el_width=&#8221;80&#8243; add_icon=&#8221;true&#8221;]<div id=\"fullwidth-block-69efc51a3ca64\" class=\"fullwidth-block clearfix\"  style=\"padding-left: 0pxpx;\"><script type=\"text\/javascript\">if (typeof(gem_fix_fullwidth_position) == \"function\") { gem_fix_fullwidth_position(document.getElementById(\"fullwidth-block-69efc51a3ca64\")); }<\/script><div class=\"fullwidth-block-inner\"><div class=\"container\">[vc_row_inner content_placement=&#8221;middle&#8221;][vc_column_inner][vc_column_text css=&#8221;.vc_custom_1679631728484{margin-left: 50px !important;border-left-width: 50px !important;padding-left: 50px !important;}&#8221;]<\/p>\n<p style=\"text-align: justify;\">Utilizamos algunos vocablos que pueden variar de pa\u00eds en pa\u00eds, por ello hemos incluido una lista de t\u00e9rminos similares para facilitar su comprensi\u00f3n:<\/p>\n<p style=\"text-align: justify;\"><strong>Sitio Web<\/strong>:\u00a0 Website, webpage, p\u00e1gina web, landpage, \u2026 En <strong>Geniuses Group <\/strong>nos dedicamos al dise\u00f1o, desarrollo, implementaci\u00f3n y manejo de contenidos de p\u00e1ginas web, de sitios web, de websites, de webpages, de blogs, de tiendas virtuales, de cat\u00e1logos en l\u00ednea, de newsletters, posts, canales virtuales, \u2026 y otros.<\/p>\n<p style=\"text-align: justify;\"><strong>Web Hosting:<\/strong>\u00a0 Webhosting, hospedaje web, hospedaje de sitios, \u2026 En <strong>Geniuses Group <\/strong>proveemos webhosting, hospedaje web para su p\u00e1gina web, webhosting, hospedaje web para su correo electr\u00f3nico, webhosting, hospedaje web para su tienda en l\u00ednea, webhosting, hospedaje web para sus aplicaciones web, webhosting, hospedaje web para sus programas, webhosting, hospedaje web para sus aplicaciones de software, webhosting, hospedaje web para sus apps, webhosting, hospedaje web para sus bases de datos, webhosting, hospedaje web para sus backups, \u2026 facilitamos webhosting, hospedaje web a trav\u00e9s de servidores privados, webservers, VPS, servidores en la nube, \u2026y otros.<\/p>\n<p style=\"text-align: justify;\"><strong>Pruebas Psicom\u00e9tricas Automatizadas en L\u00ednea:<\/strong>\u00a0 Tests Psicot\u00e9cnicos automatizados, Tests Psicot\u00e9cnicos en l\u00ednea, Tests Psicot\u00e9cnicos online, Tests Psicot\u00e9cnicos en internet, en la nube &#8211; Tests Laborales automatizados, en l\u00ednea, online, en internet, en la nube &#8211; Pruebas de Empleo automatizadas, en l\u00ednea, online, en internet, en la nube &#8211; Pruebas para Contrataci\u00f3n de Personal automatizadas, en l\u00ednea, online, en internet, en la nube &#8211; Ex\u00e1menes de Recursos Humanos automatizados, en l\u00ednea, online, en internet, en la nube &#8211; Staffing Tests automatizados, en l\u00ednea, online, en internet, en la nube &#8211; Ex\u00e1menes Psicol\u00f3gicos de Empleo automatizados, en l\u00ednea, online, en internet, en la nube &#8211; Tests de Personalidad automatizados, en l\u00ednea, online, en internet, en la nube &#8211; Pruebas de Competencias automatizadas, en l\u00ednea, online, en internet, en la nube \u2013 Psicotests automatizados, en l\u00ednea, online, en internet, en la nube, Pruebas Psicom\u00e9tricas automatizadas, en l\u00ednea, online, en internet, en la nube \u2013 Bater\u00eda de Pruebas Psicom\u00e9tricas \u2013 Portafolio de Tests Psicom\u00e9tricos.<\/p>\n<p style=\"text-align: justify;\">Software de Pruebas Psicom\u00e9tricas en l\u00ednea automatizadas v\u00eda web en Guatemala, Software de Pruebas Psicom\u00e9tricas en l\u00ednea automatizadas v\u00eda web en El Salvador, Software de Pruebas Psicom\u00e9tricas en l\u00ednea automatizadas v\u00eda web en M\u00e9xico, Software de Pruebas Psicom\u00e9tricas en l\u00ednea automatizadas v\u00eda web en Rep\u00fablica Dominicana, Software de Pruebas Psicom\u00e9tricas en l\u00ednea automatizadas v\u00eda web en Honduras, Software de Pruebas Psicom\u00e9tricas en l\u00ednea automatizadas v\u00eda web en Nicaragua, Software de Pruebas Psicom\u00e9tricas en l\u00ednea automatizadas v\u00eda web en Costa Rica, Software de Pruebas Psicom\u00e9tricas en l\u00ednea automatizadas v\u00eda web en Panam\u00e1, Software de Pruebas Psicom\u00e9tricas en l\u00ednea automatizadas v\u00eda web en Colombia, Software de Pruebas Psicom\u00e9tricas en l\u00ednea automatizadas v\u00eda web en Ecuador, Software de Pruebas Psicom\u00e9tricas en l\u00ednea automatizadas v\u00eda web en Chile, Software de Pruebas Psicom\u00e9tricas en l\u00ednea automatizadas v\u00eda web en Per\u00fa, Software de Pruebas Psicom\u00e9tricas en l\u00ednea automatizadas v\u00eda web en Argentina, Software de Pruebas Psicom\u00e9tricas en l\u00ednea automatizadas v\u00eda web en Uruguay, Software de Pruebas Psicom\u00e9tricas en l\u00ednea automatizadas v\u00eda web en Paraguay, Software de Pruebas Psicom\u00e9tricas en l\u00ednea automatizadas v\u00eda web en Bolivia, Software de Pruebas Psicom\u00e9tricas en l\u00ednea automatizadas v\u00eda web en Espa\u00f1a.<\/p>\n<p style=\"text-align: justify;\"><strong>Competencias de Personalidad: <\/strong>Coeficiente intelectual competencias de personalidad de valuaciones de personal intereses motivaci\u00f3n nivel de ingl\u00e9s otis gamma otis sencillo personalidad para el trabajo prueba Cambridge prueba cleaver prueba de honestidad prueba de honradez prueba de inteligencia prueba disc prueba ipv prueba moss prueba para puestos de supervisi\u00f3n prueba para puestos gerenciales prueba para vendedores pruebas de empleo pruebas para operarios\u00a0 pruebas para puestos de direcci\u00f3n pruebas para universitarios pruebas psicom\u00e9tricas pruebas zavich reclutamiento de talento recursos humanos selecci\u00f3n de talento selecci\u00f3n y reclutamiento de personal talento humano test de ingl\u00e9s tests psicom\u00e9tricos valores.<\/p>\n<p style=\"text-align: justify;\">Prueba de Valores e Intereses Zavich, Prueba DISC, Prueba Cleaver, Prueba IPV, Prueba MOSS, Prueba de Coeficiente Intelectual OTIS, Prueba de Inteligencia Emocional (Coeficiente Emocional CE), Prueba de Ingl\u00e9s Cambridge, Prueba de Competencias Digitales, Prueba de Competencias Tecnol\u00f3gicas, Prueba de Capacidad Autodidacta, Test de Valores e Intereses Zavich, Test DISC, Test Cleaver, Test IPV, Test MOSS, Test de Coeficiente Intelectual OTIS, Test de Inteligencia Emocional (Coeficiente Emocional CE), Test de Ingl\u00e9s Cambridge, Test de Competencias Digitales, Test de Competencias Tecnol\u00f3gicas, Test de Capacidad Autodidacta.<\/p>\n<p><b><span lang=\"ES-US\">Pruebas Psicom\u00e9tricas y de Competencias para Orientaci\u00f3n Vocacional:<\/span><\/b><span lang=\"ES-US\">\u00a0 Tests de orientaci\u00f3n vocacional, pruebas de aptitud acad\u00e9mica, ex\u00e1menes de aptitud acad\u00e9mica, pruebas de orientaci\u00f3n vocacional, tests de aptitud acad\u00e9mica, ex\u00e1menes vocacionales, tests de selecci\u00f3n de carrera, tests de selecci\u00f3n de profesi\u00f3n, tests de competencias acad\u00e9micas, pruebas para selecci\u00f3n de carrera, pruebas para selecci\u00f3n de profesi\u00f3n, tests de orientaci\u00f3n profesional, prueba de orientaci\u00f3n profesional, examen de orientaci\u00f3n profesional, selecci\u00f3n de carrera, qu\u00e9 estudiar, qu\u00e9 estudiar en la universidad, aptitudes vocacionales, aptitudes profesionales.<\/span><\/p>\n<p>Proveedor de Pruebas Psicom\u00e9tricas en Latinoam\u00e9rica. Venta de Evaluaciones Psicom\u00e9tricas. Software de Pruebas Psicom\u00e9tricas. Plataforma de Pruebas Psicom\u00e9tricas. Tests Psicom\u00e9tricos disponibles en Latinom\u00e9rica, Hispanoam\u00e9rica y Espa\u00f1a[\/vc_column_text][\/vc_column_inner][\/vc_row_inner]<\/div><\/div><\/div><div class=\"clearboth\"><\/div><style>#thegem-divider-69efc51a3cac3 {margin-top: 40px !important;}<\/style><div id=\"thegem-divider-69efc51a3cac3\" class=\"gem-divider  \" style=\"\" ><\/div>[\/vc_column][\/vc_row]<\/p>\n<\/div>","protected":false},"excerpt":{"rendered":"<p>[vc_row full_width=&#8221;stretch_row&#8221; css=&#8221;.vc_custom_1542285465663{background-color: #ffffff !important;}&#8221;][vc_column css_animation=&#8221;bottom-to-top&#8221;][vc_row_inner][vc_column_inner offset=&#8221;vc_hidden-sm vc_hidden-xs&#8221;][\/vc_column_inner][\/vc_row_inner][vc_column_text] Geniuses Group [\/vc_column_text][vc_text_separator title_level=&#8221;h3&#8243; title=&#8221;&#8221; i_type=&#8221;typicons&#8221; i_icon_typicons=&#8221;typcn typcn-lightbulb&#8221; i_color=&#8221;sky&#8221; el_width=&#8221;80&#8243; add_icon=&#8221;true&#8221;][\/vc_column][\/vc_row]<\/p>\n","protected":false},"author":1,"featured_media":0,"parent":0,"menu_order":0,"comment_status":"closed","ping_status":"closed","template":"","meta":{"footnotes":""},"class_list":["post-25468","page","type-page","status-publish"],"yoast_head":"<!-- This site is optimized with the Yoast SEO plugin v23.4 - https:\/\/yoast.com\/wordpress\/plugins\/seo\/ -->\n<title>Glosario - Geniuses Group LLC<\/title>\n<meta name=\"description\" content=\"Glosario\" \/>\n<meta name=\"robots\" content=\"index, follow, max-snippet:-1, max-image-preview:large, max-video-preview:-1\" \/>\n<link rel=\"canonical\" href=\"https:\/\/thegeniusesgroup.com\/es\/glosario\/\" \/>\n<meta property=\"og:locale\" content=\"es_ES\" \/>\n<meta property=\"og:type\" content=\"article\" \/>\n<meta property=\"og:title\" content=\"Glosario - Geniuses Group LLC\" \/>\n<meta property=\"og:description\" content=\"Glosario\" \/>\n<meta property=\"og:url\" content=\"https:\/\/thegeniusesgroup.com\/es\/glosario\/\" \/>\n<meta property=\"og:site_name\" content=\"Geniuses Group LLC\" \/>\n<meta property=\"article:modified_time\" content=\"2023-03-24T04:41:19+00:00\" \/>\n<meta name=\"twitter:card\" content=\"summary_large_image\" \/>\n<script type=\"application\/ld+json\" class=\"yoast-schema-graph\">{\"@context\":\"https:\/\/schema.org\",\"@graph\":[{\"@type\":\"WebPage\",\"@id\":\"https:\/\/thegeniusesgroup.com\/es\/glosario\/\",\"url\":\"https:\/\/thegeniusesgroup.com\/es\/glosario\/\",\"name\":\"Glosario - Geniuses Group LLC\",\"isPartOf\":{\"@id\":\"https:\/\/thegeniusesgroup.com\/es\/#website\"},\"datePublished\":\"2022-02-16T04:56:13+00:00\",\"dateModified\":\"2023-03-24T04:41:19+00:00\",\"description\":\"Glosario\",\"breadcrumb\":{\"@id\":\"https:\/\/thegeniusesgroup.com\/es\/glosario\/#breadcrumb\"},\"inLanguage\":\"es\",\"potentialAction\":[{\"@type\":\"ReadAction\",\"target\":[\"https:\/\/thegeniusesgroup.com\/es\/glosario\/\"]}]},{\"@type\":\"BreadcrumbList\",\"@id\":\"https:\/\/thegeniusesgroup.com\/es\/glosario\/#breadcrumb\",\"itemListElement\":[{\"@type\":\"ListItem\",\"position\":1,\"name\":\"Home\",\"item\":\"https:\/\/thegeniusesgroup.com\/es\/\"},{\"@type\":\"ListItem\",\"position\":2,\"name\":\"Glosario\"}]},{\"@type\":\"WebSite\",\"@id\":\"https:\/\/thegeniusesgroup.com\/es\/#website\",\"url\":\"https:\/\/thegeniusesgroup.com\/es\/\",\"name\":\"Geniuses Group LLC\",\"description\":\"Tests, Training &amp; Technology\",\"publisher\":{\"@id\":\"https:\/\/thegeniusesgroup.com\/es\/#organization\"},\"alternateName\":\"Tests, Training & Trechnology\",\"potentialAction\":[{\"@type\":\"SearchAction\",\"target\":{\"@type\":\"EntryPoint\",\"urlTemplate\":\"https:\/\/thegeniusesgroup.com\/es\/?s={search_term_string}\"},\"query-input\":{\"@type\":\"PropertyValueSpecification\",\"valueRequired\":true,\"valueName\":\"search_term_string\"}}],\"inLanguage\":\"es\"},{\"@type\":\"Organization\",\"@id\":\"https:\/\/thegeniusesgroup.com\/es\/#organization\",\"name\":\"Geniuses Group LLC\",\"alternateName\":\"Tests, Training & Trechnology\",\"url\":\"https:\/\/thegeniusesgroup.com\/es\/\",\"logo\":{\"@type\":\"ImageObject\",\"inLanguage\":\"es\",\"@id\":\"https:\/\/thegeniusesgroup.com\/es\/#\/schema\/logo\/image\/\",\"url\":\"https:\/\/thegeniusesgroup.com\/es\/wp-content\/uploads\/2022\/01\/logo.jpg\",\"contentUrl\":\"https:\/\/thegeniusesgroup.com\/es\/wp-content\/uploads\/2022\/01\/logo.jpg\",\"width\":492,\"height\":143,\"caption\":\"Geniuses Group LLC\"},\"image\":{\"@id\":\"https:\/\/thegeniusesgroup.com\/es\/#\/schema\/logo\/image\/\"}}]}<\/script>\n<!-- \/ Yoast SEO plugin. -->","yoast_head_json":{"title":"Glosario - Geniuses Group LLC","description":"Glosario","robots":{"index":"index","follow":"follow","max-snippet":"max-snippet:-1","max-image-preview":"max-image-preview:large","max-video-preview":"max-video-preview:-1"},"canonical":"https:\/\/thegeniusesgroup.com\/es\/glosario\/","og_locale":"es_ES","og_type":"article","og_title":"Glosario - Geniuses Group LLC","og_description":"Glosario","og_url":"https:\/\/thegeniusesgroup.com\/es\/glosario\/","og_site_name":"Geniuses Group LLC","article_modified_time":"2023-03-24T04:41:19+00:00","twitter_card":"summary_large_image","schema":{"@context":"https:\/\/schema.org","@graph":[{"@type":"WebPage","@id":"https:\/\/thegeniusesgroup.com\/es\/glosario\/","url":"https:\/\/thegeniusesgroup.com\/es\/glosario\/","name":"Glosario - Geniuses Group LLC","isPartOf":{"@id":"https:\/\/thegeniusesgroup.com\/es\/#website"},"datePublished":"2022-02-16T04:56:13+00:00","dateModified":"2023-03-24T04:41:19+00:00","description":"Glosario","breadcrumb":{"@id":"https:\/\/thegeniusesgroup.com\/es\/glosario\/#breadcrumb"},"inLanguage":"es","potentialAction":[{"@type":"ReadAction","target":["https:\/\/thegeniusesgroup.com\/es\/glosario\/"]}]},{"@type":"BreadcrumbList","@id":"https:\/\/thegeniusesgroup.com\/es\/glosario\/#breadcrumb","itemListElement":[{"@type":"ListItem","position":1,"name":"Home","item":"https:\/\/thegeniusesgroup.com\/es\/"},{"@type":"ListItem","position":2,"name":"Glosario"}]},{"@type":"WebSite","@id":"https:\/\/thegeniusesgroup.com\/es\/#website","url":"https:\/\/thegeniusesgroup.com\/es\/","name":"Geniuses Group LLC","description":"Tests, Training &amp; Technology","publisher":{"@id":"https:\/\/thegeniusesgroup.com\/es\/#organization"},"alternateName":"Tests, Training & Trechnology","potentialAction":[{"@type":"SearchAction","target":{"@type":"EntryPoint","urlTemplate":"https:\/\/thegeniusesgroup.com\/es\/?s={search_term_string}"},"query-input":{"@type":"PropertyValueSpecification","valueRequired":true,"valueName":"search_term_string"}}],"inLanguage":"es"},{"@type":"Organization","@id":"https:\/\/thegeniusesgroup.com\/es\/#organization","name":"Geniuses Group LLC","alternateName":"Tests, Training & Trechnology","url":"https:\/\/thegeniusesgroup.com\/es\/","logo":{"@type":"ImageObject","inLanguage":"es","@id":"https:\/\/thegeniusesgroup.com\/es\/#\/schema\/logo\/image\/","url":"https:\/\/thegeniusesgroup.com\/es\/wp-content\/uploads\/2022\/01\/logo.jpg","contentUrl":"https:\/\/thegeniusesgroup.com\/es\/wp-content\/uploads\/2022\/01\/logo.jpg","width":492,"height":143,"caption":"Geniuses Group LLC"},"image":{"@id":"https:\/\/thegeniusesgroup.com\/es\/#\/schema\/logo\/image\/"}}]}},"jetpack_sharing_enabled":true,"_links":{"self":[{"href":"https:\/\/thegeniusesgroup.com\/es\/wp-json\/wp\/v2\/pages\/25468"}],"collection":[{"href":"https:\/\/thegeniusesgroup.com\/es\/wp-json\/wp\/v2\/pages"}],"about":[{"href":"https:\/\/thegeniusesgroup.com\/es\/wp-json\/wp\/v2\/types\/page"}],"author":[{"embeddable":true,"href":"https:\/\/thegeniusesgroup.com\/es\/wp-json\/wp\/v2\/users\/1"}],"replies":[{"embeddable":true,"href":"https:\/\/thegeniusesgroup.com\/es\/wp-json\/wp\/v2\/comments?post=25468"}],"version-history":[{"count":0,"href":"https:\/\/thegeniusesgroup.com\/es\/wp-json\/wp\/v2\/pages\/25468\/revisions"}],"wp:attachment":[{"href":"https:\/\/thegeniusesgroup.com\/es\/wp-json\/wp\/v2\/media?parent=25468"}],"curies":[{"name":"wp","href":"https:\/\/api.w.org\/{rel}","templated":true}]}}