{"id":25481,"date":"2022-02-16T14:58:39","date_gmt":"2022-02-16T14:58:39","guid":{"rendered":"https:\/\/thegeniusesgroup.com\/es\/?page_id=25481"},"modified":"2022-09-07T17:26:40","modified_gmt":"2022-09-07T17:26:40","slug":"websites-paginas-web","status":"publish","type":"page","link":"https:\/\/thegeniusesgroup.com\/es\/websites-paginas-web\/","title":{"rendered":"Websites"},"content":{"rendered":"<div class=\"wpb-content-wrapper\"><p>[vc_row full_width=&#8221;stretch_row&#8221; css=&#8221;.vc_custom_1654546005758{background-color: #ffffff !important;}&#8221;][vc_column css_animation=&#8221;bottom-to-top&#8221;][vc_row_inner][vc_column_inner offset=&#8221;vc_hidden-sm vc_hidden-xs&#8221; css=&#8221;.vc_custom_1643745369059{margin-top: -15px !important;border-top-width: -15px !important;padding-top: -15px !important;}&#8221;][vc_column_text]<\/p>\n<h2 style=\"text-align: center;\">P\u00e1ginas Web<\/h2>\n<p>[\/vc_column_text][vc_column_text]<\/p>\n<div class=\"styled-subtitle\" style=\"text-align: center;\">En <strong>Geniuses Group<\/strong> nos dedicamos entre otras cosas al dise\u00f1o de sitios web (p\u00e1ginas web), trabajamos tanto p\u00e1ginas web en <strong>HTML<\/strong> como sitios web con contenido din\u00e1mico (CSS) con <strong>WordPress<\/strong>.<\/div>\n<p>[\/vc_column_text][\/vc_column_inner][\/vc_row_inner][vc_text_separator title_level=&#8221;h3&#8243; title=&#8221;&#8221; i_type=&#8221;typicons&#8221; i_icon_typicons=&#8221;typcn typcn-lightbulb&#8221; i_color=&#8221;sky&#8221; el_width=&#8221;80&#8243; add_icon=&#8221;true&#8221;][\/vc_column][\/vc_row][vc_row full_width=&#8221;stretch_row_content_no_spaces&#8221; equal_height=&#8221;yes&#8221; content_placement=&#8221;middle&#8221; css=&#8221;.vc_custom_1542290658823{margin-bottom: 0px !important;padding-bottom: 0px !important;}&#8221;][vc_column width=&#8221;1\/2&#8243; css_animation=&#8221;bottom-to-top&#8221; css=&#8221;.vc_custom_1542380429204{background-image: url(https:\/\/thegeniusesgroup.com\/es\/wp-content\/uploads\/2018\/11\/4.jpg?id=24032) !important;background-position: center !important;background-repeat: no-repeat !important;background-size: cover !important;}&#8221;]<div class=\"clearboth\"><\/div><style>#thegem-divider-69efc17cae617 {margin-top: 300px !important;}<\/style><div id=\"thegem-divider-69efc17cae617\" class=\"gem-divider  \" style=\"\" ><\/div>[\/vc_column][vc_column width=&#8221;1\/2&#8243; disable_custom_paddings_tablet=&#8221;true&#8221; disable_custom_paddings_mobile=&#8221;true&#8221; css=&#8221;.vc_custom_1645023721770{padding-right: 110px !important;padding-left: 110px !important;background-color: #eef3f1 !important;}&#8221;][vc_column_text]<\/p>\n<h4 style=\"text-align: center;\">\u00bfQue Ofrecemos?<\/h4>\n<p>[\/vc_column_text]<div class=\"clearboth\"><\/div><style>#thegem-divider-69efc17cae651 {margin-top: 30px !important;}<\/style><div id=\"thegem-divider-69efc17cae651\" class=\"gem-divider  \" style=\"\" ><\/div><div class=\"gem-list gem-list-type-checkbox gem-list-color-3\" ><ul>\n<li>Nuestros sitios web son amigables, responsive para que se adapten a cualquier tama\u00f1o de pantalla seg\u00fan el dispositivo, sea una tablet, un celular, una computadora port\u00e1til o un desktop.<\/li>\n<li>Contamos con una amplia variedad de dise\u00f1os y plantillas que facilitan la implementaci\u00f3n en un tiempo razonable, personalizamos los dise\u00f1os a su propia identidad de empresa, instituci\u00f3n, imagen empresarial o proyecto personal.<\/li>\n<li>Redise\u00f1o de P\u00e1ginas Web: Si usted ya cuenta con un sitio web, podemos redise\u00f1arlo.<\/li>\n<li>Optimizaci\u00f3n para Buscadores: Contribuimos a su contenido web, tambi\u00e9n contamos con un equipo generador de contenido web, creador de meta data que facilite que su sitio web sea posicionado en navegadores y buscadores en internet como Google, Edge, \u2026<\/li>\n<\/ul>\n<\/div>[vc_row_inner][vc_column_inner offset=&#8221;vc_hidden-xs&#8221;]<div class=\"clearboth\"><\/div><style>#thegem-divider-69efc17cae722 {margin-top: 30px !important;}<\/style><div id=\"thegem-divider-69efc17cae722\" class=\"gem-divider  \" style=\"\" ><\/div>[\/vc_column_inner][\/vc_row_inner][\/vc_column][\/vc_row][vc_row full_width=&#8221;stretch_row_content_no_spaces&#8221; equal_height=&#8221;yes&#8221; content_placement=&#8221;middle&#8221; css=&#8221;.vc_custom_1542290658823{margin-bottom: 0px !important;padding-bottom: 0px !important;}&#8221;][vc_column width=&#8221;1\/2&#8243; disable_custom_paddings_tablet=&#8221;true&#8221; disable_custom_paddings_mobile=&#8221;true&#8221; css=&#8221;.vc_custom_1542290229812{padding-right: 110px !important;padding-left: 110px !important;}&#8221;]<div class=\"clearboth\"><\/div><style>#thegem-divider-69efc17cae73c {margin-top: 40px !important;}<\/style><div id=\"thegem-divider-69efc17cae73c\" class=\"gem-divider  \" style=\"\" ><\/div><div class=\"gem-list gem-list-type-checkbox gem-list-color-3\" ><ul>\n<li>En Geniuses Group tambi\u00e9n contamos con servicios de mantenimiento de contenido web. Su sitio puede estar siempre actualizado por nuestro equipo de actualizaci\u00f3n de contenido de forma din\u00e1mica.<\/li>\n<li>Dise\u00f1amos, implementamos y programamos sitios web (p\u00e1ginas web) tanto en ingl\u00e9s como en espa\u00f1ol.<\/li>\n<li>Integraci\u00f3n: Su sitio web (p\u00e1gina web) puede ser vinculado a diferentes formularios, redes sociales, canales, aplicaciones, cobros en l\u00ednea, \u2026 conectamos su website a cualquier recurso web que usted necesite.<\/li>\n<li>Formularios: Aparte del cl\u00e1sico formulario Cont\u00e1ctenos, en Geniuses Group implementamos cualquier otro tipo de formulario como: Captaci\u00f3n de candidatos para empleo, registro de visitantes, registro de posibles distribuidores, encuestas, evaluaciones de satisfacci\u00f3n, etc.<\/li>\n<\/ul>\n<\/div>[vc_row_inner][vc_column_inner offset=&#8221;vc_hidden-xs&#8221;]<div class=\"clearboth\"><\/div><style>#thegem-divider-69efc17cae7c8 {margin-top: 20px !important;}<\/style><div id=\"thegem-divider-69efc17cae7c8\" class=\"gem-divider  \" style=\"\" ><\/div>[\/vc_column_inner][\/vc_row_inner][\/vc_column][vc_column width=&#8221;1\/2&#8243; css_animation=&#8221;bottom-to-top&#8221; css=&#8221;.vc_custom_1645023505256{background-image: url(https:\/\/thegeniusesgroup.com\/es\/wp-content\/uploads\/2019\/02\/10.jpg?id=24785) !important;background-position: center !important;background-repeat: no-repeat !important;background-size: cover !important;}&#8221;]<div class=\"clearboth\"><\/div><style>#thegem-divider-69efc17cae7dc {margin-top: 300px !important;}<\/style><div id=\"thegem-divider-69efc17cae7dc\" class=\"gem-divider  \" style=\"\" ><\/div>[\/vc_column][\/vc_row]<\/p>\n<\/div>","protected":false},"excerpt":{"rendered":"<p>[vc_row full_width=&#8221;stretch_row&#8221; css=&#8221;.vc_custom_1654546005758{background-color: #ffffff !important;}&#8221;][vc_column css_animation=&#8221;bottom-to-top&#8221;][vc_row_inner][vc_column_inner offset=&#8221;vc_hidden-sm vc_hidden-xs&#8221; css=&#8221;.vc_custom_1643745369059{margin-top: -15px !important;border-top-width: -15px !important;padding-top: -15px !important;}&#8221;][vc_column_text] P\u00e1ginas Web [\/vc_column_text][vc_column_text] En Geniuses&#8230;<\/p>\n","protected":false},"author":1,"featured_media":0,"parent":0,"menu_order":0,"comment_status":"closed","ping_status":"closed","template":"","meta":{"footnotes":""},"class_list":["post-25481","page","type-page","status-publish"],"yoast_head":"<!-- This site is optimized with the Yoast SEO plugin v23.4 - https:\/\/yoast.com\/wordpress\/plugins\/seo\/ -->\n<title>Websites - Geniuses Group LLC<\/title>\n<meta name=\"description\" content=\"Websites\" \/>\n<meta name=\"robots\" content=\"index, follow, max-snippet:-1, max-image-preview:large, max-video-preview:-1\" \/>\n<link rel=\"canonical\" href=\"https:\/\/thegeniusesgroup.com\/es\/websites-paginas-web\/\" \/>\n<meta property=\"og:locale\" content=\"es_ES\" \/>\n<meta property=\"og:type\" content=\"article\" \/>\n<meta property=\"og:title\" content=\"Websites - Geniuses Group LLC\" \/>\n<meta property=\"og:description\" content=\"Websites\" \/>\n<meta property=\"og:url\" content=\"https:\/\/thegeniusesgroup.com\/es\/websites-paginas-web\/\" \/>\n<meta property=\"og:site_name\" content=\"Geniuses Group LLC\" \/>\n<meta property=\"article:modified_time\" content=\"2022-09-07T17:26:40+00:00\" \/>\n<meta name=\"twitter:card\" content=\"summary_large_image\" \/>\n<script type=\"application\/ld+json\" class=\"yoast-schema-graph\">{\"@context\":\"https:\/\/schema.org\",\"@graph\":[{\"@type\":\"WebPage\",\"@id\":\"https:\/\/thegeniusesgroup.com\/es\/websites-paginas-web\/\",\"url\":\"https:\/\/thegeniusesgroup.com\/es\/websites-paginas-web\/\",\"name\":\"Websites - Geniuses Group LLC\",\"isPartOf\":{\"@id\":\"https:\/\/thegeniusesgroup.com\/es\/#website\"},\"datePublished\":\"2022-02-16T14:58:39+00:00\",\"dateModified\":\"2022-09-07T17:26:40+00:00\",\"description\":\"Websites\",\"breadcrumb\":{\"@id\":\"https:\/\/thegeniusesgroup.com\/es\/websites-paginas-web\/#breadcrumb\"},\"inLanguage\":\"es\",\"potentialAction\":[{\"@type\":\"ReadAction\",\"target\":[\"https:\/\/thegeniusesgroup.com\/es\/websites-paginas-web\/\"]}]},{\"@type\":\"BreadcrumbList\",\"@id\":\"https:\/\/thegeniusesgroup.com\/es\/websites-paginas-web\/#breadcrumb\",\"itemListElement\":[{\"@type\":\"ListItem\",\"position\":1,\"name\":\"Home\",\"item\":\"https:\/\/thegeniusesgroup.com\/es\/\"},{\"@type\":\"ListItem\",\"position\":2,\"name\":\"Websites\"}]},{\"@type\":\"WebSite\",\"@id\":\"https:\/\/thegeniusesgroup.com\/es\/#website\",\"url\":\"https:\/\/thegeniusesgroup.com\/es\/\",\"name\":\"Geniuses Group LLC\",\"description\":\"Tests, Training &amp; Technology\",\"publisher\":{\"@id\":\"https:\/\/thegeniusesgroup.com\/es\/#organization\"},\"alternateName\":\"Tests, Training & Trechnology\",\"potentialAction\":[{\"@type\":\"SearchAction\",\"target\":{\"@type\":\"EntryPoint\",\"urlTemplate\":\"https:\/\/thegeniusesgroup.com\/es\/?s={search_term_string}\"},\"query-input\":{\"@type\":\"PropertyValueSpecification\",\"valueRequired\":true,\"valueName\":\"search_term_string\"}}],\"inLanguage\":\"es\"},{\"@type\":\"Organization\",\"@id\":\"https:\/\/thegeniusesgroup.com\/es\/#organization\",\"name\":\"Geniuses Group LLC\",\"alternateName\":\"Tests, Training & Trechnology\",\"url\":\"https:\/\/thegeniusesgroup.com\/es\/\",\"logo\":{\"@type\":\"ImageObject\",\"inLanguage\":\"es\",\"@id\":\"https:\/\/thegeniusesgroup.com\/es\/#\/schema\/logo\/image\/\",\"url\":\"https:\/\/thegeniusesgroup.com\/es\/wp-content\/uploads\/2022\/01\/logo.jpg\",\"contentUrl\":\"https:\/\/thegeniusesgroup.com\/es\/wp-content\/uploads\/2022\/01\/logo.jpg\",\"width\":492,\"height\":143,\"caption\":\"Geniuses Group LLC\"},\"image\":{\"@id\":\"https:\/\/thegeniusesgroup.com\/es\/#\/schema\/logo\/image\/\"}}]}<\/script>\n<!-- \/ Yoast SEO plugin. -->","yoast_head_json":{"title":"Websites - Geniuses Group LLC","description":"Websites","robots":{"index":"index","follow":"follow","max-snippet":"max-snippet:-1","max-image-preview":"max-image-preview:large","max-video-preview":"max-video-preview:-1"},"canonical":"https:\/\/thegeniusesgroup.com\/es\/websites-paginas-web\/","og_locale":"es_ES","og_type":"article","og_title":"Websites - Geniuses Group LLC","og_description":"Websites","og_url":"https:\/\/thegeniusesgroup.com\/es\/websites-paginas-web\/","og_site_name":"Geniuses Group LLC","article_modified_time":"2022-09-07T17:26:40+00:00","twitter_card":"summary_large_image","schema":{"@context":"https:\/\/schema.org","@graph":[{"@type":"WebPage","@id":"https:\/\/thegeniusesgroup.com\/es\/websites-paginas-web\/","url":"https:\/\/thegeniusesgroup.com\/es\/websites-paginas-web\/","name":"Websites - Geniuses Group LLC","isPartOf":{"@id":"https:\/\/thegeniusesgroup.com\/es\/#website"},"datePublished":"2022-02-16T14:58:39+00:00","dateModified":"2022-09-07T17:26:40+00:00","description":"Websites","breadcrumb":{"@id":"https:\/\/thegeniusesgroup.com\/es\/websites-paginas-web\/#breadcrumb"},"inLanguage":"es","potentialAction":[{"@type":"ReadAction","target":["https:\/\/thegeniusesgroup.com\/es\/websites-paginas-web\/"]}]},{"@type":"BreadcrumbList","@id":"https:\/\/thegeniusesgroup.com\/es\/websites-paginas-web\/#breadcrumb","itemListElement":[{"@type":"ListItem","position":1,"name":"Home","item":"https:\/\/thegeniusesgroup.com\/es\/"},{"@type":"ListItem","position":2,"name":"Websites"}]},{"@type":"WebSite","@id":"https:\/\/thegeniusesgroup.com\/es\/#website","url":"https:\/\/thegeniusesgroup.com\/es\/","name":"Geniuses Group LLC","description":"Tests, Training &amp; Technology","publisher":{"@id":"https:\/\/thegeniusesgroup.com\/es\/#organization"},"alternateName":"Tests, Training & Trechnology","potentialAction":[{"@type":"SearchAction","target":{"@type":"EntryPoint","urlTemplate":"https:\/\/thegeniusesgroup.com\/es\/?s={search_term_string}"},"query-input":{"@type":"PropertyValueSpecification","valueRequired":true,"valueName":"search_term_string"}}],"inLanguage":"es"},{"@type":"Organization","@id":"https:\/\/thegeniusesgroup.com\/es\/#organization","name":"Geniuses Group LLC","alternateName":"Tests, Training & Trechnology","url":"https:\/\/thegeniusesgroup.com\/es\/","logo":{"@type":"ImageObject","inLanguage":"es","@id":"https:\/\/thegeniusesgroup.com\/es\/#\/schema\/logo\/image\/","url":"https:\/\/thegeniusesgroup.com\/es\/wp-content\/uploads\/2022\/01\/logo.jpg","contentUrl":"https:\/\/thegeniusesgroup.com\/es\/wp-content\/uploads\/2022\/01\/logo.jpg","width":492,"height":143,"caption":"Geniuses Group LLC"},"image":{"@id":"https:\/\/thegeniusesgroup.com\/es\/#\/schema\/logo\/image\/"}}]}},"jetpack_sharing_enabled":true,"_links":{"self":[{"href":"https:\/\/thegeniusesgroup.com\/es\/wp-json\/wp\/v2\/pages\/25481"}],"collection":[{"href":"https:\/\/thegeniusesgroup.com\/es\/wp-json\/wp\/v2\/pages"}],"about":[{"href":"https:\/\/thegeniusesgroup.com\/es\/wp-json\/wp\/v2\/types\/page"}],"author":[{"embeddable":true,"href":"https:\/\/thegeniusesgroup.com\/es\/wp-json\/wp\/v2\/users\/1"}],"replies":[{"embeddable":true,"href":"https:\/\/thegeniusesgroup.com\/es\/wp-json\/wp\/v2\/comments?post=25481"}],"version-history":[{"count":0,"href":"https:\/\/thegeniusesgroup.com\/es\/wp-json\/wp\/v2\/pages\/25481\/revisions"}],"wp:attachment":[{"href":"https:\/\/thegeniusesgroup.com\/es\/wp-json\/wp\/v2\/media?parent=25481"}],"curies":[{"name":"wp","href":"https:\/\/api.w.org\/{rel}","templated":true}]}}