{"id":25584,"date":"2022-03-09T16:17:25","date_gmt":"2022-03-09T16:17:25","guid":{"rendered":"https:\/\/thegeniusesgroup.com\/es\/?page_id=25584"},"modified":"2025-01-28T17:40:37","modified_gmt":"2025-01-28T17:40:37","slug":"algunas-referencias","status":"publish","type":"page","link":"https:\/\/thegeniusesgroup.com\/es\/algunas-referencias\/","title":{"rendered":"Algunas Referencias"},"content":{"rendered":"<div class=\"wpb-content-wrapper\"><p>[vc_row full_width=&#8221;stretch_row&#8221; css=&#8221;.vc_custom_1654545767501{background-color: #ffffff !important;}&#8221;][vc_column css_animation=&#8221;bottom-to-top&#8221;][vc_row_inner][vc_column_inner offset=&#8221;vc_hidden-sm vc_hidden-xs&#8221;][vc_column_text]<\/p>\n<h3 style=\"text-align: center;\">ALGUNOS DE NUESTROS CLIENTES<\/h3>\n<p>[\/vc_column_text][vc_text_separator title=&#8221;&#8221; i_type=&#8221;typicons&#8221; i_icon_typicons=&#8221;typcn typcn-lightbulb&#8221; i_color=&#8221;sky&#8221; el_width=&#8221;80&#8243; add_icon=&#8221;true&#8221;][\/vc_column_inner][\/vc_row_inner][\/vc_column][\/vc_row][vc_row full_width=&#8221;stretch_row&#8221; css=&#8221;.vc_custom_1542286470121{background-color: #ffffff !important;}&#8221;][vc_column css_animation=&#8221;bottom-to-top&#8221;][vc_column_text css=&#8221;&#8221; css_animation=&#8221;none&#8221;]<\/p>\n<p style=\"text-align: justify;\">SalesLand, Gasolineras Don Arturo (Corporaci\u00f3n de Confianza), Farmacias Galeno, Pozuelo (Centro Am\u00e9rica), GIDEX (Rep\u00fablica Dominicana), Solydez (Honduras), HG Selectiva, Hard Rock Hotel (Costa Rica), Hoteles Clarion (VICLASA), GTH\u00a0 Gesti\u00f3n del Talento Humano (Per\u00fa), Contacto Humano GC, Corporaci\u00f3n LG, Telef\u00f3nica; PB People Bridges, Grupo Aritsmo, CAPSA (Embutidos Bremen y Santa Luc\u00eda), Creativa Talento, Compaq (Per\u00fa), Cl\u00ednica FORMARTE, A1 Servicios, TADEUS (Costa Rica), Grupo AGE,\u00a0 AMC, CT Consultores, Efectiva GT, Pronta Gesti\u00f3n, HRT Consultants, RH Consultants, Panama Waste Management (Panam\u00e1), People GT, TRH Talentu, Soluciones Creativas, MC Consultor\u00eda, Menarini (Latin Farma) (Centroam\u00e9rica), Lovable (Centroam\u00e9rica),\u00a0 Rodio Swissboring,\u00a0 Airaldi (Argentina),\u00a0 Cmarket, Electroplan (Colombia), Hinnova Consulting Group (Quetzaltenango), Asociaci\u00f3n Eli\u00f3n (Coatepeque), Humanus Consultores GT,\u00a0 La Casa de Las Bater\u00edas Guatemala, Mumuso, Orange Talent Group, RM Consultores (Panam\u00e1),\u00a0 Talhum GT,\u00a0 MECK Suministros y Consultor\u00eda (Colombia), RYS Consultores,\u00a0 FIFCO Kern&#8217;s (EUA), TRD Consulting (Per\u00fa), Fuentes de Empleo (Costa Rica), Pulsar Technologies (Rep\u00fablica Dominicana), BCG Business Consulting Group (Panam\u00e1), Asesor\u00eda Integral, Banco Azteca, Elektra, It\u00e1lika, TV Azteca, COOPACH (Pachalum Quich\u00e9),\u00a0 InCompany GT, BTA\u00a0 Business &amp; Talent Advisors (Costa Rica), Assessment Center, MPS Macro Projects Solutions (Ecuador), Victorious Tower Consulting (Ecuador),\u00a0 Tienda Universal (Costa Rica), FOCUS,\u00a0 The Best Talent, Cima Consulting Group,\u00a0 Human Talent Consultants, World Vision International, La Casa de las Bater\u00edas (El Salvador), La Casa de Las Bater\u00edas (Costa Rica), La Casa de las Bater\u00edas (Panam\u00e1), ADT (M\u00e9xico), Win Trabajo, Transforma HC (M\u00e9xico), Solos Talento (Zacapa), QuiHuman (Ecuador), MAGNA, Truckslogic, Hyndai Divisi\u00f3n Camiones, MoreTimeBack (El Salvador),\u00a0 B&amp;A Human Talent (Ecuador), Chocolates Granada, UMANA, Make Leaders (M\u00e9xico), TAG (Transportes A\u00e9reos de Guatemala), Herrarte Reclutamiento, Focused Language Institute and Consulting (Rep\u00fablica Dominicana), Marroqu\u00edn Consultant (EUA), The Best Talent, C-Life Group (EUA), Data Solutions (El Salvador), Juventus Partners, RH Consultores (Nicaragua), Let&#8217;s Work,\u00a0 Portal Del Talento (Ecuador), Empaques de Centro Am\u00e9rica, B\u00a0 Solutions Group (Costa Rica) Ericka Flores Consultor\u00eda (Colombia), Vilo Servicios Integrados (Guatemala), Regal Springs (Honduras), AC Consultant Services (Costa Rica), Rafisacos (M\u00e9xico), Radiadores La Torre (Guatemala), Alpha Consulting (M\u00e9xico), MAC (Costa Rica), LAAT (Guatemala), IDCA (Guatemala), NETECH (Guatemala), FLICO (Rep\u00fablica Dominicana), INFOTEP (Rep\u00fablica Dominicana), World Vision International, Creative Business (Costa Rica), LUBRIIMPORT (Guatemala), FUNSEPA (Guatemala), COPELIBER (Guatemala), T&amp;R Solutions (El Salvador), Calzado Chicote (Guatemala), TQF Triangle Quality Foods (Estados Unidos), MOSCAMED (Guatemala), Poligraf\u00eda GT (Guatemala), La Nacional (Rep\u00fablica Dominicana), LANPROSA (Costa Rica), INPROCA (Rep\u00fablica Dominicana), etc.<\/p>\n<p>[\/vc_column_text][\/vc_column][\/vc_row]<\/p>\n<\/div>","protected":false},"excerpt":{"rendered":"<p>[vc_row full_width=&#8221;stretch_row&#8221; css=&#8221;.vc_custom_1654545767501{background-color: #ffffff !important;}&#8221;][vc_column css_animation=&#8221;bottom-to-top&#8221;][vc_row_inner][vc_column_inner offset=&#8221;vc_hidden-sm vc_hidden-xs&#8221;][vc_column_text] ALGUNOS DE NUESTROS CLIENTES [\/vc_column_text][vc_text_separator title=&#8221;&#8221; i_type=&#8221;typicons&#8221; i_icon_typicons=&#8221;typcn typcn-lightbulb&#8221; i_color=&#8221;sky&#8221; el_width=&#8221;80&#8243; add_icon=&#8221;true&#8221;][\/vc_column_inner][\/vc_row_inner][\/vc_column][\/vc_row][vc_row&#8230;<\/p>\n","protected":false},"author":1,"featured_media":0,"parent":0,"menu_order":0,"comment_status":"closed","ping_status":"closed","template":"","meta":{"footnotes":""},"class_list":["post-25584","page","type-page","status-publish"],"yoast_head":"<!-- This site is optimized with the Yoast SEO plugin v23.4 - https:\/\/yoast.com\/wordpress\/plugins\/seo\/ -->\n<title>Algunas Referencias - Geniuses Group LLC<\/title>\n<meta name=\"description\" content=\"Algunas Referencias\" \/>\n<meta name=\"robots\" content=\"index, follow, max-snippet:-1, max-image-preview:large, max-video-preview:-1\" \/>\n<link rel=\"canonical\" href=\"https:\/\/thegeniusesgroup.com\/es\/algunas-referencias\/\" \/>\n<meta property=\"og:locale\" content=\"es_ES\" \/>\n<meta property=\"og:type\" content=\"article\" \/>\n<meta property=\"og:title\" content=\"Algunas Referencias - Geniuses Group LLC\" \/>\n<meta property=\"og:description\" content=\"Algunas Referencias\" \/>\n<meta property=\"og:url\" content=\"https:\/\/thegeniusesgroup.com\/es\/algunas-referencias\/\" \/>\n<meta property=\"og:site_name\" content=\"Geniuses Group LLC\" \/>\n<meta property=\"article:modified_time\" content=\"2025-01-28T17:40:37+00:00\" \/>\n<meta name=\"twitter:card\" content=\"summary_large_image\" \/>\n<script type=\"application\/ld+json\" class=\"yoast-schema-graph\">{\"@context\":\"https:\/\/schema.org\",\"@graph\":[{\"@type\":\"WebPage\",\"@id\":\"https:\/\/thegeniusesgroup.com\/es\/algunas-referencias\/\",\"url\":\"https:\/\/thegeniusesgroup.com\/es\/algunas-referencias\/\",\"name\":\"Algunas Referencias - Geniuses Group LLC\",\"isPartOf\":{\"@id\":\"https:\/\/thegeniusesgroup.com\/es\/#website\"},\"datePublished\":\"2022-03-09T16:17:25+00:00\",\"dateModified\":\"2025-01-28T17:40:37+00:00\",\"description\":\"Algunas Referencias\",\"breadcrumb\":{\"@id\":\"https:\/\/thegeniusesgroup.com\/es\/algunas-referencias\/#breadcrumb\"},\"inLanguage\":\"es\",\"potentialAction\":[{\"@type\":\"ReadAction\",\"target\":[\"https:\/\/thegeniusesgroup.com\/es\/algunas-referencias\/\"]}]},{\"@type\":\"BreadcrumbList\",\"@id\":\"https:\/\/thegeniusesgroup.com\/es\/algunas-referencias\/#breadcrumb\",\"itemListElement\":[{\"@type\":\"ListItem\",\"position\":1,\"name\":\"Home\",\"item\":\"https:\/\/thegeniusesgroup.com\/es\/\"},{\"@type\":\"ListItem\",\"position\":2,\"name\":\"Algunas Referencias\"}]},{\"@type\":\"WebSite\",\"@id\":\"https:\/\/thegeniusesgroup.com\/es\/#website\",\"url\":\"https:\/\/thegeniusesgroup.com\/es\/\",\"name\":\"Geniuses Group LLC\",\"description\":\"Tests, Training &amp; Technology\",\"publisher\":{\"@id\":\"https:\/\/thegeniusesgroup.com\/es\/#organization\"},\"alternateName\":\"Tests, Training & Trechnology\",\"potentialAction\":[{\"@type\":\"SearchAction\",\"target\":{\"@type\":\"EntryPoint\",\"urlTemplate\":\"https:\/\/thegeniusesgroup.com\/es\/?s={search_term_string}\"},\"query-input\":{\"@type\":\"PropertyValueSpecification\",\"valueRequired\":true,\"valueName\":\"search_term_string\"}}],\"inLanguage\":\"es\"},{\"@type\":\"Organization\",\"@id\":\"https:\/\/thegeniusesgroup.com\/es\/#organization\",\"name\":\"Geniuses Group LLC\",\"alternateName\":\"Tests, Training & Trechnology\",\"url\":\"https:\/\/thegeniusesgroup.com\/es\/\",\"logo\":{\"@type\":\"ImageObject\",\"inLanguage\":\"es\",\"@id\":\"https:\/\/thegeniusesgroup.com\/es\/#\/schema\/logo\/image\/\",\"url\":\"https:\/\/thegeniusesgroup.com\/es\/wp-content\/uploads\/2022\/01\/logo.jpg\",\"contentUrl\":\"https:\/\/thegeniusesgroup.com\/es\/wp-content\/uploads\/2022\/01\/logo.jpg\",\"width\":492,\"height\":143,\"caption\":\"Geniuses Group LLC\"},\"image\":{\"@id\":\"https:\/\/thegeniusesgroup.com\/es\/#\/schema\/logo\/image\/\"}}]}<\/script>\n<!-- \/ Yoast SEO plugin. -->","yoast_head_json":{"title":"Algunas Referencias - Geniuses Group LLC","description":"Algunas Referencias","robots":{"index":"index","follow":"follow","max-snippet":"max-snippet:-1","max-image-preview":"max-image-preview:large","max-video-preview":"max-video-preview:-1"},"canonical":"https:\/\/thegeniusesgroup.com\/es\/algunas-referencias\/","og_locale":"es_ES","og_type":"article","og_title":"Algunas Referencias - Geniuses Group LLC","og_description":"Algunas Referencias","og_url":"https:\/\/thegeniusesgroup.com\/es\/algunas-referencias\/","og_site_name":"Geniuses Group LLC","article_modified_time":"2025-01-28T17:40:37+00:00","twitter_card":"summary_large_image","schema":{"@context":"https:\/\/schema.org","@graph":[{"@type":"WebPage","@id":"https:\/\/thegeniusesgroup.com\/es\/algunas-referencias\/","url":"https:\/\/thegeniusesgroup.com\/es\/algunas-referencias\/","name":"Algunas Referencias - Geniuses Group LLC","isPartOf":{"@id":"https:\/\/thegeniusesgroup.com\/es\/#website"},"datePublished":"2022-03-09T16:17:25+00:00","dateModified":"2025-01-28T17:40:37+00:00","description":"Algunas Referencias","breadcrumb":{"@id":"https:\/\/thegeniusesgroup.com\/es\/algunas-referencias\/#breadcrumb"},"inLanguage":"es","potentialAction":[{"@type":"ReadAction","target":["https:\/\/thegeniusesgroup.com\/es\/algunas-referencias\/"]}]},{"@type":"BreadcrumbList","@id":"https:\/\/thegeniusesgroup.com\/es\/algunas-referencias\/#breadcrumb","itemListElement":[{"@type":"ListItem","position":1,"name":"Home","item":"https:\/\/thegeniusesgroup.com\/es\/"},{"@type":"ListItem","position":2,"name":"Algunas Referencias"}]},{"@type":"WebSite","@id":"https:\/\/thegeniusesgroup.com\/es\/#website","url":"https:\/\/thegeniusesgroup.com\/es\/","name":"Geniuses Group LLC","description":"Tests, Training &amp; Technology","publisher":{"@id":"https:\/\/thegeniusesgroup.com\/es\/#organization"},"alternateName":"Tests, Training & Trechnology","potentialAction":[{"@type":"SearchAction","target":{"@type":"EntryPoint","urlTemplate":"https:\/\/thegeniusesgroup.com\/es\/?s={search_term_string}"},"query-input":{"@type":"PropertyValueSpecification","valueRequired":true,"valueName":"search_term_string"}}],"inLanguage":"es"},{"@type":"Organization","@id":"https:\/\/thegeniusesgroup.com\/es\/#organization","name":"Geniuses Group LLC","alternateName":"Tests, Training & Trechnology","url":"https:\/\/thegeniusesgroup.com\/es\/","logo":{"@type":"ImageObject","inLanguage":"es","@id":"https:\/\/thegeniusesgroup.com\/es\/#\/schema\/logo\/image\/","url":"https:\/\/thegeniusesgroup.com\/es\/wp-content\/uploads\/2022\/01\/logo.jpg","contentUrl":"https:\/\/thegeniusesgroup.com\/es\/wp-content\/uploads\/2022\/01\/logo.jpg","width":492,"height":143,"caption":"Geniuses Group LLC"},"image":{"@id":"https:\/\/thegeniusesgroup.com\/es\/#\/schema\/logo\/image\/"}}]}},"jetpack_sharing_enabled":true,"_links":{"self":[{"href":"https:\/\/thegeniusesgroup.com\/es\/wp-json\/wp\/v2\/pages\/25584"}],"collection":[{"href":"https:\/\/thegeniusesgroup.com\/es\/wp-json\/wp\/v2\/pages"}],"about":[{"href":"https:\/\/thegeniusesgroup.com\/es\/wp-json\/wp\/v2\/types\/page"}],"author":[{"embeddable":true,"href":"https:\/\/thegeniusesgroup.com\/es\/wp-json\/wp\/v2\/users\/1"}],"replies":[{"embeddable":true,"href":"https:\/\/thegeniusesgroup.com\/es\/wp-json\/wp\/v2\/comments?post=25584"}],"version-history":[{"count":0,"href":"https:\/\/thegeniusesgroup.com\/es\/wp-json\/wp\/v2\/pages\/25584\/revisions"}],"wp:attachment":[{"href":"https:\/\/thegeniusesgroup.com\/es\/wp-json\/wp\/v2\/media?parent=25584"}],"curies":[{"name":"wp","href":"https:\/\/api.w.org\/{rel}","templated":true}]}}