{"id":25659,"date":"2022-05-11T18:13:26","date_gmt":"2022-05-11T18:13:26","guid":{"rendered":"https:\/\/thegeniusesgroup.com\/es\/?page_id=25659"},"modified":"2024-01-29T05:05:37","modified_gmt":"2024-01-29T05:05:37","slug":"contratacion","status":"publish","type":"page","link":"https:\/\/thegeniusesgroup.com\/es\/contratacion\/","title":{"rendered":"CONTRATACI\u00d3N GG TESTS"},"content":{"rendered":"<div class=\"wpb-content-wrapper\"><p>[vc_row][vc_column][vc_single_image image=&#8221;26614&#8243; img_size=&#8221;full&#8221; alignment=&#8221;center&#8221;][\/vc_column][\/vc_row][vc_row][vc_column offset=&#8221;vc_hidden-sm vc_hidden-xs&#8221;]<div class=\"clearboth\"><\/div><style>#thegem-divider-69efc15eb2141 {margin-top: 40px !important;}<\/style><div id=\"thegem-divider-69efc15eb2141\" class=\"gem-divider  \" style=\"\" ><\/div>[\/vc_column][\/vc_row][vc_row css=&#8221;.vc_custom_1653926084588{padding-bottom: 30px !important;}&#8221;][vc_column width=&#8221;1\/2&#8243; css=&#8221;.vc_custom_1653926272867{padding-top: 40px !important;}&#8221;]<div class=\"gem-image gem-wrapbox gem-wrapbox-style-default gem-wrapbox-position-left  thegem-custom-69efc15eb21845455\"  style=\"\" ><div class=\"gem-wrapbox-inner \" ><img class=\"gem-wrapbox-element img-responsive\" src=\"https:\/\/thegeniusesgroup.com\/es\/wp-content\/uploads\/2022\/05\/12.jpg\" alt=\"\"\/><\/div><\/div>[\/vc_column][vc_column width=&#8221;1\/2&#8243; css=&#8221;.vc_custom_1542633382802{background-image: url(https:\/\/thegeniusesgroup.com\/es\/wp-content\/uploads\/2018\/11\/worldmap.png?id=24172) !important;background-position: 0 0 !important;background-repeat: no-repeat !important;}&#8221;][vc_column_text css_animation=&#8221;bottom-to-top&#8221;]<\/p>\n<div class=\"styled-subtitle small-body\" style=\"text-align: justify;\">En Geniuses Group contamos con varias opciones para que usted se beneficie prontamente de su Bater\u00eda de GG Tests:<\/div>\n<p>[\/vc_column_text]<div class=\"gem-list gem-list-type-checkbox gem-list-color-3\" ><ul>\n<li><strong>Paquetes OnDemand<\/strong><\/li>\n<li><strong>Membrec\u00eda de Pruebas y Candidatos Ilimitados Mensual<\/strong><\/li>\n<li><strong>Membrec\u00eda de Pruebas y Candidatos Ilimitados Anual<\/strong><\/li>\n<li><strong>Membrec\u00edas Anuales Personalizadas a sus Propias Necesidades<\/strong><\/li>\n<\/ul>\n<\/div>[vc_column_text css_animation=&#8221;bottom-to-top&#8221;]<\/p>\n<div>\n<p style=\"text-align: justify;\">Para solicitar su membrec\u00eda, m\u00e1s informaci\u00f3n o cotizaci\u00f3n personalizada, \u00fanicamente <a href=\"https:\/\/thegeniusesgroup.com\/es\/solicitud-cotizacion\/\">complete el formulario<\/a> y con gusto uno de nuestros Asesores le atender\u00e1.<\/p>\n<p style=\"text-align: justify;\">Para efectuar su pago, puede optar por pago en l\u00ednea con tarjeta de debido o cr\u00e9dito o bien transferencia bancaria.<\/p>\n<\/div>\n<p>[\/vc_column_text][\/vc_column][\/vc_row][vc_row][vc_column width=&#8221;1\/3&#8243;][vc_btn title=&#8221;SOLICITE UNA PRUEBA GRATIS&#8221; color=&#8221;primary&#8221; size=&#8221;lg&#8221; align=&#8221;center&#8221; i_icon_fontawesome=&#8221;far fa-hand-point-right&#8221; css_animation=&#8221;fadeInDown&#8221; add_icon=&#8221;true&#8221; link=&#8221;url:https%3A%2F%2Fthegeniusesgroup.com%2Fes%2Fprueba-gratis%2F&#8221;][\/vc_column][vc_column width=&#8221;1\/3&#8243;][vc_btn title=&#8221;SOLICITE COTIZACI\u00d3N SIN COMPROMISO&#8221; color=&#8221;primary&#8221; size=&#8221;lg&#8221; align=&#8221;center&#8221; i_icon_fontawesome=&#8221;far fa-hand-point-right&#8221; css_animation=&#8221;fadeInDown&#8221; add_icon=&#8221;true&#8221; link=&#8221;url:https%3A%2F%2Fthegeniusesgroup.com%2Fes%2Fsolicitud-cotizacion%2F|title:Solicite%20Cotizaci%C3%B3n%20sin%20Compromiso&#8221;][\/vc_column][vc_column width=&#8221;1\/3&#8243;][vc_btn title=&#8221;COMPRAR AHORA&#8221; color=&#8221;primary&#8221; size=&#8221;lg&#8221; align=&#8221;center&#8221; i_icon_fontawesome=&#8221;far fa-hand-point-right&#8221; css_animation=&#8221;fadeInDown&#8221; add_icon=&#8221;true&#8221; link=&#8221;url:https%3A%2F%2Fthegeniusesgroup.com%2Fes%2Fmembresias%2F&#8221;][\/vc_column][\/vc_row]<\/p>\n<\/div>","protected":false},"excerpt":{"rendered":"<p>[vc_row][vc_column][vc_single_image image=&#8221;26614&#8243; img_size=&#8221;full&#8221; alignment=&#8221;center&#8221;][\/vc_column][\/vc_row][vc_row][vc_column offset=&#8221;vc_hidden-sm vc_hidden-xs&#8221;][\/vc_column][\/vc_row][vc_row css=&#8221;.vc_custom_1653926084588{padding-bottom: 30px !important;}&#8221;][vc_column width=&#8221;1\/2&#8243; css=&#8221;.vc_custom_1653926272867{padding-top: 40px !important;}&#8221;][\/vc_column][vc_column width=&#8221;1\/2&#8243; css=&#8221;.vc_custom_1542633382802{background-image: url(https:\/\/thegeniusesgroup.com\/es\/wp-content\/uploads\/2018\/11\/worldmap.png?id=24172) !important;background-position: 0 0 !important;background-repeat:&#8230;<\/p>\n","protected":false},"author":1,"featured_media":0,"parent":0,"menu_order":0,"comment_status":"closed","ping_status":"closed","template":"","meta":{"footnotes":""},"class_list":["post-25659","page","type-page","status-publish"],"yoast_head":"<!-- This site is optimized with the Yoast SEO plugin v23.4 - https:\/\/yoast.com\/wordpress\/plugins\/seo\/ -->\n<title>Contrataci\u00f3n de Pruebas Psicom\u00e9tricas<\/title>\n<meta name=\"description\" content=\"Facilidad de adquirir las pruebas, membrec\u00edas o paquetes a la media, a trav\u00e9s de pagos en l\u00ednea, Amazon Pay y transferencias bancarias.\" \/>\n<meta name=\"robots\" content=\"index, follow, max-snippet:-1, max-image-preview:large, max-video-preview:-1\" \/>\n<link rel=\"canonical\" href=\"https:\/\/thegeniusesgroup.com\/es\/contratacion\/\" \/>\n<meta property=\"og:locale\" content=\"es_ES\" \/>\n<meta property=\"og:type\" content=\"article\" \/>\n<meta property=\"og:title\" content=\"Contrataci\u00f3n de Pruebas Psicom\u00e9tricas\" \/>\n<meta property=\"og:description\" content=\"Facilidad de adquirir las pruebas, membrec\u00edas o paquetes a la media, a trav\u00e9s de pagos en l\u00ednea, Amazon Pay y transferencias bancarias.\" \/>\n<meta property=\"og:url\" content=\"https:\/\/thegeniusesgroup.com\/es\/contratacion\/\" \/>\n<meta property=\"og:site_name\" content=\"Geniuses Group LLC\" \/>\n<meta property=\"article:modified_time\" content=\"2024-01-29T05:05:37+00:00\" \/>\n<meta name=\"twitter:card\" content=\"summary_large_image\" \/>\n<script type=\"application\/ld+json\" class=\"yoast-schema-graph\">{\"@context\":\"https:\/\/schema.org\",\"@graph\":[{\"@type\":\"WebPage\",\"@id\":\"https:\/\/thegeniusesgroup.com\/es\/contratacion\/\",\"url\":\"https:\/\/thegeniusesgroup.com\/es\/contratacion\/\",\"name\":\"Contrataci\u00f3n de Pruebas Psicom\u00e9tricas\",\"isPartOf\":{\"@id\":\"https:\/\/thegeniusesgroup.com\/es\/#website\"},\"datePublished\":\"2022-05-11T18:13:26+00:00\",\"dateModified\":\"2024-01-29T05:05:37+00:00\",\"description\":\"Facilidad de adquirir las pruebas, membrec\u00edas o paquetes a la media, a trav\u00e9s de pagos en l\u00ednea, Amazon Pay y transferencias bancarias.\",\"breadcrumb\":{\"@id\":\"https:\/\/thegeniusesgroup.com\/es\/contratacion\/#breadcrumb\"},\"inLanguage\":\"es\",\"potentialAction\":[{\"@type\":\"ReadAction\",\"target\":[\"https:\/\/thegeniusesgroup.com\/es\/contratacion\/\"]}]},{\"@type\":\"BreadcrumbList\",\"@id\":\"https:\/\/thegeniusesgroup.com\/es\/contratacion\/#breadcrumb\",\"itemListElement\":[{\"@type\":\"ListItem\",\"position\":1,\"name\":\"Home\",\"item\":\"https:\/\/thegeniusesgroup.com\/es\/\"},{\"@type\":\"ListItem\",\"position\":2,\"name\":\"CONTRATACI\u00d3N GG TESTS\"}]},{\"@type\":\"WebSite\",\"@id\":\"https:\/\/thegeniusesgroup.com\/es\/#website\",\"url\":\"https:\/\/thegeniusesgroup.com\/es\/\",\"name\":\"Geniuses Group LLC\",\"description\":\"Tests, Training &amp; Technology\",\"publisher\":{\"@id\":\"https:\/\/thegeniusesgroup.com\/es\/#organization\"},\"alternateName\":\"Tests, Training & Trechnology\",\"potentialAction\":[{\"@type\":\"SearchAction\",\"target\":{\"@type\":\"EntryPoint\",\"urlTemplate\":\"https:\/\/thegeniusesgroup.com\/es\/?s={search_term_string}\"},\"query-input\":{\"@type\":\"PropertyValueSpecification\",\"valueRequired\":true,\"valueName\":\"search_term_string\"}}],\"inLanguage\":\"es\"},{\"@type\":\"Organization\",\"@id\":\"https:\/\/thegeniusesgroup.com\/es\/#organization\",\"name\":\"Geniuses Group LLC\",\"alternateName\":\"Tests, Training & Trechnology\",\"url\":\"https:\/\/thegeniusesgroup.com\/es\/\",\"logo\":{\"@type\":\"ImageObject\",\"inLanguage\":\"es\",\"@id\":\"https:\/\/thegeniusesgroup.com\/es\/#\/schema\/logo\/image\/\",\"url\":\"https:\/\/thegeniusesgroup.com\/es\/wp-content\/uploads\/2022\/01\/logo.jpg\",\"contentUrl\":\"https:\/\/thegeniusesgroup.com\/es\/wp-content\/uploads\/2022\/01\/logo.jpg\",\"width\":492,\"height\":143,\"caption\":\"Geniuses Group LLC\"},\"image\":{\"@id\":\"https:\/\/thegeniusesgroup.com\/es\/#\/schema\/logo\/image\/\"}}]}<\/script>\n<!-- \/ Yoast SEO plugin. -->","yoast_head_json":{"title":"Contrataci\u00f3n de Pruebas Psicom\u00e9tricas","description":"Facilidad de adquirir las pruebas, membrec\u00edas o paquetes a la media, a trav\u00e9s de pagos en l\u00ednea, Amazon Pay y transferencias bancarias.","robots":{"index":"index","follow":"follow","max-snippet":"max-snippet:-1","max-image-preview":"max-image-preview:large","max-video-preview":"max-video-preview:-1"},"canonical":"https:\/\/thegeniusesgroup.com\/es\/contratacion\/","og_locale":"es_ES","og_type":"article","og_title":"Contrataci\u00f3n de Pruebas Psicom\u00e9tricas","og_description":"Facilidad de adquirir las pruebas, membrec\u00edas o paquetes a la media, a trav\u00e9s de pagos en l\u00ednea, Amazon Pay y transferencias bancarias.","og_url":"https:\/\/thegeniusesgroup.com\/es\/contratacion\/","og_site_name":"Geniuses Group LLC","article_modified_time":"2024-01-29T05:05:37+00:00","twitter_card":"summary_large_image","schema":{"@context":"https:\/\/schema.org","@graph":[{"@type":"WebPage","@id":"https:\/\/thegeniusesgroup.com\/es\/contratacion\/","url":"https:\/\/thegeniusesgroup.com\/es\/contratacion\/","name":"Contrataci\u00f3n de Pruebas Psicom\u00e9tricas","isPartOf":{"@id":"https:\/\/thegeniusesgroup.com\/es\/#website"},"datePublished":"2022-05-11T18:13:26+00:00","dateModified":"2024-01-29T05:05:37+00:00","description":"Facilidad de adquirir las pruebas, membrec\u00edas o paquetes a la media, a trav\u00e9s de pagos en l\u00ednea, Amazon Pay y transferencias bancarias.","breadcrumb":{"@id":"https:\/\/thegeniusesgroup.com\/es\/contratacion\/#breadcrumb"},"inLanguage":"es","potentialAction":[{"@type":"ReadAction","target":["https:\/\/thegeniusesgroup.com\/es\/contratacion\/"]}]},{"@type":"BreadcrumbList","@id":"https:\/\/thegeniusesgroup.com\/es\/contratacion\/#breadcrumb","itemListElement":[{"@type":"ListItem","position":1,"name":"Home","item":"https:\/\/thegeniusesgroup.com\/es\/"},{"@type":"ListItem","position":2,"name":"CONTRATACI\u00d3N GG TESTS"}]},{"@type":"WebSite","@id":"https:\/\/thegeniusesgroup.com\/es\/#website","url":"https:\/\/thegeniusesgroup.com\/es\/","name":"Geniuses Group LLC","description":"Tests, Training &amp; Technology","publisher":{"@id":"https:\/\/thegeniusesgroup.com\/es\/#organization"},"alternateName":"Tests, Training & Trechnology","potentialAction":[{"@type":"SearchAction","target":{"@type":"EntryPoint","urlTemplate":"https:\/\/thegeniusesgroup.com\/es\/?s={search_term_string}"},"query-input":{"@type":"PropertyValueSpecification","valueRequired":true,"valueName":"search_term_string"}}],"inLanguage":"es"},{"@type":"Organization","@id":"https:\/\/thegeniusesgroup.com\/es\/#organization","name":"Geniuses Group LLC","alternateName":"Tests, Training & Trechnology","url":"https:\/\/thegeniusesgroup.com\/es\/","logo":{"@type":"ImageObject","inLanguage":"es","@id":"https:\/\/thegeniusesgroup.com\/es\/#\/schema\/logo\/image\/","url":"https:\/\/thegeniusesgroup.com\/es\/wp-content\/uploads\/2022\/01\/logo.jpg","contentUrl":"https:\/\/thegeniusesgroup.com\/es\/wp-content\/uploads\/2022\/01\/logo.jpg","width":492,"height":143,"caption":"Geniuses Group LLC"},"image":{"@id":"https:\/\/thegeniusesgroup.com\/es\/#\/schema\/logo\/image\/"}}]}},"jetpack_sharing_enabled":true,"_links":{"self":[{"href":"https:\/\/thegeniusesgroup.com\/es\/wp-json\/wp\/v2\/pages\/25659"}],"collection":[{"href":"https:\/\/thegeniusesgroup.com\/es\/wp-json\/wp\/v2\/pages"}],"about":[{"href":"https:\/\/thegeniusesgroup.com\/es\/wp-json\/wp\/v2\/types\/page"}],"author":[{"embeddable":true,"href":"https:\/\/thegeniusesgroup.com\/es\/wp-json\/wp\/v2\/users\/1"}],"replies":[{"embeddable":true,"href":"https:\/\/thegeniusesgroup.com\/es\/wp-json\/wp\/v2\/comments?post=25659"}],"version-history":[{"count":0,"href":"https:\/\/thegeniusesgroup.com\/es\/wp-json\/wp\/v2\/pages\/25659\/revisions"}],"wp:attachment":[{"href":"https:\/\/thegeniusesgroup.com\/es\/wp-json\/wp\/v2\/media?parent=25659"}],"curies":[{"name":"wp","href":"https:\/\/api.w.org\/{rel}","templated":true}]}}