{"id":25664,"date":"2022-05-11T18:29:56","date_gmt":"2022-05-11T18:29:56","guid":{"rendered":"https:\/\/thegeniusesgroup.com\/es\/?page_id=25664"},"modified":"2024-01-29T05:06:22","modified_gmt":"2024-01-29T05:06:22","slug":"plataforma-gg-tests","status":"publish","type":"page","link":"https:\/\/thegeniusesgroup.com\/es\/plataforma-gg-tests\/","title":{"rendered":"PLATAFORMA GG TESTS"},"content":{"rendered":"<div class=\"wpb-content-wrapper\"><p>[vc_row][vc_column][vc_single_image image=&#8221;26613&#8243; img_size=&#8221;full&#8221; alignment=&#8221;center&#8221;][\/vc_column][\/vc_row][vc_row][vc_column offset=&#8221;vc_hidden-sm vc_hidden-xs&#8221;]<div class=\"clearboth\"><\/div><style>#thegem-divider-69ef9f9fc18fe {margin-top: 40px !important;}<\/style><div id=\"thegem-divider-69ef9f9fc18fe\" class=\"gem-divider  \" style=\"\" ><\/div>[\/vc_column][\/vc_row][vc_row][vc_column width=&#8221;1\/2&#8243;]<div class=\"gem-image gem-wrapbox gem-wrapbox-style-default gem-wrapbox-position-left  thegem-custom-69ef9f9fc19303502\"  style=\"\" ><div class=\"gem-wrapbox-inner \" ><img class=\"gem-wrapbox-element img-responsive\" src=\"https:\/\/thegeniusesgroup.com\/es\/wp-content\/uploads\/2022\/05\/palataforma-g.jpg\" alt=\"\"\/><\/div><\/div>[\/vc_column][vc_column width=&#8221;1\/2&#8243; css=&#8221;.vc_custom_1542633382802{background-image: url(https:\/\/thegeniusesgroup.com\/es\/wp-content\/uploads\/2018\/11\/worldmap.png?id=24172) !important;background-position: 0 0 !important;background-repeat: no-repeat !important;}&#8221;][vc_column_text css_animation=&#8221;bottom-to-top&#8221;]<\/p>\n<div class=\"styled-subtitle small-body\" style=\"text-align: justify;\">\n<p><strong>La Bater\u00eda de Pruebas Psicom\u00e9tricas GG Tests<\/strong>\u00a0es el resultado de aplicar ingenier\u00eda en reversa a los algoritmos originales de sus dise\u00f1adores en el siglo XX y la inclusi\u00f3n de pruebas de competencias dise\u00f1adas por instituciones de prestigio, cuya fiabilidad ha sido ampliamente validada.<\/p>\n<p><strong>Algunas consideraciones en la implementaci\u00f3n de GG Tests son:<\/strong><\/div>\n<p>[\/vc_column_text][\/vc_column][\/vc_row][vc_row][vc_column][vc_row_inner][vc_column_inner]<div class=\"clearboth\"><\/div><style>#thegem-divider-69ef9f9fc1cfc {margin-top: 8px !important;}<\/style><div id=\"thegem-divider-69ef9f9fc1cfc\" class=\"gem-divider  \" style=\"\" ><\/div><div class=\"gem-dropcap gem-dropcap-shape-circle gem-dropcap-style-medium\"><span class=\"gem-dropcap-letter\" style=\"color: #ffffff;background-color: #00bcd4;\">1<\/span><\/div>[vc_column_text css_animation=&#8221;top-to-bottom&#8221; css=&#8221;.vc_custom_1652293778015{margin-bottom: 0px !important;padding-top: 13px !important;padding-bottom: 23px !important;}&#8221;]<span style=\"color: #00bcd4;\">Los tests no son el resultado de la casualidad o simples formularios de captura, m\u00e1s bien obedecen a algoritmos desarrollados por psiquiatras, psic\u00f3logos, matem\u00e1ticos, estadistas y expertos de la inform\u00e1tica, as\u00ed como instituciones de reconocido prestigio y profesionalismo.<\/span>[\/vc_column_text][\/vc_column_inner][\/vc_row_inner][vc_row_inner][vc_column_inner]<div class=\"clearboth\"><\/div><style>#thegem-divider-69ef9f9fc1d38 {margin-top: 8px !important;}<\/style><div id=\"thegem-divider-69ef9f9fc1d38\" class=\"gem-divider  \" style=\"\" ><\/div><div class=\"gem-dropcap gem-dropcap-shape-circle gem-dropcap-style-medium\"><span class=\"gem-dropcap-letter\" style=\"color: #ffffff;background-color: #1fa4e0;\">2<\/span><\/div>[vc_column_text css_animation=&#8221;top-to-bottom&#8221; css=&#8221;.vc_custom_1652294703857{margin-bottom: 0px !important;padding-top: 13px !important;padding-bottom: 23px !important;}&#8221;]<span style=\"color: #1fa4e0;\">Los tests est\u00e1n actualizados al siglo XXI por lo que ya no se hace distinci\u00f3n de g\u00e9nero<\/span>[\/vc_column_text][\/vc_column_inner][\/vc_row_inner][vc_row_inner][vc_column_inner]<div class=\"clearboth\"><\/div><style>#thegem-divider-69ef9f9fc1d5d {margin-top: 8px !important;}<\/style><div id=\"thegem-divider-69ef9f9fc1d5d\" class=\"gem-divider  \" style=\"\" ><\/div><div class=\"gem-dropcap gem-dropcap-shape-circle gem-dropcap-style-medium\"><span class=\"gem-dropcap-letter\" style=\"color: #ffffff;background-color: #7668c1;\">3<\/span><\/div>[vc_column_text css_animation=&#8221;top-to-bottom&#8221; css=&#8221;.vc_custom_1652294762562{margin-bottom: 0px !important;padding-top: 13px !important;padding-bottom: 23px !important;}&#8221;]<span style=\"color: #7668c1;\">Los baremos est\u00e1n ajustados al continente americano y a la cultura hispana<\/span>[\/vc_column_text][\/vc_column_inner][\/vc_row_inner][vc_row_inner][vc_column_inner]<div class=\"clearboth\"><\/div><style>#thegem-divider-69ef9f9fc1da1 {margin-top: 8px !important;}<\/style><div id=\"thegem-divider-69ef9f9fc1da1\" class=\"gem-divider  \" style=\"\" ><\/div><div class=\"gem-dropcap gem-dropcap-shape-circle gem-dropcap-style-medium\"><span class=\"gem-dropcap-letter\" style=\"color: #ffffff;background-color: #00bcd4;\">4<\/span><\/div>[vc_column_text css_animation=&#8221;top-to-bottom&#8221; css=&#8221;.vc_custom_1652295032460{margin-bottom: 0px !important;padding-top: 13px !important;padding-bottom: 23px !important;}&#8221;]<span style=\"color: #00bcd4;\">Los marcos de circunstancias est\u00e1n actualizados al tiempo actual, por ejemplo, ya no se utilizan frases como \u201ca usted le urge enviar un fax\u201d porque ya casi nadie env\u00eda un fax en estos d\u00edas<\/span>[\/vc_column_text][\/vc_column_inner][\/vc_row_inner][vc_row_inner][vc_column_inner]<div class=\"clearboth\"><\/div><style>#thegem-divider-69ef9f9fc1dc0 {margin-top: 8px !important;}<\/style><div id=\"thegem-divider-69ef9f9fc1dc0\" class=\"gem-divider  \" style=\"\" ><\/div><div class=\"gem-dropcap gem-dropcap-shape-circle gem-dropcap-style-medium\"><span class=\"gem-dropcap-letter\" style=\"color: #ffffff;background-color: #1fa4e0;\">5<\/span><\/div>[vc_column_text css_animation=&#8221;top-to-bottom&#8221; css=&#8221;.vc_custom_1652295053929{margin-bottom: 0px !important;padding-top: 13px !important;padding-bottom: 23px !important;}&#8221;]<span style=\"color: #1fa4e0;\">Los marcos de circunstancias est\u00e1n adaptados a situaciones gen\u00e9ricas a cualquier pa\u00eds, por ejemplo, se evitan frases como \u201custed se encuentra en el subterr\u00e1neo del metro\u201d porque no todas las ciudades cuentan con un sistema de transporte subterr\u00e1neo<\/span>[\/vc_column_text][\/vc_column_inner][\/vc_row_inner][vc_row_inner][vc_column_inner]<div class=\"clearboth\"><\/div><style>#thegem-divider-69ef9f9fc1ddd {margin-top: 8px !important;}<\/style><div id=\"thegem-divider-69ef9f9fc1ddd\" class=\"gem-divider  \" style=\"\" ><\/div><div class=\"gem-dropcap gem-dropcap-shape-circle gem-dropcap-style-medium\"><span class=\"gem-dropcap-letter\" style=\"color: #ffffff;background-color: #7668c1;\">6<\/span><\/div>[vc_column_text css_animation=&#8221;top-to-bottom&#8221; css=&#8221;.vc_custom_1652295085167{margin-bottom: 0px !important;padding-top: 13px !important;padding-bottom: 23px !important;}&#8221;]<span style=\"color: #7668c1;\">El vocabulario es gen\u00e9rico y aplicable a cualquier pa\u00eds. Se evitan palabras como \u201ccoche\u201d que para un mexicano podr\u00eda ser \u201cun autom\u00f3vil\u201d pero para personas de otras nacionalidades podr\u00eda ser: \u201ccerdo o bien que algo est\u00e1 sucio\u201d<\/span>[\/vc_column_text][\/vc_column_inner][\/vc_row_inner][vc_row_inner][vc_column_inner]<div class=\"clearboth\"><\/div><style>#thegem-divider-69ef9f9fc1df9 {margin-top: 8px !important;}<\/style><div id=\"thegem-divider-69ef9f9fc1df9\" class=\"gem-divider  \" style=\"\" ><\/div><div class=\"gem-dropcap gem-dropcap-shape-circle gem-dropcap-style-medium\"><span class=\"gem-dropcap-letter\" style=\"color: #ffffff;background-color: #00bcd4;\">7<\/span><\/div>[vc_column_text css_animation=&#8221;top-to-bottom&#8221; css=&#8221;.vc_custom_1652295155649{margin-bottom: 0px !important;padding-top: 13px !important;padding-bottom: 23px !important;}&#8221;]<span style=\"color: #00bcd4;\">La colecci\u00f3n de valores, intereses, aptitudes y competencias evaluadas en los diferentes tests son independientes de g\u00e9nero, religi\u00f3n, nacionalidad y prejuicios por lo que son aplicables tanto en Estados Unidos, como en cualquier pa\u00eds hispano<\/span>[\/vc_column_text][\/vc_column_inner][\/vc_row_inner][vc_row_inner][vc_column_inner]<div class=\"clearboth\"><\/div><style>#thegem-divider-69ef9f9fc1e14 {margin-top: 8px !important;}<\/style><div id=\"thegem-divider-69ef9f9fc1e14\" class=\"gem-divider  \" style=\"\" ><\/div><div class=\"gem-dropcap gem-dropcap-shape-circle gem-dropcap-style-medium\"><span class=\"gem-dropcap-letter\" style=\"color: #ffffff;background-color: #1fa4e0;\">8<\/span><\/div>[vc_column_text css_animation=&#8221;top-to-bottom&#8221; css=&#8221;.vc_custom_1652295176715{margin-bottom: 0px !important;padding-top: 13px !important;padding-bottom: 23px !important;}&#8221;]<span style=\"color: #1fa4e0;\">Los tests contienen diferentes tipos de validaciones, como: Resultados aplanados, m\u00e1ximos, m\u00ednimos, incongruencia, entre otros \u2026 (Se recomienda tambi\u00e9n hacer correlaci\u00f3n entre los tests)<\/span>[\/vc_column_text][\/vc_column_inner][\/vc_row_inner][vc_row_inner][vc_column_inner]<div class=\"clearboth\"><\/div><style>#thegem-divider-69ef9f9fc1e2e {margin-top: 8px !important;}<\/style><div id=\"thegem-divider-69ef9f9fc1e2e\" class=\"gem-divider  \" style=\"\" ><\/div><div class=\"gem-dropcap gem-dropcap-shape-circle gem-dropcap-style-medium\"><span class=\"gem-dropcap-letter\" style=\"color: #ffffff;background-color: #7668c1;\">9<\/span><\/div>[vc_column_text css_animation=&#8221;top-to-bottom&#8221; css=&#8221;.vc_custom_1652295203557{margin-bottom: 0px !important;padding-top: 13px !important;padding-bottom: 23px !important;}&#8221;]<span style=\"color: #7668c1;\">La plataforma online es muy liviana de manera que GG Tests puede ser utilizada desde cualquier computadora en forma remota, sin necesidad de que la persona evaluada disponga de un equipo sofisticado o un ancho de banda a internet muy robusto.<\/span>[\/vc_column_text][\/vc_column_inner][\/vc_row_inner][vc_row_inner][vc_column_inner]<div class=\"clearboth\"><\/div><style>#thegem-divider-69ef9f9fc1e47 {margin-top: 8px !important;}<\/style><div id=\"thegem-divider-69ef9f9fc1e47\" class=\"gem-divider  \" style=\"\" ><\/div><div class=\"gem-dropcap gem-dropcap-shape-circle gem-dropcap-style-medium\"><span class=\"gem-dropcap-letter\" style=\"color: #ffffff;background-color: #00bcd4;\">1<\/span><\/div>[vc_column_text css_animation=&#8221;top-to-bottom&#8221; css=&#8221;.vc_custom_1652295278117{margin-bottom: 0px !important;padding-top: 13px !important;padding-bottom: 23px !important;}&#8221;]<span style=\"color: #00bcd4;\">Con GG Tests lo \u00fanico que necesitan los administradores como las personas evaluadas es un enlace a internet, la plataforma corre completamente en l\u00ednea sin necesidad de licencias o espacio disponible en el computador. GG Tests tambi\u00e9n se puede realizar desde celulares y tabletas, pero debe tomarse en cuenta que para algunos tests el tama\u00f1o de pantalla puede ser un reto para el evaluado, especialmente en aquellos tests que incluyen secuencias de im\u00e1genes y c\u00e1lculos aritm\u00e9ticos.<\/span>[\/vc_column_text]<div class=\"clearboth\"><\/div><style>#thegem-divider-69ef9f9fc1e71 {margin-top: 8px !important;}<\/style><div id=\"thegem-divider-69ef9f9fc1e71\" class=\"gem-divider  \" style=\"\" ><\/div>[\/vc_column_inner][\/vc_row_inner][\/vc_column][\/vc_row][vc_row][vc_column width=&#8221;1\/3&#8243;][vc_btn title=&#8221;SOLICITE UNA PRUEBA GRATIS&#8221; color=&#8221;primary&#8221; align=&#8221;center&#8221; i_icon_fontawesome=&#8221;far fa-hand-point-right&#8221; css_animation=&#8221;fadeInDown&#8221; add_icon=&#8221;true&#8221; link=&#8221;url:https%3A%2F%2Fthegeniusesgroup.com%2Fes%2Fprueba-gratis%2F&#8221;][\/vc_column][vc_column width=&#8221;1\/3&#8243;][vc_btn title=&#8221;SOLICITE COTIZACI\u00d3N SIN COMPROMISO&#8221; color=&#8221;primary&#8221; align=&#8221;center&#8221; i_icon_fontawesome=&#8221;far fa-hand-point-right&#8221; css_animation=&#8221;fadeInDown&#8221; add_icon=&#8221;true&#8221; link=&#8221;url:https%3A%2F%2Fthegeniusesgroup.com%2Fes%2Fsolicitud-cotizacion%2F&#8221;][\/vc_column][vc_column width=&#8221;1\/3&#8243;][vc_btn title=&#8221;COMPRAR AHORA&#8221; color=&#8221;primary&#8221; align=&#8221;center&#8221; i_icon_fontawesome=&#8221;far fa-hand-point-right&#8221; css_animation=&#8221;fadeInDown&#8221; add_icon=&#8221;true&#8221; link=&#8221;url:https%3A%2F%2Fthegeniusesgroup.com%2Fes%2Fmembresias%2F&#8221;][\/vc_column][\/vc_row]<\/p>\n<\/div>","protected":false},"excerpt":{"rendered":"<p>[vc_row][vc_column][vc_single_image image=&#8221;26613&#8243; img_size=&#8221;full&#8221; alignment=&#8221;center&#8221;][\/vc_column][\/vc_row][vc_row][vc_column offset=&#8221;vc_hidden-sm vc_hidden-xs&#8221;][\/vc_column][\/vc_row][vc_row][vc_column width=&#8221;1\/2&#8243;][\/vc_column][vc_column width=&#8221;1\/2&#8243; css=&#8221;.vc_custom_1542633382802{background-image: url(https:\/\/thegeniusesgroup.com\/es\/wp-content\/uploads\/2018\/11\/worldmap.png?id=24172) !important;background-position: 0 0 !important;background-repeat: no-repeat !important;}&#8221;][vc_column_text css_animation=&#8221;bottom-to-top&#8221;] La Bater\u00eda de&#8230;<\/p>\n","protected":false},"author":1,"featured_media":0,"parent":0,"menu_order":0,"comment_status":"closed","ping_status":"closed","template":"","meta":{"footnotes":""},"class_list":["post-25664","page","type-page","status-publish"],"yoast_head":"<!-- This site is optimized with the Yoast SEO plugin v23.4 - https:\/\/yoast.com\/wordpress\/plugins\/seo\/ -->\n<title>Plataforma de Pruebas Psicom\u00e9tricas, Automatizadas Online.<\/title>\n<meta name=\"description\" content=\"La Aplicaci\u00f3n est\u00e1 automatizada para uso en l\u00ednea puede ser utilizada desde cualquier computadora en forma remota...\" \/>\n<meta name=\"robots\" content=\"index, follow, max-snippet:-1, max-image-preview:large, max-video-preview:-1\" \/>\n<link rel=\"canonical\" href=\"https:\/\/thegeniusesgroup.com\/es\/plataforma-gg-tests\/\" \/>\n<meta property=\"og:locale\" content=\"es_ES\" \/>\n<meta property=\"og:type\" content=\"article\" \/>\n<meta property=\"og:title\" content=\"Plataforma de Pruebas Psicom\u00e9tricas, Automatizadas Online.\" \/>\n<meta property=\"og:description\" content=\"La Aplicaci\u00f3n est\u00e1 automatizada para uso en l\u00ednea puede ser utilizada desde cualquier computadora en forma remota...\" \/>\n<meta property=\"og:url\" content=\"https:\/\/thegeniusesgroup.com\/es\/plataforma-gg-tests\/\" \/>\n<meta property=\"og:site_name\" content=\"Geniuses Group LLC\" \/>\n<meta property=\"article:modified_time\" content=\"2024-01-29T05:06:22+00:00\" \/>\n<meta name=\"twitter:card\" content=\"summary_large_image\" \/>\n<script type=\"application\/ld+json\" class=\"yoast-schema-graph\">{\"@context\":\"https:\/\/schema.org\",\"@graph\":[{\"@type\":\"WebPage\",\"@id\":\"https:\/\/thegeniusesgroup.com\/es\/plataforma-gg-tests\/\",\"url\":\"https:\/\/thegeniusesgroup.com\/es\/plataforma-gg-tests\/\",\"name\":\"Plataforma de Pruebas Psicom\u00e9tricas, Automatizadas Online.\",\"isPartOf\":{\"@id\":\"https:\/\/thegeniusesgroup.com\/es\/#website\"},\"datePublished\":\"2022-05-11T18:29:56+00:00\",\"dateModified\":\"2024-01-29T05:06:22+00:00\",\"description\":\"La Aplicaci\u00f3n est\u00e1 automatizada para uso en l\u00ednea puede ser utilizada desde cualquier computadora en forma remota...\",\"breadcrumb\":{\"@id\":\"https:\/\/thegeniusesgroup.com\/es\/plataforma-gg-tests\/#breadcrumb\"},\"inLanguage\":\"es\",\"potentialAction\":[{\"@type\":\"ReadAction\",\"target\":[\"https:\/\/thegeniusesgroup.com\/es\/plataforma-gg-tests\/\"]}]},{\"@type\":\"BreadcrumbList\",\"@id\":\"https:\/\/thegeniusesgroup.com\/es\/plataforma-gg-tests\/#breadcrumb\",\"itemListElement\":[{\"@type\":\"ListItem\",\"position\":1,\"name\":\"Home\",\"item\":\"https:\/\/thegeniusesgroup.com\/es\/\"},{\"@type\":\"ListItem\",\"position\":2,\"name\":\"PLATAFORMA GG TESTS\"}]},{\"@type\":\"WebSite\",\"@id\":\"https:\/\/thegeniusesgroup.com\/es\/#website\",\"url\":\"https:\/\/thegeniusesgroup.com\/es\/\",\"name\":\"Geniuses Group LLC\",\"description\":\"Tests, Training &amp; Technology\",\"publisher\":{\"@id\":\"https:\/\/thegeniusesgroup.com\/es\/#organization\"},\"alternateName\":\"Tests, Training & Trechnology\",\"potentialAction\":[{\"@type\":\"SearchAction\",\"target\":{\"@type\":\"EntryPoint\",\"urlTemplate\":\"https:\/\/thegeniusesgroup.com\/es\/?s={search_term_string}\"},\"query-input\":{\"@type\":\"PropertyValueSpecification\",\"valueRequired\":true,\"valueName\":\"search_term_string\"}}],\"inLanguage\":\"es\"},{\"@type\":\"Organization\",\"@id\":\"https:\/\/thegeniusesgroup.com\/es\/#organization\",\"name\":\"Geniuses Group LLC\",\"alternateName\":\"Tests, Training & Trechnology\",\"url\":\"https:\/\/thegeniusesgroup.com\/es\/\",\"logo\":{\"@type\":\"ImageObject\",\"inLanguage\":\"es\",\"@id\":\"https:\/\/thegeniusesgroup.com\/es\/#\/schema\/logo\/image\/\",\"url\":\"https:\/\/thegeniusesgroup.com\/es\/wp-content\/uploads\/2022\/01\/logo.jpg\",\"contentUrl\":\"https:\/\/thegeniusesgroup.com\/es\/wp-content\/uploads\/2022\/01\/logo.jpg\",\"width\":492,\"height\":143,\"caption\":\"Geniuses Group LLC\"},\"image\":{\"@id\":\"https:\/\/thegeniusesgroup.com\/es\/#\/schema\/logo\/image\/\"}}]}<\/script>\n<!-- \/ Yoast SEO plugin. -->","yoast_head_json":{"title":"Plataforma de Pruebas Psicom\u00e9tricas, Automatizadas Online.","description":"La Aplicaci\u00f3n est\u00e1 automatizada para uso en l\u00ednea puede ser utilizada desde cualquier computadora en forma remota...","robots":{"index":"index","follow":"follow","max-snippet":"max-snippet:-1","max-image-preview":"max-image-preview:large","max-video-preview":"max-video-preview:-1"},"canonical":"https:\/\/thegeniusesgroup.com\/es\/plataforma-gg-tests\/","og_locale":"es_ES","og_type":"article","og_title":"Plataforma de Pruebas Psicom\u00e9tricas, Automatizadas Online.","og_description":"La Aplicaci\u00f3n est\u00e1 automatizada para uso en l\u00ednea puede ser utilizada desde cualquier computadora en forma remota...","og_url":"https:\/\/thegeniusesgroup.com\/es\/plataforma-gg-tests\/","og_site_name":"Geniuses Group LLC","article_modified_time":"2024-01-29T05:06:22+00:00","twitter_card":"summary_large_image","schema":{"@context":"https:\/\/schema.org","@graph":[{"@type":"WebPage","@id":"https:\/\/thegeniusesgroup.com\/es\/plataforma-gg-tests\/","url":"https:\/\/thegeniusesgroup.com\/es\/plataforma-gg-tests\/","name":"Plataforma de Pruebas Psicom\u00e9tricas, Automatizadas Online.","isPartOf":{"@id":"https:\/\/thegeniusesgroup.com\/es\/#website"},"datePublished":"2022-05-11T18:29:56+00:00","dateModified":"2024-01-29T05:06:22+00:00","description":"La Aplicaci\u00f3n est\u00e1 automatizada para uso en l\u00ednea puede ser utilizada desde cualquier computadora en forma remota...","breadcrumb":{"@id":"https:\/\/thegeniusesgroup.com\/es\/plataforma-gg-tests\/#breadcrumb"},"inLanguage":"es","potentialAction":[{"@type":"ReadAction","target":["https:\/\/thegeniusesgroup.com\/es\/plataforma-gg-tests\/"]}]},{"@type":"BreadcrumbList","@id":"https:\/\/thegeniusesgroup.com\/es\/plataforma-gg-tests\/#breadcrumb","itemListElement":[{"@type":"ListItem","position":1,"name":"Home","item":"https:\/\/thegeniusesgroup.com\/es\/"},{"@type":"ListItem","position":2,"name":"PLATAFORMA GG TESTS"}]},{"@type":"WebSite","@id":"https:\/\/thegeniusesgroup.com\/es\/#website","url":"https:\/\/thegeniusesgroup.com\/es\/","name":"Geniuses Group LLC","description":"Tests, Training &amp; Technology","publisher":{"@id":"https:\/\/thegeniusesgroup.com\/es\/#organization"},"alternateName":"Tests, Training & Trechnology","potentialAction":[{"@type":"SearchAction","target":{"@type":"EntryPoint","urlTemplate":"https:\/\/thegeniusesgroup.com\/es\/?s={search_term_string}"},"query-input":{"@type":"PropertyValueSpecification","valueRequired":true,"valueName":"search_term_string"}}],"inLanguage":"es"},{"@type":"Organization","@id":"https:\/\/thegeniusesgroup.com\/es\/#organization","name":"Geniuses Group LLC","alternateName":"Tests, Training & Trechnology","url":"https:\/\/thegeniusesgroup.com\/es\/","logo":{"@type":"ImageObject","inLanguage":"es","@id":"https:\/\/thegeniusesgroup.com\/es\/#\/schema\/logo\/image\/","url":"https:\/\/thegeniusesgroup.com\/es\/wp-content\/uploads\/2022\/01\/logo.jpg","contentUrl":"https:\/\/thegeniusesgroup.com\/es\/wp-content\/uploads\/2022\/01\/logo.jpg","width":492,"height":143,"caption":"Geniuses Group LLC"},"image":{"@id":"https:\/\/thegeniusesgroup.com\/es\/#\/schema\/logo\/image\/"}}]}},"jetpack_sharing_enabled":true,"_links":{"self":[{"href":"https:\/\/thegeniusesgroup.com\/es\/wp-json\/wp\/v2\/pages\/25664"}],"collection":[{"href":"https:\/\/thegeniusesgroup.com\/es\/wp-json\/wp\/v2\/pages"}],"about":[{"href":"https:\/\/thegeniusesgroup.com\/es\/wp-json\/wp\/v2\/types\/page"}],"author":[{"embeddable":true,"href":"https:\/\/thegeniusesgroup.com\/es\/wp-json\/wp\/v2\/users\/1"}],"replies":[{"embeddable":true,"href":"https:\/\/thegeniusesgroup.com\/es\/wp-json\/wp\/v2\/comments?post=25664"}],"version-history":[{"count":0,"href":"https:\/\/thegeniusesgroup.com\/es\/wp-json\/wp\/v2\/pages\/25664\/revisions"}],"wp:attachment":[{"href":"https:\/\/thegeniusesgroup.com\/es\/wp-json\/wp\/v2\/media?parent=25664"}],"curies":[{"name":"wp","href":"https:\/\/api.w.org\/{rel}","templated":true}]}}