{"id":25671,"date":"2022-05-11T19:15:32","date_gmt":"2022-05-11T19:15:32","guid":{"rendered":"https:\/\/thegeniusesgroup.com\/es\/?page_id=25671"},"modified":"2024-01-29T05:07:23","modified_gmt":"2024-01-29T05:07:23","slug":"bateria-gg-tests","status":"publish","type":"page","link":"https:\/\/thegeniusesgroup.com\/es\/bateria-gg-tests\/","title":{"rendered":"BATER\u00cdA DE PRUEBAS PSICOSOM\u00c9TRICAS"},"content":{"rendered":"<div class=\"wpb-content-wrapper\"><p>[vc_row][vc_column][vc_single_image image=&#8221;26615&#8243; img_size=&#8221;full&#8221; alignment=&#8221;center&#8221;][\/vc_column][\/vc_row][vc_row][vc_column offset=&#8221;vc_hidden-sm vc_hidden-xs&#8221;]<div class=\"clearboth\"><\/div><style>#thegem-divider-69efc2396655d {margin-top: 40px !important;}<\/style><div id=\"thegem-divider-69efc2396655d\" class=\"gem-divider  \" style=\"\" ><\/div>[\/vc_column][\/vc_row][vc_row][vc_column width=&#8221;1\/2&#8243;]<div class=\"gem-image gem-wrapbox gem-wrapbox-style-default gem-wrapbox-position-left  thegem-custom-69efc239665908894\"  style=\"\" ><div class=\"gem-wrapbox-inner \" ><img class=\"gem-wrapbox-element img-responsive\" src=\"https:\/\/thegeniusesgroup.com\/es\/wp-content\/uploads\/2022\/05\/Bateria-g.jpg\" alt=\"\"\/><\/div><\/div>[\/vc_column][vc_column width=&#8221;1\/2&#8243; css=&#8221;.vc_custom_1542633382802{background-image: url(https:\/\/thegeniusesgroup.com\/es\/wp-content\/uploads\/2018\/11\/worldmap.png?id=24172) !important;background-position: 0 0 !important;background-repeat: no-repeat !important;}&#8221;][vc_column_text css_animation=&#8221;bottom-to-top&#8221;]<\/p>\n<p style=\"text-align: justify;\">Estar\u00e1 de acuerdo con nosotros que antes de evaluar competencias es muy importante evaluar valores e intereses.<\/p>\n<p style=\"text-align: justify;\">Evaluamos de primero VALORES porque, aunque alguien tenga competencias muy deseadas, si la persona no es honesta no es alguien que sume a nuestra empresa.\u00a0 GG Tests incluye la prueba Zavich, la cual permite saber si la persona tiene tendencia de comportamiento altao\/bajo en Moral, Legalidad y Corrupci\u00f3n.<\/p>\n<p style=\"text-align: justify;\">Evaluamos de primero INTERESES porque, una persona podr\u00eda no tener a\u00fan ciertas competencias desarrolladas, pero si tiene el inter\u00e9s es posible capacitarle, adem\u00e1s necesitamos saber qu\u00e9 mueve a la persona, de esa manera sabremos si en nuestra empresa contamos con lo necesario tanto para atraer al talento humano que deseamos, como para retenerlo.\u00a0 GG Tests incluye la prueba Zavich, la cual permite saber los intereses principales y el orden en que la persona evaluada los prioriza en su vida:\u00a0 Inter\u00e9s Econ\u00f3mico, Inter\u00e9s Social, Inter\u00e9s Pol\u00edtico e Inter\u00e9s Normativo.<\/p>\n<p>En segundo lugar, necesitamos evaluar las COMPETENCIAS de la persona para el TRABAJO seg\u00fan su PERSONALIDAD.\u00a0 Por su fiabilidad y sencillez la prueba Cleaver, -tambi\u00e9n conocida como DISC por sus siglas en ingl\u00e9s y los segmentos que eval\u00faa-, es la prueba psicom\u00e9trica m\u00e1s utilizada a nivel mundial, por tal motivo GG Tests incluye dos versiones de la misma.[\/vc_column_text][\/vc_column][\/vc_row][vc_row][vc_column][vc_row_inner][vc_column_inner][vc_column_text]<\/p>\n<div class=\"entry-content post-content\">\n<div id=\"vc_row-627c07d617e1a\" class=\"vc_row wpb_row vc_row-fluid vc_custom_1455532042723 thegem-custom-627c07d617e0b2971\">\n<div class=\"wpb_column vc_column_container vc_col-sm-12 thegem-custom-627c07d617fb03988\">\n<div class=\"vc_column-inner thegem-custom-inner-627c07d617fb2 \">\n<div class=\"wpb_wrapper thegem-custom-627c07d617fb03988\">\n<div class=\"wpb_text_column wpb_content_element thegem-vc-text thegem-custom-627c07d6184522539\">\n<div class=\"wpb_wrapper\">\n<p style=\"text-align: justify;\">DISC Standard es la cl\u00e1sica prueba con 20 reactivos e incluye un formulario con selecci\u00f3n de palabras, el l\u00e9xico utilizado est\u00e1 actualizado al siglo XXI y es gen\u00e9rico, como se explic\u00f3 anteriormente, sin embargo, debido al nivel educativo hay personas que probablemente no logren realizar este test efectivamente debido al desconocimiento del significado de algunas palabras.\u00a0 Por ejemplo la palabra \u201cesteta\u201d (persona que gusta de la est\u00e9tica) podr\u00edan no comprenderla personas de nivel operativo, pero GG Tests incluye tambi\u00e9n DISC B\u00e1sico, que en lugar de incluir un formulario en base a selecci\u00f3n de palabras incluye frases y oraciones, como por ejemplo:\u00a0 \u201cA usted le gusta que todo est\u00e9 siempre limpio y ordenado\u201d siendo \u00e9sta una oraci\u00f3n f\u00e1cil de interpretar para casi todas las personas.<\/p>\n<p style=\"text-align: justify;\">La otra ventaja de que GG Tests incluya 2 versiones de la prueba DISC es que usted puede aplicar la t\u00e9cnica Test Reset, la cual consiste en evaluar al candidato dos veces con diferente instrumento, pero que mida lo mismo y comparar resultados.\u00a0 Al evaluar en l\u00ednea una preocupante de los reclutadores es la usurpaci\u00f3n, pero si al principio del proceso de selecci\u00f3n se aplica por ejemplo DISC B\u00e1sico, se realizan los filtros necesarios y cuando ya se obtenga una terna finalista de candidatos se les vuelve a evaluar con DISC Standard, usted puede comparar los resultados y mismos deber\u00edan de ser iguales o muy parecidos, en caso contrario se podr\u00eda suponer que hubo usurpaci\u00f3n.<\/p>\n<p style=\"text-align: justify;\">Una vez evaluados:\u00a0 Valores e Intereses, Competencias Laborales seg\u00fan personalidad, conviene evaluar Competencias Digitales y Capacidad Autodidacta, debido a que la mayor\u00eda de puestos hoy en d\u00eda conlleva la utilizaci\u00f3n en menor o mayor grado de tecnolog\u00eda.<\/p>\n<p style=\"text-align: justify;\">GG Tests incluye el Test Competencias Digitales y Capacidad Autodidacta, con dicho test se puede anticipar el grado de conocimiento general que tiene el evaluado en herramientas de escritorio, h\u00e1bitos inform\u00e1ticos como la seguridad, el uso de herramientas web y algunos t\u00f3picos avanzados.\u00a0 Especialmente en estos d\u00edas es importante conocer tambi\u00e9n si la persona tiene aptitudes inform\u00e1ticas para trabajar de forma remota.\u00a0 La Capacidad Autodidacta tambi\u00e9n es muy importante porque la tecnolog\u00eda es muy cambiante y no siempre podemos capacitar al personal en todas las nuevas herramientas y funcionalidades disponibles, necesitamos que tengan un m\u00ednimo de capacidad o inter\u00e9s autodidacta para que sean capaces por s\u00ed mismos de leer un manual y actualizarse respecto a nuevas formas de proceder con alguna actualizaci\u00f3n tecnol\u00f3gica.<\/p>\n<p style=\"text-align: justify;\">Una vez evaluados los anteriores 3 segmentos b\u00e1sicos: \u00a0Valores e Intereses + Personalidad para el Trabajo + Competencias Digitales, conviene evaluar el \u00e1rea de especializaci\u00f3n de acuerdo al puesto espec\u00edfico.\u00a0 Con GG Tests puede evaluar competencias espec\u00edficas para Mercadeo y Ventas con la prueba IPV, competencias gerenciales, jefaturas y mandos medios con la prueba MOSS, coeficiente intelectual con la prueba OTIS, as\u00ed como el nivel de ingl\u00e9s con la prueba Cambridge.<\/p>\n<p style=\"text-align: justify;\">Como puede apreciar, con GG Tests obtiene justo lo que necesita para evaluar a los candidatos para sus puestos de trabajo disponibles, as\u00ed como para efectuar las evaluaciones anuales o semestrales de todo su personal.<\/p>\n<\/div>\n<\/div>\n<\/div>\n<\/div>\n<\/div>\n<\/div>\n<\/div>\n<div class=\"portfolio-item-page-bottom clearfix\"><\/div>\n<p>[\/vc_column_text][\/vc_column_inner][\/vc_row_inner][\/vc_column][\/vc_row][vc_row][vc_column width=&#8221;1\/3&#8243;][vc_btn title=&#8221;SOLICITE UNA PRUEBA GRATIS&#8221; color=&#8221;primary&#8221; size=&#8221;lg&#8221; align=&#8221;center&#8221; i_icon_fontawesome=&#8221;far fa-hand-point-right&#8221; css_animation=&#8221;fadeInDown&#8221; add_icon=&#8221;true&#8221; link=&#8221;url:https%3A%2F%2Fthegeniusesgroup.com%2Fes%2Fprueba-gratis%2F&#8221;][\/vc_column][vc_column width=&#8221;1\/3&#8243;][vc_btn title=&#8221;SOLICITE COTIZACI\u00d3N SIN COMPROMISO&#8221; color=&#8221;primary&#8221; size=&#8221;lg&#8221; align=&#8221;center&#8221; i_icon_fontawesome=&#8221;far fa-hand-point-right&#8221; css_animation=&#8221;fadeInDown&#8221; add_icon=&#8221;true&#8221; link=&#8221;url:https%3A%2F%2Fthegeniusesgroup.com%2Fes%2Fsolicitud-cotizacion%2F&#8221;][\/vc_column][vc_column width=&#8221;1\/3&#8243;][vc_btn title=&#8221;COMPRAR AHORA&#8221; color=&#8221;primary&#8221; size=&#8221;lg&#8221; align=&#8221;center&#8221; i_icon_fontawesome=&#8221;far fa-hand-point-right&#8221; css_animation=&#8221;fadeInDown&#8221; add_icon=&#8221;true&#8221; link=&#8221;url:https%3A%2F%2Fthegeniusesgroup.com%2Fes%2Fmembresias%2F&#8221;][\/vc_column][\/vc_row][vc_row][vc_column][vc_column_text]\t\t<style>\r\n            #pdfp69efc23967352 .title {  font-size: 16px; }#pdfp69efc23967352 iframe {  height: 842px; }#pdfp69efc23967352 {  width: 100%; }                                            <\/style>\r\n                <div id=\"pdfp69efc23967352\" class=\"pdfp_wrapper \" data-infos=\"{&quot;protect&quot;:false,&quot;alert&quot;:true,&quot;adobeOptions&quot;:[]}\">\r\n            <div class=\"cta_wrapper\">\r\n                                    <p class=\"title\">GG-Bateria-de-Pruebas-Psicometricas-2022.pdf<\/p>\r\n                \r\n                \r\n                \t                <a class=\"pdfp_fullscreen\" target=\"_self\" href=\"https:\/\/thegeniusesgroup.com\/es\/wp-content\/plugins\/pdf-poster\/pdfjs-new\/web\/viewer.html?file=https:\/\/thegeniusesgroup.com\/es\/wp-content\/uploads\/2022\/06\/GG-Bateria-de-Pruebas-Psicometricas-2022.pdf&#038;nobaki=false&#038;z=auto&#038;stdono=&#038;onlypdf=&#038;raw=&#038;fullscreen=1&#038;sidebarOpen=false&#038;side=false&#038;open=false&#038;hrscroll=#page=0\"><button>View Fullscreen<\/button><\/a>\r\n                \r\n            <\/div>\r\n            <div class=\"iframe_wrapper\" >\r\n                <span class=\"close\">&times;<\/span>\r\n                <iframe title=\"GG-Bateria-de-Pruebas-Psicometricas-2022.pdf&amp;nobaki=false&amp;z=auto&amp;stdono=&amp;onlypdf=&amp;raw=&amp;fullscreen=1&amp;sidebarOpen=false&amp;side=false&amp;open=false&amp;hrscroll=#page=0\" id=\"frame-pdfp69efc23967352\" class=\"pdfp_iframe\" width=\"100%\" height=\"842px\" data-source=\"https:\/\/thegeniusesgroup.com\/es\/wp-content\/plugins\/pdf-poster\/pdfjs-new\/web\/viewer.html?file=https:\/\/thegeniusesgroup.com\/es\/wp-content\/uploads\/2022\/06\/GG-Bateria-de-Pruebas-Psicometricas-2022.pdf&#038;nobaki=false&#038;z=auto&#038;stdono=&#038;onlypdf=&#038;raw=&#038;fullscreen=1&#038;sidebarOpen=false&#038;side=false&#038;open=false&#038;hrscroll=#page=0&new\" src=\"https:\/\/thegeniusesgroup.com\/es\/wp-content\/plugins\/pdf-poster\/pdfjs-new\/web\/viewer.html?file=https:\/\/thegeniusesgroup.com\/es\/wp-content\/uploads\/2022\/06\/GG-Bateria-de-Pruebas-Psicometricas-2022.pdf&#038;nobaki=false&#038;z=auto&#038;stdono=&#038;onlypdf=&#038;raw=&#038;fullscreen=1&#038;sidebarOpen=false&#038;side=false&#038;open=false&#038;hrscroll=#page=0\"><\/iframe>\r\n            <\/div>\r\n\t    <\/div>\r\n        [\/vc_column_text][\/vc_column][\/vc_row]<\/p>\n<\/div>","protected":false},"excerpt":{"rendered":"<p>[vc_row][vc_column][vc_single_image image=&#8221;26615&#8243; img_size=&#8221;full&#8221; alignment=&#8221;center&#8221;][\/vc_column][\/vc_row][vc_row][vc_column offset=&#8221;vc_hidden-sm vc_hidden-xs&#8221;][\/vc_column][\/vc_row][vc_row][vc_column width=&#8221;1\/2&#8243;][\/vc_column][vc_column width=&#8221;1\/2&#8243; css=&#8221;.vc_custom_1542633382802{background-image: url(https:\/\/thegeniusesgroup.com\/es\/wp-content\/uploads\/2018\/11\/worldmap.png?id=24172) !important;background-position: 0 0 !important;background-repeat: no-repeat !important;}&#8221;][vc_column_text css_animation=&#8221;bottom-to-top&#8221;] Estar\u00e1 de acuerdo&#8230;<\/p>\n","protected":false},"author":1,"featured_media":0,"parent":0,"menu_order":0,"comment_status":"closed","ping_status":"closed","template":"","meta":{"footnotes":""},"class_list":["post-25671","page","type-page","status-publish"],"yoast_head":"<!-- This site is optimized with the Yoast SEO plugin v23.4 - https:\/\/yoast.com\/wordpress\/plugins\/seo\/ -->\n<title>Bater\u00eda de Pruebas Psicom\u00e9tricas Automatizadas Online<\/title>\n<meta name=\"description\" content=\"Incluye un conjunto de pruebas para evaluar competencias y caracter\u00edsticas de personalidad, as\u00ed como valores, intereses, honestidad...\" \/>\n<meta name=\"robots\" content=\"index, follow, max-snippet:-1, max-image-preview:large, max-video-preview:-1\" \/>\n<link rel=\"canonical\" href=\"https:\/\/thegeniusesgroup.com\/es\/bateria-gg-tests\/\" \/>\n<meta property=\"og:locale\" content=\"es_ES\" \/>\n<meta property=\"og:type\" content=\"article\" \/>\n<meta property=\"og:title\" content=\"Bater\u00eda de Pruebas Psicom\u00e9tricas Automatizadas Online\" \/>\n<meta property=\"og:description\" content=\"Incluye un conjunto de pruebas para evaluar competencias y caracter\u00edsticas de personalidad, as\u00ed como valores, intereses, honestidad...\" \/>\n<meta property=\"og:url\" content=\"https:\/\/thegeniusesgroup.com\/es\/bateria-gg-tests\/\" \/>\n<meta property=\"og:site_name\" content=\"Geniuses Group LLC\" \/>\n<meta property=\"article:modified_time\" content=\"2024-01-29T05:07:23+00:00\" \/>\n<meta name=\"twitter:card\" content=\"summary_large_image\" \/>\n<script type=\"application\/ld+json\" class=\"yoast-schema-graph\">{\"@context\":\"https:\/\/schema.org\",\"@graph\":[{\"@type\":\"WebPage\",\"@id\":\"https:\/\/thegeniusesgroup.com\/es\/bateria-gg-tests\/\",\"url\":\"https:\/\/thegeniusesgroup.com\/es\/bateria-gg-tests\/\",\"name\":\"Bater\u00eda de Pruebas Psicom\u00e9tricas Automatizadas Online\",\"isPartOf\":{\"@id\":\"https:\/\/thegeniusesgroup.com\/es\/#website\"},\"datePublished\":\"2022-05-11T19:15:32+00:00\",\"dateModified\":\"2024-01-29T05:07:23+00:00\",\"description\":\"Incluye un conjunto de pruebas para evaluar competencias y caracter\u00edsticas de personalidad, as\u00ed como valores, intereses, honestidad...\",\"breadcrumb\":{\"@id\":\"https:\/\/thegeniusesgroup.com\/es\/bateria-gg-tests\/#breadcrumb\"},\"inLanguage\":\"es\",\"potentialAction\":[{\"@type\":\"ReadAction\",\"target\":[\"https:\/\/thegeniusesgroup.com\/es\/bateria-gg-tests\/\"]}]},{\"@type\":\"BreadcrumbList\",\"@id\":\"https:\/\/thegeniusesgroup.com\/es\/bateria-gg-tests\/#breadcrumb\",\"itemListElement\":[{\"@type\":\"ListItem\",\"position\":1,\"name\":\"Home\",\"item\":\"https:\/\/thegeniusesgroup.com\/es\/\"},{\"@type\":\"ListItem\",\"position\":2,\"name\":\"BATER\u00cdA DE PRUEBAS PSICOSOM\u00c9TRICAS\"}]},{\"@type\":\"WebSite\",\"@id\":\"https:\/\/thegeniusesgroup.com\/es\/#website\",\"url\":\"https:\/\/thegeniusesgroup.com\/es\/\",\"name\":\"Geniuses Group LLC\",\"description\":\"Tests, Training &amp; Technology\",\"publisher\":{\"@id\":\"https:\/\/thegeniusesgroup.com\/es\/#organization\"},\"alternateName\":\"Tests, Training & Trechnology\",\"potentialAction\":[{\"@type\":\"SearchAction\",\"target\":{\"@type\":\"EntryPoint\",\"urlTemplate\":\"https:\/\/thegeniusesgroup.com\/es\/?s={search_term_string}\"},\"query-input\":{\"@type\":\"PropertyValueSpecification\",\"valueRequired\":true,\"valueName\":\"search_term_string\"}}],\"inLanguage\":\"es\"},{\"@type\":\"Organization\",\"@id\":\"https:\/\/thegeniusesgroup.com\/es\/#organization\",\"name\":\"Geniuses Group LLC\",\"alternateName\":\"Tests, Training & Trechnology\",\"url\":\"https:\/\/thegeniusesgroup.com\/es\/\",\"logo\":{\"@type\":\"ImageObject\",\"inLanguage\":\"es\",\"@id\":\"https:\/\/thegeniusesgroup.com\/es\/#\/schema\/logo\/image\/\",\"url\":\"https:\/\/thegeniusesgroup.com\/es\/wp-content\/uploads\/2022\/01\/logo.jpg\",\"contentUrl\":\"https:\/\/thegeniusesgroup.com\/es\/wp-content\/uploads\/2022\/01\/logo.jpg\",\"width\":492,\"height\":143,\"caption\":\"Geniuses Group LLC\"},\"image\":{\"@id\":\"https:\/\/thegeniusesgroup.com\/es\/#\/schema\/logo\/image\/\"}}]}<\/script>\n<!-- \/ Yoast SEO plugin. -->","yoast_head_json":{"title":"Bater\u00eda de Pruebas Psicom\u00e9tricas Automatizadas Online","description":"Incluye un conjunto de pruebas para evaluar competencias y caracter\u00edsticas de personalidad, as\u00ed como valores, intereses, honestidad...","robots":{"index":"index","follow":"follow","max-snippet":"max-snippet:-1","max-image-preview":"max-image-preview:large","max-video-preview":"max-video-preview:-1"},"canonical":"https:\/\/thegeniusesgroup.com\/es\/bateria-gg-tests\/","og_locale":"es_ES","og_type":"article","og_title":"Bater\u00eda de Pruebas Psicom\u00e9tricas Automatizadas Online","og_description":"Incluye un conjunto de pruebas para evaluar competencias y caracter\u00edsticas de personalidad, as\u00ed como valores, intereses, honestidad...","og_url":"https:\/\/thegeniusesgroup.com\/es\/bateria-gg-tests\/","og_site_name":"Geniuses Group LLC","article_modified_time":"2024-01-29T05:07:23+00:00","twitter_card":"summary_large_image","schema":{"@context":"https:\/\/schema.org","@graph":[{"@type":"WebPage","@id":"https:\/\/thegeniusesgroup.com\/es\/bateria-gg-tests\/","url":"https:\/\/thegeniusesgroup.com\/es\/bateria-gg-tests\/","name":"Bater\u00eda de Pruebas Psicom\u00e9tricas Automatizadas Online","isPartOf":{"@id":"https:\/\/thegeniusesgroup.com\/es\/#website"},"datePublished":"2022-05-11T19:15:32+00:00","dateModified":"2024-01-29T05:07:23+00:00","description":"Incluye un conjunto de pruebas para evaluar competencias y caracter\u00edsticas de personalidad, as\u00ed como valores, intereses, honestidad...","breadcrumb":{"@id":"https:\/\/thegeniusesgroup.com\/es\/bateria-gg-tests\/#breadcrumb"},"inLanguage":"es","potentialAction":[{"@type":"ReadAction","target":["https:\/\/thegeniusesgroup.com\/es\/bateria-gg-tests\/"]}]},{"@type":"BreadcrumbList","@id":"https:\/\/thegeniusesgroup.com\/es\/bateria-gg-tests\/#breadcrumb","itemListElement":[{"@type":"ListItem","position":1,"name":"Home","item":"https:\/\/thegeniusesgroup.com\/es\/"},{"@type":"ListItem","position":2,"name":"BATER\u00cdA DE PRUEBAS PSICOSOM\u00c9TRICAS"}]},{"@type":"WebSite","@id":"https:\/\/thegeniusesgroup.com\/es\/#website","url":"https:\/\/thegeniusesgroup.com\/es\/","name":"Geniuses Group LLC","description":"Tests, Training &amp; Technology","publisher":{"@id":"https:\/\/thegeniusesgroup.com\/es\/#organization"},"alternateName":"Tests, Training & Trechnology","potentialAction":[{"@type":"SearchAction","target":{"@type":"EntryPoint","urlTemplate":"https:\/\/thegeniusesgroup.com\/es\/?s={search_term_string}"},"query-input":{"@type":"PropertyValueSpecification","valueRequired":true,"valueName":"search_term_string"}}],"inLanguage":"es"},{"@type":"Organization","@id":"https:\/\/thegeniusesgroup.com\/es\/#organization","name":"Geniuses Group LLC","alternateName":"Tests, Training & Trechnology","url":"https:\/\/thegeniusesgroup.com\/es\/","logo":{"@type":"ImageObject","inLanguage":"es","@id":"https:\/\/thegeniusesgroup.com\/es\/#\/schema\/logo\/image\/","url":"https:\/\/thegeniusesgroup.com\/es\/wp-content\/uploads\/2022\/01\/logo.jpg","contentUrl":"https:\/\/thegeniusesgroup.com\/es\/wp-content\/uploads\/2022\/01\/logo.jpg","width":492,"height":143,"caption":"Geniuses Group LLC"},"image":{"@id":"https:\/\/thegeniusesgroup.com\/es\/#\/schema\/logo\/image\/"}}]}},"jetpack_sharing_enabled":true,"_links":{"self":[{"href":"https:\/\/thegeniusesgroup.com\/es\/wp-json\/wp\/v2\/pages\/25671"}],"collection":[{"href":"https:\/\/thegeniusesgroup.com\/es\/wp-json\/wp\/v2\/pages"}],"about":[{"href":"https:\/\/thegeniusesgroup.com\/es\/wp-json\/wp\/v2\/types\/page"}],"author":[{"embeddable":true,"href":"https:\/\/thegeniusesgroup.com\/es\/wp-json\/wp\/v2\/users\/1"}],"replies":[{"embeddable":true,"href":"https:\/\/thegeniusesgroup.com\/es\/wp-json\/wp\/v2\/comments?post=25671"}],"version-history":[{"count":0,"href":"https:\/\/thegeniusesgroup.com\/es\/wp-json\/wp\/v2\/pages\/25671\/revisions"}],"wp:attachment":[{"href":"https:\/\/thegeniusesgroup.com\/es\/wp-json\/wp\/v2\/media?parent=25671"}],"curies":[{"name":"wp","href":"https:\/\/api.w.org\/{rel}","templated":true}]}}