{"id":25692,"date":"2022-05-12T17:04:04","date_gmt":"2022-05-12T17:04:04","guid":{"rendered":"https:\/\/thegeniusesgroup.com\/es\/?page_id=25692"},"modified":"2024-01-29T04:45:41","modified_gmt":"2024-01-29T04:45:41","slug":"inteligencia-emocional-ce","status":"publish","type":"page","link":"https:\/\/thegeniusesgroup.com\/es\/inteligencia-emocional-ce\/","title":{"rendered":"INTELIGENCIA EMOCIONAL (CE)"},"content":{"rendered":"<div class=\"wpb-content-wrapper\"><p>[vc_row][vc_column][vc_single_image image=&#8221;26623&#8243; img_size=&#8221;full&#8221; alignment=&#8221;center&#8221;][\/vc_column][\/vc_row][vc_row full_width=&#8221;stretch_row&#8221; css=&#8221;.vc_custom_1654542947387{background-color: #ffffff !important;}&#8221;][vc_column css_animation=&#8221;bottom-to-top&#8221;][vc_row_inner][vc_column_inner offset=&#8221;vc_hidden-sm vc_hidden-xs&#8221; css=&#8221;.vc_custom_1643745369059{margin-top: -15px !important;border-top-width: -15px !important;padding-top: -15px !important;}&#8221;][vc_column_text]<\/p>\n<h2 style=\"text-align: center;\">COEFICIENTE EMOCIONAL<\/h2>\n<p>[\/vc_column_text][vc_text_separator title=&#8221;&#8221; i_type=&#8221;typicons&#8221; i_icon_typicons=&#8221;typcn typcn-lightbulb&#8221; i_color=&#8221;sky&#8221; el_width=&#8221;80&#8243; add_icon=&#8221;true&#8221;][vc_column_text]<\/p>\n<h5 style=\"text-align: center;\"><span class=\"light\">Capacidad de reconocer, aceptar y canalizar las emociones para dirigir las conductas a objetivos deseados, lograrlos y compartirlos con los dem\u00e1s.<\/span><\/h5>\n<p>[\/vc_column_text][\/vc_column_inner][\/vc_row_inner][\/vc_column][\/vc_row][vc_row full_width=&#8221;stretch_row&#8221; css=&#8221;.vc_custom_1542286470121{background-color: #ffffff !important;}&#8221;][vc_column width=&#8221;1\/3&#8243;][vc_single_image image=&#8221;25728&#8243; img_size=&#8221;full&#8221;][\/vc_column][vc_column width=&#8221;2\/3&#8243; css_animation=&#8221;bottom-to-top&#8221;][vc_column_text css_animation=&#8221;bottom-to-top&#8221;]<\/p>\n<h4><b>Usted necesita CE (Prueba de Inteligencia Emocional) porque:<\/b><\/h4>\n<div class=\"entry\">\n<p>La productividad de nuestro recurso humano depende en gran manera de su capacidad para gestionar sus emociones.<\/p>\n<p>\u00bfPor qu\u00e9 algunas personas parecen dotadas de un don especial que les permite vivir bien, aunque no sean las que m\u00e1s se destacan por su inteligencia?<\/p>\n<p>\u00bfPor qu\u00e9 no siempre el alumno m\u00e1s inteligente termina siendo el m\u00e1s exitoso?<\/p>\n<p>\u00bfPor qu\u00e9 unos son m\u00e1s capaces que otros para enfrentar contratiempos, superar obst\u00e1culos y ver las dificultades bajo una \u00f3ptica distinta?<\/p><\/div>\n<p>[\/vc_column_text][\/vc_column][\/vc_row][vc_row css=&#8221;.vc_custom_1653490206792{margin-top: -20px !important;border-top-width: -20px !important;padding-top: -20px !important;}&#8221;][vc_column offset=&#8221;vc_hidden-sm vc_hidden-xs&#8221;][vc_column_text]<\/p>\n<p style=\"text-align: justify;\">Las anteriores son algunas de las preguntas que plantea Daniel Goleman en su libro <strong>La Inteligencia Emocional<\/strong> y hoy en d\u00eda las empresas est\u00e1n muy conscientes de evaluar el Coeficiente Emocional de las personas, debido a que la inteligencia emocional nos permite tomar conciencia de nuestras emociones, comprender los sentimientos de los dem\u00e1s, tolerar las presiones y frustraciones que podr\u00edamos enfrentar en el trabajo, acentuar nuestra capacidad de trabajar en equipo y adoptar una actitud emp\u00e1tica y social, que nos brinde mayores posibilidades de desarrollo y satisfacci\u00f3n personal.<\/p>\n<p>[\/vc_column_text]<div class=\"clearboth\"><\/div><style>#thegem-divider-69efc12e844b5 {margin-top: 50px !important;}<\/style><div id=\"thegem-divider-69efc12e844b5\" class=\"gem-divider  \" style=\"\" ><\/div>[\/vc_column][\/vc_row][vc_row full_width=&#8221;stretch_row_content_no_spaces&#8221; equal_height=&#8221;yes&#8221; content_placement=&#8221;middle&#8221; css=&#8221;.vc_custom_1542290658823{margin-bottom: 0px !important;padding-bottom: 0px !important;}&#8221;][vc_column width=&#8221;1\/2&#8243; css_animation=&#8221;bottom-to-top&#8221; css=&#8221;.vc_custom_1653399927784{background-image: url(https:\/\/thegeniusesgroup.com\/es\/wp-content\/uploads\/2022\/05\/inteligencia-ce2.jpg?id=25729) !important;background-position: center !important;background-repeat: no-repeat !important;background-size: cover !important;}&#8221;]<div class=\"clearboth\"><\/div><style>#thegem-divider-69efc12e844e1 {margin-top: 300px !important;}<\/style><div id=\"thegem-divider-69efc12e844e1\" class=\"gem-divider  \" style=\"\" ><\/div>[\/vc_column][vc_column width=&#8221;1\/2&#8243; disable_custom_paddings_tablet=&#8221;true&#8221; disable_custom_paddings_mobile=&#8221;true&#8221; css=&#8221;.vc_custom_1652375517327{padding-right: 110px !important;padding-left: 110px !important;background-color: #eef3f1 !important;}&#8221;][vc_column_text css_animation=&#8221;bottom-to-top&#8221;]<\/p>\n<h4 style=\"text-align: center;\">Descripci\u00f3n de la Prueba de Inteligencia Emocional (CE) incluida en la Bater\u00eda GG:<\/h4>\n<p>[\/vc_column_text]<div class=\"clearboth\"><\/div><style>#thegem-divider-69efc12e844f9 {margin-top: 30px !important;}<\/style><div id=\"thegem-divider-69efc12e844f9\" class=\"gem-divider  \" style=\"\" ><\/div>[vc_column_text css_animation=&#8221;bottom-to-top&#8221;]Sabemos que para trabajar alg\u00fan aspecto en la administraci\u00f3n de las emociones es indispensable saber c\u00f3mo se encuentra la persona, por ello la <strong>Prueba de Inteligencia Emocional (CE)<\/strong> que incluye nuestra bater\u00eda eval\u00faa:<\/p>\n<p><strong>COEFICIENTE EMOCIONAL: <\/strong>Capacidad de reconocer, aceptar y canalizar las emociones para dirigir las conductas a objetivos deseados, lograrlo y compartirlos con los dem\u00e1s.[\/vc_column_text][vc_row_inner equal_height=&#8221;yes&#8221; gap=&#8221;15&#8243;][vc_column_inner width=&#8221;1\/2&#8243;][vc_column_text]<\/p>\n<p style=\"text-align: justify;\"><strong>Inteligencia Intrapersonal: <\/strong>Capacidad de formar un modelo realista y preciso de uno mismo, teniendo acceso a los propios sentimientos y a usarlos como gu\u00edas en la conducta.\u00a0 De este segmento se derivan los siguientes sub segmentos:<\/p>\n<ul>\n<li>Auto Conocimiento<\/li>\n<li>Auto Control<\/li>\n<li>Auto Confianza<\/li>\n<\/ul>\n<p>[\/vc_column_text][\/vc_column_inner][vc_column_inner width=&#8221;1\/2&#8243;][vc_column_text]<\/p>\n<p style=\"text-align: justify;\"><strong>Inteligencia Interpersonal: <\/strong>Capacidad de comprender a los dem\u00e1s; qu\u00e9 los motiva, c\u00f3mo operan, c\u00f3mo relacionarse adecuadamente. Capacidad de reconocer y reaccionar ante el humor, el temperamento y las emociones de los otros. Asociada a la empat\u00eda y la capacidad de entender c\u00f3mo sienten y piensan los otros.\u00a0 De este segmento se derivan los siguientes sub segmentos:<\/p>\n<ul>\n<li>Motivaci\u00f3n<\/li>\n<li>Empat\u00eda<\/li>\n<li>Inteligencia Social<\/li>\n<\/ul>\n<p>[\/vc_column_text][\/vc_column_inner][\/vc_row_inner][\/vc_column][\/vc_row][vc_row full_width=&#8221;stretch_row&#8221; css=&#8221;.vc_custom_1653512021276{padding-top: 50px !important;}&#8221;][vc_column][vc_custom_heading text=&#8221;Usos de la Prueba de Inteligencia Emocional (CE)&#8221; font_container=&#8221;tag:h4|text_align:center&#8221; use_theme_fonts=&#8221;yes&#8221; css_animation=&#8221;fadeInDown&#8221;][vc_separator color=&#8221;peacoc&#8221; style=&#8221;dotted&#8221;][\/vc_column][\/vc_row][vc_row full_width=&#8221;stretch_row&#8221; css=&#8221;.vc_custom_1653512440890{padding-top: 20px !important;}&#8221;][vc_column width=&#8221;4\/6&#8243; disable_custom_paddings_tablet=&#8221;true&#8221; disable_custom_paddings_mobile=&#8221;true&#8221;][vc_row_inner content_placement=&#8221;middle&#8221;][vc_column_inner width=&#8221;1\/2&#8243;]<div class=\"gem-list gem-list-type-check-style-1 gem-list-color-3\" ><ul>\n<li>Identificaci\u00f3n de L\u00edderes<\/li>\n<li>Mejora de las Relaciones Interpersonales<\/li>\n<li>Mejora de las Relaciones Sociales<\/li>\n<li>Mejora del Ambiente Laboral<\/li>\n<li>Mejora de las Relaciones Familiares<\/li>\n<li>Prevenci\u00f3n de Bullying<\/li>\n<li>Identificaci\u00f3n de Sintomatolog\u00edas de Riesgo<\/li>\n<li>Etc<\/li>\n<\/ul>\n<\/div>[\/vc_column_inner][vc_column_inner width=&#8221;1\/2&#8243;]<div class=\"gem-list gem-list-type-check-style-1 gem-list-color-3\" ><ul>\n<li>Procesos de Selecci\u00f3n y Reclutamiento de Personal<\/li>\n<li>Evaluaciones Anuales del Personal<\/li>\n<li>Clima Laboral<\/li>\n<li>Reubicaci\u00f3n y Ascensos de Personal<\/li>\n<li>Identificaci\u00f3n de Necesidades de Capacitaci\u00f3n<\/li>\n<li>Identificaci\u00f3n de Necesidades de Coaching, Mentoring o Terapias<\/li>\n<li>Crecimiento Personal<\/li>\n<\/ul>\n<\/div>[\/vc_column_inner][\/vc_row_inner][\/vc_column][vc_column width=&#8221;2\/6&#8243;][vc_single_image image=&#8221;25779&#8243; img_size=&#8221;full&#8221;][\/vc_column][\/vc_row][vc_row full_width=&#8221;stretch_row&#8221;][vc_column width=&#8221;1\/3&#8243;][vc_btn title=&#8221;SOLICITE UNA PRUEBA CE GRATIS&#8221; color=&#8221;primary&#8221; size=&#8221;lg&#8221; align=&#8221;center&#8221; i_icon_fontawesome=&#8221;far fa-hand-point-right&#8221; css_animation=&#8221;fadeInDown&#8221; add_icon=&#8221;true&#8221; link=&#8221;url:https%3A%2F%2Fthegeniusesgroup.com%2Fes%2Fprueba-gratis%2F&#8221;][\/vc_column][vc_column width=&#8221;1\/3&#8243;][vc_btn title=&#8221;SOLICITE COTIZACI\u00d3N CE SIN COMPROMISO&#8221; color=&#8221;primary&#8221; size=&#8221;lg&#8221; align=&#8221;center&#8221; i_icon_fontawesome=&#8221;far fa-hand-point-right&#8221; css_animation=&#8221;fadeInDown&#8221; add_icon=&#8221;true&#8221; link=&#8221;url:https%3A%2F%2Fthegeniusesgroup.com%2Fes%2Fsolicitud-cotizacion%2F&#8221;][\/vc_column][vc_column width=&#8221;1\/3&#8243;][vc_btn title=&#8221;COMPRAR AHORA&#8221; color=&#8221;primary&#8221; size=&#8221;lg&#8221; align=&#8221;center&#8221; i_icon_fontawesome=&#8221;far fa-hand-point-right&#8221; css_animation=&#8221;fadeInDown&#8221; add_icon=&#8221;true&#8221; link=&#8221;url:https%3A%2F%2Fthegeniusesgroup.com%2Fes%2Fmembresias%2F&#8221;][\/vc_column][\/vc_row]<\/p>\n<\/div>","protected":false},"excerpt":{"rendered":"<p>[vc_row][vc_column][vc_single_image image=&#8221;26623&#8243; img_size=&#8221;full&#8221; alignment=&#8221;center&#8221;][\/vc_column][\/vc_row][vc_row full_width=&#8221;stretch_row&#8221; css=&#8221;.vc_custom_1654542947387{background-color: #ffffff !important;}&#8221;][vc_column css_animation=&#8221;bottom-to-top&#8221;][vc_row_inner][vc_column_inner offset=&#8221;vc_hidden-sm vc_hidden-xs&#8221; css=&#8221;.vc_custom_1643745369059{margin-top: -15px !important;border-top-width: -15px !important;padding-top: -15px !important;}&#8221;][vc_column_text] COEFICIENTE EMOCIONAL&#8230;<\/p>\n","protected":false},"author":1,"featured_media":0,"parent":0,"menu_order":0,"comment_status":"closed","ping_status":"closed","template":"","meta":{"footnotes":""},"class_list":["post-25692","page","type-page","status-publish"],"yoast_head":"<!-- This site is optimized with the Yoast SEO plugin v23.4 - https:\/\/yoast.com\/wordpress\/plugins\/seo\/ -->\n<title>Prueba de Inteligencia Emocional CE, Automatizada Online<\/title>\n<meta name=\"description\" content=\"Test Laboral, Examen Psicot\u00e9cnico, Prueba de Empleo, Software de Evaluaci\u00f3n de Personal. Eval\u00faa Auto Confianza, Auto Control, Motivaci\u00f3n...\" \/>\n<meta name=\"robots\" content=\"index, follow, max-snippet:-1, max-image-preview:large, max-video-preview:-1\" \/>\n<link rel=\"canonical\" href=\"https:\/\/thegeniusesgroup.com\/es\/inteligencia-emocional-ce\/\" \/>\n<meta property=\"og:locale\" content=\"es_ES\" \/>\n<meta property=\"og:type\" content=\"article\" \/>\n<meta property=\"og:title\" content=\"Prueba de Inteligencia Emocional CE, Automatizada Online\" \/>\n<meta property=\"og:description\" content=\"Test Laboral, Examen Psicot\u00e9cnico, Prueba de Empleo, Software de Evaluaci\u00f3n de Personal. Eval\u00faa Auto Confianza, Auto Control, Motivaci\u00f3n...\" \/>\n<meta property=\"og:url\" content=\"https:\/\/thegeniusesgroup.com\/es\/inteligencia-emocional-ce\/\" \/>\n<meta property=\"og:site_name\" content=\"Geniuses Group LLC\" \/>\n<meta property=\"article:modified_time\" content=\"2024-01-29T04:45:41+00:00\" \/>\n<meta name=\"twitter:card\" content=\"summary_large_image\" \/>\n<script type=\"application\/ld+json\" class=\"yoast-schema-graph\">{\"@context\":\"https:\/\/schema.org\",\"@graph\":[{\"@type\":\"WebPage\",\"@id\":\"https:\/\/thegeniusesgroup.com\/es\/inteligencia-emocional-ce\/\",\"url\":\"https:\/\/thegeniusesgroup.com\/es\/inteligencia-emocional-ce\/\",\"name\":\"Prueba de Inteligencia Emocional CE, Automatizada Online\",\"isPartOf\":{\"@id\":\"https:\/\/thegeniusesgroup.com\/es\/#website\"},\"datePublished\":\"2022-05-12T17:04:04+00:00\",\"dateModified\":\"2024-01-29T04:45:41+00:00\",\"description\":\"Test Laboral, Examen Psicot\u00e9cnico, Prueba de Empleo, Software de Evaluaci\u00f3n de Personal. Eval\u00faa Auto Confianza, Auto Control, Motivaci\u00f3n...\",\"breadcrumb\":{\"@id\":\"https:\/\/thegeniusesgroup.com\/es\/inteligencia-emocional-ce\/#breadcrumb\"},\"inLanguage\":\"es\",\"potentialAction\":[{\"@type\":\"ReadAction\",\"target\":[\"https:\/\/thegeniusesgroup.com\/es\/inteligencia-emocional-ce\/\"]}]},{\"@type\":\"BreadcrumbList\",\"@id\":\"https:\/\/thegeniusesgroup.com\/es\/inteligencia-emocional-ce\/#breadcrumb\",\"itemListElement\":[{\"@type\":\"ListItem\",\"position\":1,\"name\":\"Home\",\"item\":\"https:\/\/thegeniusesgroup.com\/es\/\"},{\"@type\":\"ListItem\",\"position\":2,\"name\":\"INTELIGENCIA EMOCIONAL (CE)\"}]},{\"@type\":\"WebSite\",\"@id\":\"https:\/\/thegeniusesgroup.com\/es\/#website\",\"url\":\"https:\/\/thegeniusesgroup.com\/es\/\",\"name\":\"Geniuses Group LLC\",\"description\":\"Tests, Training &amp; Technology\",\"publisher\":{\"@id\":\"https:\/\/thegeniusesgroup.com\/es\/#organization\"},\"alternateName\":\"Tests, Training & Trechnology\",\"potentialAction\":[{\"@type\":\"SearchAction\",\"target\":{\"@type\":\"EntryPoint\",\"urlTemplate\":\"https:\/\/thegeniusesgroup.com\/es\/?s={search_term_string}\"},\"query-input\":{\"@type\":\"PropertyValueSpecification\",\"valueRequired\":true,\"valueName\":\"search_term_string\"}}],\"inLanguage\":\"es\"},{\"@type\":\"Organization\",\"@id\":\"https:\/\/thegeniusesgroup.com\/es\/#organization\",\"name\":\"Geniuses Group LLC\",\"alternateName\":\"Tests, Training & Trechnology\",\"url\":\"https:\/\/thegeniusesgroup.com\/es\/\",\"logo\":{\"@type\":\"ImageObject\",\"inLanguage\":\"es\",\"@id\":\"https:\/\/thegeniusesgroup.com\/es\/#\/schema\/logo\/image\/\",\"url\":\"https:\/\/thegeniusesgroup.com\/es\/wp-content\/uploads\/2022\/01\/logo.jpg\",\"contentUrl\":\"https:\/\/thegeniusesgroup.com\/es\/wp-content\/uploads\/2022\/01\/logo.jpg\",\"width\":492,\"height\":143,\"caption\":\"Geniuses Group LLC\"},\"image\":{\"@id\":\"https:\/\/thegeniusesgroup.com\/es\/#\/schema\/logo\/image\/\"}}]}<\/script>\n<!-- \/ Yoast SEO plugin. -->","yoast_head_json":{"title":"Prueba de Inteligencia Emocional CE, Automatizada Online","description":"Test Laboral, Examen Psicot\u00e9cnico, Prueba de Empleo, Software de Evaluaci\u00f3n de Personal. Eval\u00faa Auto Confianza, Auto Control, Motivaci\u00f3n...","robots":{"index":"index","follow":"follow","max-snippet":"max-snippet:-1","max-image-preview":"max-image-preview:large","max-video-preview":"max-video-preview:-1"},"canonical":"https:\/\/thegeniusesgroup.com\/es\/inteligencia-emocional-ce\/","og_locale":"es_ES","og_type":"article","og_title":"Prueba de Inteligencia Emocional CE, Automatizada Online","og_description":"Test Laboral, Examen Psicot\u00e9cnico, Prueba de Empleo, Software de Evaluaci\u00f3n de Personal. Eval\u00faa Auto Confianza, Auto Control, Motivaci\u00f3n...","og_url":"https:\/\/thegeniusesgroup.com\/es\/inteligencia-emocional-ce\/","og_site_name":"Geniuses Group LLC","article_modified_time":"2024-01-29T04:45:41+00:00","twitter_card":"summary_large_image","schema":{"@context":"https:\/\/schema.org","@graph":[{"@type":"WebPage","@id":"https:\/\/thegeniusesgroup.com\/es\/inteligencia-emocional-ce\/","url":"https:\/\/thegeniusesgroup.com\/es\/inteligencia-emocional-ce\/","name":"Prueba de Inteligencia Emocional CE, Automatizada Online","isPartOf":{"@id":"https:\/\/thegeniusesgroup.com\/es\/#website"},"datePublished":"2022-05-12T17:04:04+00:00","dateModified":"2024-01-29T04:45:41+00:00","description":"Test Laboral, Examen Psicot\u00e9cnico, Prueba de Empleo, Software de Evaluaci\u00f3n de Personal. Eval\u00faa Auto Confianza, Auto Control, Motivaci\u00f3n...","breadcrumb":{"@id":"https:\/\/thegeniusesgroup.com\/es\/inteligencia-emocional-ce\/#breadcrumb"},"inLanguage":"es","potentialAction":[{"@type":"ReadAction","target":["https:\/\/thegeniusesgroup.com\/es\/inteligencia-emocional-ce\/"]}]},{"@type":"BreadcrumbList","@id":"https:\/\/thegeniusesgroup.com\/es\/inteligencia-emocional-ce\/#breadcrumb","itemListElement":[{"@type":"ListItem","position":1,"name":"Home","item":"https:\/\/thegeniusesgroup.com\/es\/"},{"@type":"ListItem","position":2,"name":"INTELIGENCIA EMOCIONAL (CE)"}]},{"@type":"WebSite","@id":"https:\/\/thegeniusesgroup.com\/es\/#website","url":"https:\/\/thegeniusesgroup.com\/es\/","name":"Geniuses Group LLC","description":"Tests, Training &amp; Technology","publisher":{"@id":"https:\/\/thegeniusesgroup.com\/es\/#organization"},"alternateName":"Tests, Training & Trechnology","potentialAction":[{"@type":"SearchAction","target":{"@type":"EntryPoint","urlTemplate":"https:\/\/thegeniusesgroup.com\/es\/?s={search_term_string}"},"query-input":{"@type":"PropertyValueSpecification","valueRequired":true,"valueName":"search_term_string"}}],"inLanguage":"es"},{"@type":"Organization","@id":"https:\/\/thegeniusesgroup.com\/es\/#organization","name":"Geniuses Group LLC","alternateName":"Tests, Training & Trechnology","url":"https:\/\/thegeniusesgroup.com\/es\/","logo":{"@type":"ImageObject","inLanguage":"es","@id":"https:\/\/thegeniusesgroup.com\/es\/#\/schema\/logo\/image\/","url":"https:\/\/thegeniusesgroup.com\/es\/wp-content\/uploads\/2022\/01\/logo.jpg","contentUrl":"https:\/\/thegeniusesgroup.com\/es\/wp-content\/uploads\/2022\/01\/logo.jpg","width":492,"height":143,"caption":"Geniuses Group LLC"},"image":{"@id":"https:\/\/thegeniusesgroup.com\/es\/#\/schema\/logo\/image\/"}}]}},"jetpack_sharing_enabled":true,"_links":{"self":[{"href":"https:\/\/thegeniusesgroup.com\/es\/wp-json\/wp\/v2\/pages\/25692"}],"collection":[{"href":"https:\/\/thegeniusesgroup.com\/es\/wp-json\/wp\/v2\/pages"}],"about":[{"href":"https:\/\/thegeniusesgroup.com\/es\/wp-json\/wp\/v2\/types\/page"}],"author":[{"embeddable":true,"href":"https:\/\/thegeniusesgroup.com\/es\/wp-json\/wp\/v2\/users\/1"}],"replies":[{"embeddable":true,"href":"https:\/\/thegeniusesgroup.com\/es\/wp-json\/wp\/v2\/comments?post=25692"}],"version-history":[{"count":0,"href":"https:\/\/thegeniusesgroup.com\/es\/wp-json\/wp\/v2\/pages\/25692\/revisions"}],"wp:attachment":[{"href":"https:\/\/thegeniusesgroup.com\/es\/wp-json\/wp\/v2\/media?parent=25692"}],"curies":[{"name":"wp","href":"https:\/\/api.w.org\/{rel}","templated":true}]}}