{"id":25819,"date":"2022-06-06T17:08:28","date_gmt":"2022-06-06T17:08:28","guid":{"rendered":"https:\/\/thegeniusesgroup.com\/es\/?page_id=25819"},"modified":"2022-08-13T19:13:39","modified_gmt":"2022-08-13T19:13:39","slug":"prueba-gratis","status":"publish","type":"page","link":"https:\/\/thegeniusesgroup.com\/es\/prueba-gratis\/","title":{"rendered":"Solicitud de Pruebas de Cortes\u00eda"},"content":{"rendered":"<div class=\"wpb-content-wrapper\"><p>[vc_row full_width=&#8221;stretch_row&#8221; css_animation=&#8221;bottom-to-top&#8221; css=&#8221;.vc_custom_1654547863119{margin-top: -50px !important;background-color: #f0f3f2 !important;}&#8221;][vc_column]\n<div class=\"wpcf7 no-js\" id=\"wpcf7-f25818-o1\" lang=\"en-US\" dir=\"ltr\">\n<div class=\"screen-reader-response\"><p role=\"status\" aria-live=\"polite\" aria-atomic=\"true\"><\/p> <ul><\/ul><\/div>\n<form action=\"\/es\/wp-json\/wp\/v2\/pages\/25819#wpcf7-f25818-o1\" method=\"post\" class=\"wpcf7-form init gem-contact-form-white\" aria-label=\"Contact form\" novalidate=\"novalidate\" data-status=\"init\">\n<div style=\"display: none;\">\n<input type=\"hidden\" name=\"_wpcf7\" value=\"25818\" \/>\n<input type=\"hidden\" name=\"_wpcf7_version\" value=\"5.9.8\" \/>\n<input type=\"hidden\" name=\"_wpcf7_locale\" value=\"en_US\" \/>\n<input type=\"hidden\" name=\"_wpcf7_unit_tag\" value=\"wpcf7-f25818-o1\" \/>\n<input type=\"hidden\" name=\"_wpcf7_container_post\" value=\"0\" \/>\n<input type=\"hidden\" name=\"_wpcf7_posted_data_hash\" value=\"\" \/>\n<input type=\"hidden\" name=\"_wpcf7_recaptcha_response\" value=\"\" \/>\n<\/div>\n<div class=\"row\">\n\n\t<div class=\"form-line col-lg-4 col-md-4 col-xs-12\"><label>Nombre: <\/label><span class=\"wpcf7-form-control-wrap\" data-name=\"su-nombre\"><input size=\"40\" maxlength=\"400\" class=\"wpcf7-form-control wpcf7-text wpcf7-validates-as-required\" aria-required=\"true\" aria-invalid=\"false\" value=\"\" type=\"text\" name=\"su-nombre\" \/><\/span><\/div>\n\n\t<div class=\"form-line col-lg-4 col-md-4 col-xs-12\"><label>Email: <\/label><span class=\"wpcf7-form-control-wrap\" data-name=\"su-email\"><input size=\"40\" maxlength=\"400\" class=\"wpcf7-form-control wpcf7-email wpcf7-validates-as-required wpcf7-text wpcf7-validates-as-email\" aria-required=\"true\" aria-invalid=\"false\" value=\"\" type=\"email\" name=\"su-email\" \/><\/span><\/div>\n\n        <div class=\"form-line col-lg-4 col-md-4 col-xs-12\"><label>N\u00fameros telef\u00f3nicos de preferencia con Whatsapp: <\/label><span class=\"wpcf7-form-control-wrap\" data-name=\"su-telefono\"><input size=\"40\" maxlength=\"400\" class=\"wpcf7-form-control wpcf7-text wpcf7-validates-as-required\" aria-required=\"true\" aria-invalid=\"false\" value=\"\" type=\"text\" name=\"su-telefono\" \/><\/span><\/div>\t\n\n        <div class=\"form-line col-lg-4 col-md-4 col-xs-12\"><label>Empresa: <\/label><span class=\"wpcf7-form-control-wrap\" data-name=\"su-empresa\"><input size=\"40\" maxlength=\"400\" class=\"wpcf7-form-control wpcf7-text wpcf7-validates-as-required\" aria-required=\"true\" aria-invalid=\"false\" value=\"\" type=\"text\" name=\"su-empresa\" \/><\/span><\/div>\n\n        <div class=\"form-line col-lg-4 col-md-4 col-xs-12\"><label>Cargo: <\/label><span class=\"wpcf7-form-control-wrap\" data-name=\"su-cargo\"><input size=\"40\" maxlength=\"400\" class=\"wpcf7-form-control wpcf7-text wpcf7-validates-as-required\" aria-required=\"true\" aria-invalid=\"false\" value=\"\" type=\"text\" name=\"su-cargo\" \/><\/span><\/div>\n\n        <div class=\"form-line col-lg-4 col-md-4 col-xs-12\"><label>Pa\u00eds: <\/label><span class=\"wpcf7-form-control-wrap\" data-name=\"su-pais\"><input size=\"40\" maxlength=\"400\" class=\"wpcf7-form-control wpcf7-text wpcf7-validates-as-required\" aria-required=\"true\" aria-invalid=\"false\" value=\"\" type=\"text\" name=\"su-pais\" \/><\/span><\/div>        \n\n        <div class=\"form-line col-lg-4 col-md-4 col-xs-12\"><label>Cantidad aproximada de colaboradores: <\/label><span class=\"wpcf7-form-control-wrap\" data-name=\"colaboradores\"><input size=\"40\" maxlength=\"400\" class=\"wpcf7-form-control wpcf7-text wpcf7-validates-as-required\" aria-required=\"true\" aria-invalid=\"false\" value=\"\" type=\"text\" name=\"colaboradores\" \/><\/span><\/div>\n\n        <div class=\"form-line col-lg-4 col-md-4 col-xs-12\"><label>Cantidad aproximada de personas a evaluar por a\u00f1o: <\/label><span class=\"wpcf7-form-control-wrap\" data-name=\"personas\"><input size=\"40\" maxlength=\"400\" class=\"wpcf7-form-control wpcf7-text wpcf7-validates-as-required\" aria-required=\"true\" aria-invalid=\"false\" value=\"\" type=\"text\" name=\"personas\" \/><\/span><\/div>\n\n        <div class=\"form-line col-lg-4 col-md-4 col-xs-12\"><label> Se dedica su empresa a reclutamiento externo? (S\/N) <br \/> <\/label><span class=\"wpcf7-form-control-wrap\" data-name=\"reclutamiento\"><span class=\"wpcf7-form-control wpcf7-radio\"><span class=\"wpcf7-list-item first\"><label><input type=\"radio\" name=\"reclutamiento\" value=\"Si\" checked=\"checked\" \/><span class=\"wpcf7-list-item-label\">Si<\/span><\/label><\/span><span class=\"wpcf7-list-item last\"><label><input type=\"radio\" name=\"reclutamiento\" value=\"No\" \/><span class=\"wpcf7-list-item-label\">No<\/span><\/label><\/span><\/span><\/span><\/div>\n\n        <div class=\"form-line col-lg-12 col-md-12 col-xs-12\"><label>C\u00f3mo se enter\u00f3 de nosotros: <\/label><span class=\"wpcf7-form-control-wrap\" data-name=\"comoseentero\"><input size=\"40\" maxlength=\"400\" class=\"wpcf7-form-control wpcf7-text wpcf7-validates-as-required\" aria-required=\"true\" aria-invalid=\"false\" value=\"\" type=\"text\" name=\"comoseentero\" \/><\/span><\/div>\n        \n        <div class=\"form-line col-lg-12 col-md-12 col-xs-12\"><label>Comentarios: <\/label><span class=\"wpcf7-form-control-wrap\" data-name=\"su-mensaje\"><textarea cols=\"40\" rows=\"10\" maxlength=\"2000\" class=\"wpcf7-form-control wpcf7-textarea wpcf7-validates-as-required\" aria-required=\"true\" aria-invalid=\"false\" name=\"su-mensaje\"><\/textarea><\/span><\/div>\n\n\t\n<br \/>\n<div class=\"form-line col-lg-12 col-md-12 col-xs-12\">\n<label> Nota:  El env\u00edo de esta informaci\u00f3n es necesaria para que le podamos enviar un set de pruebas de cortes\u00eda gratis y no le compromete en absoluto a realizar ninguna compra.<\/label>\n<\/div>\n\n<br \/>\n<div class=\"form-line col-lg-12 col-md-12 col-xs-12\">\n<p> <span class=\"wpcf7-form-control-wrap recaptcha\" data-name=\"recaptcha\"><span data-sitekey=\"6Ld_AMEeAAAAAC9Z38knzkb4Kfo4YrRSJb6-jMeA\" class=\"wpcf7-form-control wpcf7-recaptcha g-recaptcha\"><\/span>\r\n<noscript>\r\n\t<div class=\"grecaptcha-noscript\">\r\n\t\t<iframe src=\"https:\/\/www.google.com\/recaptcha\/api\/fallback?k=6Ld_AMEeAAAAAC9Z38knzkb4Kfo4YrRSJb6-jMeA\" frameborder=\"0\" scrolling=\"no\" width=\"310\" height=\"430\">\r\n\t\t<\/iframe>\r\n\t\t<textarea name=\"g-recaptcha-response\" rows=\"3\" cols=\"40\" placeholder=\"reCaptcha Response Here\">\r\n\t\t<\/textarea>\r\n\t<\/div>\r\n<\/noscript>\r\n<\/span> <\/p>\n<\/div>\t\n\n\t<div class=\"col-lg-12 col-md-12 col-xs-12\"><style type=\"text\/css\">.thegem-button-69efa44e19efd9779 .gem-button svg {fill: #FFFFFFFF;}.thegem-button-69efa44e19efd9779 .gem-button:hover svg {fill: #FFFFFFFF;}<\/style><div class=\"gem-button-container gem-button-position-fullwidth thegem-button-69efa44e19efd9779\"  ><input class=\"gem-button gem-button-size-medium gem-button-style-flat gem-button-text-weight-normal wpcf7-form-control wpcf7-submit has-spinner gem-button-wpcf-custom\" data-ll-effect=\"drop-right-without-wrap\" style=\"border-radius: 0px;background-color: #B6C6C9FF;color: #FFFFFFFF;\" onmouseleave=\"this.style.backgroundColor='#B6C6C9FF';this.style.color='#FFFFFFFF';\" onmouseenter=\"this.style.backgroundColor='#3C3950FF';this.style.color='#FFFFFFFF';\" id=\"\" tabindex=\"\" type=\"submit\" value=\"ENVIAR\" \/><\/div> <\/div>\n\n<\/div><div class=\"wpcf7-response-output\" aria-hidden=\"true\"><\/div>\n<\/form>\n<\/div>\n[\/vc_column][\/vc_row][vc_row css=&#8221;.vc_custom_1458198549877{margin-bottom: 0px !important;}&#8221;][vc_column][vc_row_inner el_class=&#8221;h_row&#8221;][vc_column_inner width=&#8221;1\/4&#8243; css=&#8221;.vc_custom_1461419262544{padding-right: 0px !important;padding-left: 0px !important;background-color: #8781bd !important;}&#8221;]<div class=\"lazy-loading\" data-ll-item-delay=\"0\"><div class=\"gem-textbox  lazy-loading-item centered-box\"  data-ll-effect=\"move-up\" ><div class=\"gem-textbox-inner\" style=\"\"><div class=\"gem-textbox-content\" style=\"background-position: center top;padding-top: 43px;padding-bottom: 47px;\"><div class=\"centered-box\"><div class=\"gem-icon gem-icon-pack-elegant gem-icon-size-medium  gem-icon-shape-square gem-simple-icon\"  style=\"opacity: 1;\"><div class=\"gem-icon-inner\" style=\"\"><span class=\"gem-icon-half-1\" style=\"color: #ffffff;\"><span class=\"back-angle\">&#xe01d;<\/span><\/span><span class=\"gem-icon-half-2\" style=\"color: #ffffff;\"><span class=\"back-angle\">&#xe01d;<\/span><\/span><\/div><\/div><\/div><div class=\"clearboth\"><\/div><style>#thegem-divider-69efa44e1addf {margin-top: 30px !important;}<\/style><div id=\"thegem-divider-69efa44e1addf\" class=\"gem-divider  \" style=\"\" ><\/div>[vc_column_text]<\/p>\n<div class=\"title-h5\" style=\"text-align: center;\"><span class=\"light\" style=\"color: #ffffff;\">Direcci\u00d3n US<\/span><\/div>\n<p>[\/vc_column_text]<div class=\"clearboth\"><\/div><style>#thegem-divider-69efa44e1ae25 {margin-top: 10px !important;}<\/style><div id=\"thegem-divider-69efa44e1ae25\" class=\"gem-divider  \" style=\"\" ><\/div>[vc_column_text]<\/p>\n<div style=\"text-align: center;\"><span class=\"light\" style=\"color: #ffffff;\">4855 W Hillsboro Blvd 83 Coconut Creek FL 33073 United States<\/span><\/div>\n<p>[\/vc_column_text]<\/div><\/div><\/div><\/div>[\/vc_column_inner][vc_column_inner width=&#8221;1\/4&#8243; css=&#8221;.vc_custom_1458216798807{background-color: #42abd6 !important;}&#8221;]<div class=\"lazy-loading\" data-ll-item-delay=\"0\"><div class=\"gem-textbox  lazy-loading-item centered-box\"  data-ll-effect=\"move-up\" ><div class=\"gem-textbox-inner\" style=\"\"><div class=\"gem-textbox-content\" style=\"background-position: center top;padding-top: 43px;padding-bottom: 47px;\"><div class=\"centered-box\"><div class=\"gem-icon gem-icon-pack-elegant gem-icon-size-medium  gem-icon-shape-square gem-simple-icon\"  style=\"opacity: 1;\"><div class=\"gem-icon-inner\" style=\"\"><span class=\"gem-icon-half-1\" style=\"color: #ffffff;\"><span class=\"back-angle\">&#xe01d;<\/span><\/span><span class=\"gem-icon-half-2\" style=\"color: #ffffff;\"><span class=\"back-angle\">&#xe01d;<\/span><\/span><\/div><\/div><\/div><div class=\"clearboth\"><\/div><style>#thegem-divider-69efa44e1aed9 {margin-top: 30px !important;}<\/style><div id=\"thegem-divider-69efa44e1aed9\" class=\"gem-divider  \" style=\"\" ><\/div>[vc_column_text]<\/p>\n<div class=\"title-h5\" style=\"text-align: center;\"><span class=\"light\" style=\"color: #ffffff;\">Direcci\u00f3n Gua<\/span><\/div>\n<p>[\/vc_column_text]<div class=\"clearboth\"><\/div><style>#thegem-divider-69efa44e1af09 {margin-top: 10px !important;}<\/style><div id=\"thegem-divider-69efa44e1af09\" class=\"gem-divider  \" style=\"\" ><\/div>[vc_column_text]<\/p>\n<div style=\"text-align: center;\"><span class=\"light\" style=\"color: #ffffff;\"> 18 C. 24-69 Z.10 Of. 1108 T2<br \/>\nZona Pradera &#8211; GUA 01010 <\/span><\/div>\n<p>[\/vc_column_text]<\/div><\/div><\/div><\/div>[\/vc_column_inner][vc_column_inner width=&#8221;1\/4&#8243; css=&#8221;.vc_custom_1458216808629{background-color: #6fc8bf !important;}&#8221;]<div class=\"lazy-loading\" data-ll-item-delay=\"0\"><div class=\"gem-textbox  lazy-loading-item centered-box\"  data-ll-effect=\"move-up\" ><div class=\"gem-textbox-inner\" style=\"\"><div class=\"gem-textbox-content\" style=\"background-position: center top;padding-top: 43px;padding-bottom: 47px;\"><div class=\"centered-box\"><div class=\"gem-icon gem-icon-pack-material gem-icon-size-medium  gem-icon-shape-square gem-simple-icon\"  style=\"opacity: 1;\"><div class=\"gem-icon-inner\" style=\"\"><span class=\"gem-icon-half-1\" style=\"color: #ffffff;\"><span class=\"back-angle\">&#xf477;<\/span><\/span><span class=\"gem-icon-half-2\" style=\"color: #ffffff;\"><span class=\"back-angle\">&#xf477;<\/span><\/span><\/div><\/div><\/div><div class=\"clearboth\"><\/div><style>#thegem-divider-69efa44e1afb4 {margin-top: 30px !important;}<\/style><div id=\"thegem-divider-69efa44e1afb4\" class=\"gem-divider  \" style=\"\" ><\/div>[vc_column_text]<\/p>\n<div class=\"title-h5\" style=\"text-align: center;\"><span class=\"light\" style=\"color: #ffffff;\">WHATSAPP<\/span><\/div>\n<p>[\/vc_column_text]<div class=\"clearboth\"><\/div><style>#thegem-divider-69efa44e1afcd {margin-top: 10px !important;}<\/style><div id=\"thegem-divider-69efa44e1afcd\" class=\"gem-divider  \" style=\"\" ><\/div>[vc_column_text]<\/p>\n<div style=\"text-align: center;\"><span class=\"light\" style=\"color: #ffffff;\"><strong>US<\/strong> +1 832 695 4444<\/span><\/div>\n<div style=\"text-align: center;\"><span class=\"light\" style=\"color: #ffffff;\"> <strong>GUA<\/strong> +502 5207 9999<\/span><\/div>\n<p>[\/vc_column_text]<\/div><\/div><\/div><\/div>[\/vc_column_inner][vc_column_inner width=&#8221;1\/4&#8243; css=&#8221;.vc_custom_1458216818757{background-color: #a3d070 !important;}&#8221;]<div class=\"lazy-loading\" data-ll-item-delay=\"0\"><div class=\"gem-textbox  lazy-loading-item centered-box\"  data-ll-effect=\"move-up\" ><div class=\"gem-textbox-inner\" style=\"\"><div class=\"gem-textbox-content\" style=\"background-position: center top;padding-top: 43px;padding-bottom: 47px;\"><div class=\"centered-box\"><div class=\"gem-icon gem-icon-pack-elegant gem-icon-size-medium  gem-icon-shape-square gem-simple-icon\"  style=\"opacity: 1;\"><div class=\"gem-icon-inner\" style=\"\"><span class=\"gem-icon-half-1\" style=\"color: #ffffff;\"><span class=\"back-angle\">&#xe010;<\/span><\/span><span class=\"gem-icon-half-2\" style=\"color: #ffffff;\"><span class=\"back-angle\">&#xe010;<\/span><\/span><\/div><\/div><\/div><div class=\"clearboth\"><\/div><style>#thegem-divider-69efa44e1b089 {margin-top: 30px !important;}<\/style><div id=\"thegem-divider-69efa44e1b089\" class=\"gem-divider  \" style=\"\" ><\/div>[vc_column_text]<\/p>\n<div class=\"title-h5\" style=\"text-align: center;\"><span class=\"light\" style=\"color: #ffffff;\">emails<\/span><\/div>\n<p>[\/vc_column_text]<div class=\"clearboth\"><\/div><style>#thegem-divider-69efa44e1b0ac {margin-top: 10px !important;}<\/style><div id=\"thegem-divider-69efa44e1b0ac\" class=\"gem-divider  \" style=\"\" ><\/div>[vc_column_text]<\/p>\n<div style=\"text-align: center;\"><span class=\"light\" style=\"color: #ffffff;\">info@thegeniusesgroup.com<\/span><\/div>\n<div style=\"text-align: center;\"><span class=\"light\" style=\"color: #ffffff;\">info@grupodegenios.com<\/span><\/div>\n<p>[\/vc_column_text]<\/div><\/div><\/div><\/div>[\/vc_column_inner][\/vc_row_inner]<div class=\"clearboth\"><\/div><style>#thegem-divider-69efa44e1b0cc {margin-top: 80px !important;}<\/style><div id=\"thegem-divider-69efa44e1b0cc\" class=\"gem-divider  \" style=\"\" ><\/div>[\/vc_column][\/vc_row]<\/p>\n<\/div>","protected":false},"excerpt":{"rendered":"<p>[vc_row full_width=&#8221;stretch_row&#8221; css_animation=&#8221;bottom-to-top&#8221; css=&#8221;.vc_custom_1654547863119{margin-top: -50px !important;background-color: #f0f3f2 !important;}&#8221;][vc_column][\/vc_column][\/vc_row][vc_row css=&#8221;.vc_custom_1458198549877{margin-bottom: 0px !important;}&#8221;][vc_column][vc_row_inner el_class=&#8221;h_row&#8221;][vc_column_inner width=&#8221;1\/4&#8243; css=&#8221;.vc_custom_1461419262544{padding-right: 0px !important;padding-left: 0px !important;background-color: #8781bd !important;}&#8221;][\/vc_column_inner][vc_column_inner&#8230;<\/p>\n","protected":false},"author":1,"featured_media":0,"parent":0,"menu_order":0,"comment_status":"closed","ping_status":"closed","template":"","meta":{"footnotes":""},"class_list":["post-25819","page","type-page","status-publish"],"yoast_head":"<!-- This site is optimized with the Yoast SEO plugin v23.4 - https:\/\/yoast.com\/wordpress\/plugins\/seo\/ -->\n<title>Solicitud de Pruebas de Cortes\u00eda - Geniuses Group LLC<\/title>\n<meta name=\"description\" content=\"Solicitud de Pruebas de Cortes\u00eda\" \/>\n<meta name=\"robots\" content=\"index, follow, max-snippet:-1, max-image-preview:large, max-video-preview:-1\" \/>\n<link rel=\"canonical\" href=\"https:\/\/thegeniusesgroup.com\/es\/prueba-gratis\/\" \/>\n<meta property=\"og:locale\" content=\"es_ES\" \/>\n<meta property=\"og:type\" content=\"article\" \/>\n<meta property=\"og:title\" content=\"Solicitud de Pruebas de Cortes\u00eda - Geniuses Group LLC\" \/>\n<meta property=\"og:description\" content=\"Solicitud de Pruebas de Cortes\u00eda\" \/>\n<meta property=\"og:url\" content=\"https:\/\/thegeniusesgroup.com\/es\/prueba-gratis\/\" \/>\n<meta property=\"og:site_name\" content=\"Geniuses Group LLC\" \/>\n<meta property=\"article:modified_time\" content=\"2022-08-13T19:13:39+00:00\" \/>\n<meta name=\"twitter:card\" content=\"summary_large_image\" \/>\n<script type=\"application\/ld+json\" class=\"yoast-schema-graph\">{\"@context\":\"https:\/\/schema.org\",\"@graph\":[{\"@type\":\"WebPage\",\"@id\":\"https:\/\/thegeniusesgroup.com\/es\/prueba-gratis\/\",\"url\":\"https:\/\/thegeniusesgroup.com\/es\/prueba-gratis\/\",\"name\":\"Solicitud de Pruebas de Cortes\u00eda - Geniuses Group LLC\",\"isPartOf\":{\"@id\":\"https:\/\/thegeniusesgroup.com\/es\/#website\"},\"datePublished\":\"2022-06-06T17:08:28+00:00\",\"dateModified\":\"2022-08-13T19:13:39+00:00\",\"description\":\"Solicitud de Pruebas de Cortes\u00eda\",\"breadcrumb\":{\"@id\":\"https:\/\/thegeniusesgroup.com\/es\/prueba-gratis\/#breadcrumb\"},\"inLanguage\":\"es\",\"potentialAction\":[{\"@type\":\"ReadAction\",\"target\":[\"https:\/\/thegeniusesgroup.com\/es\/prueba-gratis\/\"]}]},{\"@type\":\"BreadcrumbList\",\"@id\":\"https:\/\/thegeniusesgroup.com\/es\/prueba-gratis\/#breadcrumb\",\"itemListElement\":[{\"@type\":\"ListItem\",\"position\":1,\"name\":\"Home\",\"item\":\"https:\/\/thegeniusesgroup.com\/es\/\"},{\"@type\":\"ListItem\",\"position\":2,\"name\":\"Solicitud de Pruebas de Cortes\u00eda\"}]},{\"@type\":\"WebSite\",\"@id\":\"https:\/\/thegeniusesgroup.com\/es\/#website\",\"url\":\"https:\/\/thegeniusesgroup.com\/es\/\",\"name\":\"Geniuses Group LLC\",\"description\":\"Tests, Training &amp; Technology\",\"publisher\":{\"@id\":\"https:\/\/thegeniusesgroup.com\/es\/#organization\"},\"alternateName\":\"Tests, Training & Trechnology\",\"potentialAction\":[{\"@type\":\"SearchAction\",\"target\":{\"@type\":\"EntryPoint\",\"urlTemplate\":\"https:\/\/thegeniusesgroup.com\/es\/?s={search_term_string}\"},\"query-input\":{\"@type\":\"PropertyValueSpecification\",\"valueRequired\":true,\"valueName\":\"search_term_string\"}}],\"inLanguage\":\"es\"},{\"@type\":\"Organization\",\"@id\":\"https:\/\/thegeniusesgroup.com\/es\/#organization\",\"name\":\"Geniuses Group LLC\",\"alternateName\":\"Tests, Training & Trechnology\",\"url\":\"https:\/\/thegeniusesgroup.com\/es\/\",\"logo\":{\"@type\":\"ImageObject\",\"inLanguage\":\"es\",\"@id\":\"https:\/\/thegeniusesgroup.com\/es\/#\/schema\/logo\/image\/\",\"url\":\"https:\/\/thegeniusesgroup.com\/es\/wp-content\/uploads\/2022\/01\/logo.jpg\",\"contentUrl\":\"https:\/\/thegeniusesgroup.com\/es\/wp-content\/uploads\/2022\/01\/logo.jpg\",\"width\":492,\"height\":143,\"caption\":\"Geniuses Group LLC\"},\"image\":{\"@id\":\"https:\/\/thegeniusesgroup.com\/es\/#\/schema\/logo\/image\/\"}}]}<\/script>\n<!-- \/ Yoast SEO plugin. -->","yoast_head_json":{"title":"Solicitud de Pruebas de Cortes\u00eda - Geniuses Group LLC","description":"Solicitud de Pruebas de Cortes\u00eda","robots":{"index":"index","follow":"follow","max-snippet":"max-snippet:-1","max-image-preview":"max-image-preview:large","max-video-preview":"max-video-preview:-1"},"canonical":"https:\/\/thegeniusesgroup.com\/es\/prueba-gratis\/","og_locale":"es_ES","og_type":"article","og_title":"Solicitud de Pruebas de Cortes\u00eda - Geniuses Group LLC","og_description":"Solicitud de Pruebas de Cortes\u00eda","og_url":"https:\/\/thegeniusesgroup.com\/es\/prueba-gratis\/","og_site_name":"Geniuses Group LLC","article_modified_time":"2022-08-13T19:13:39+00:00","twitter_card":"summary_large_image","schema":{"@context":"https:\/\/schema.org","@graph":[{"@type":"WebPage","@id":"https:\/\/thegeniusesgroup.com\/es\/prueba-gratis\/","url":"https:\/\/thegeniusesgroup.com\/es\/prueba-gratis\/","name":"Solicitud de Pruebas de Cortes\u00eda - Geniuses Group LLC","isPartOf":{"@id":"https:\/\/thegeniusesgroup.com\/es\/#website"},"datePublished":"2022-06-06T17:08:28+00:00","dateModified":"2022-08-13T19:13:39+00:00","description":"Solicitud de Pruebas de Cortes\u00eda","breadcrumb":{"@id":"https:\/\/thegeniusesgroup.com\/es\/prueba-gratis\/#breadcrumb"},"inLanguage":"es","potentialAction":[{"@type":"ReadAction","target":["https:\/\/thegeniusesgroup.com\/es\/prueba-gratis\/"]}]},{"@type":"BreadcrumbList","@id":"https:\/\/thegeniusesgroup.com\/es\/prueba-gratis\/#breadcrumb","itemListElement":[{"@type":"ListItem","position":1,"name":"Home","item":"https:\/\/thegeniusesgroup.com\/es\/"},{"@type":"ListItem","position":2,"name":"Solicitud de Pruebas de Cortes\u00eda"}]},{"@type":"WebSite","@id":"https:\/\/thegeniusesgroup.com\/es\/#website","url":"https:\/\/thegeniusesgroup.com\/es\/","name":"Geniuses Group LLC","description":"Tests, Training &amp; Technology","publisher":{"@id":"https:\/\/thegeniusesgroup.com\/es\/#organization"},"alternateName":"Tests, Training & Trechnology","potentialAction":[{"@type":"SearchAction","target":{"@type":"EntryPoint","urlTemplate":"https:\/\/thegeniusesgroup.com\/es\/?s={search_term_string}"},"query-input":{"@type":"PropertyValueSpecification","valueRequired":true,"valueName":"search_term_string"}}],"inLanguage":"es"},{"@type":"Organization","@id":"https:\/\/thegeniusesgroup.com\/es\/#organization","name":"Geniuses Group LLC","alternateName":"Tests, Training & Trechnology","url":"https:\/\/thegeniusesgroup.com\/es\/","logo":{"@type":"ImageObject","inLanguage":"es","@id":"https:\/\/thegeniusesgroup.com\/es\/#\/schema\/logo\/image\/","url":"https:\/\/thegeniusesgroup.com\/es\/wp-content\/uploads\/2022\/01\/logo.jpg","contentUrl":"https:\/\/thegeniusesgroup.com\/es\/wp-content\/uploads\/2022\/01\/logo.jpg","width":492,"height":143,"caption":"Geniuses Group LLC"},"image":{"@id":"https:\/\/thegeniusesgroup.com\/es\/#\/schema\/logo\/image\/"}}]}},"jetpack_sharing_enabled":true,"_links":{"self":[{"href":"https:\/\/thegeniusesgroup.com\/es\/wp-json\/wp\/v2\/pages\/25819"}],"collection":[{"href":"https:\/\/thegeniusesgroup.com\/es\/wp-json\/wp\/v2\/pages"}],"about":[{"href":"https:\/\/thegeniusesgroup.com\/es\/wp-json\/wp\/v2\/types\/page"}],"author":[{"embeddable":true,"href":"https:\/\/thegeniusesgroup.com\/es\/wp-json\/wp\/v2\/users\/1"}],"replies":[{"embeddable":true,"href":"https:\/\/thegeniusesgroup.com\/es\/wp-json\/wp\/v2\/comments?post=25819"}],"version-history":[{"count":0,"href":"https:\/\/thegeniusesgroup.com\/es\/wp-json\/wp\/v2\/pages\/25819\/revisions"}],"wp:attachment":[{"href":"https:\/\/thegeniusesgroup.com\/es\/wp-json\/wp\/v2\/media?parent=25819"}],"curies":[{"name":"wp","href":"https:\/\/api.w.org\/{rel}","templated":true}]}}