{"id":26299,"date":"2022-12-15T04:21:53","date_gmt":"2022-12-15T04:21:53","guid":{"rendered":"https:\/\/thegeniusesgroup.com\/es\/?page_id=26299"},"modified":"2022-12-15T05:03:31","modified_gmt":"2022-12-15T05:03:31","slug":"terminos-condiciones","status":"publish","type":"page","link":"https:\/\/thegeniusesgroup.com\/es\/terminos-condiciones\/","title":{"rendered":"T\u00e9rminos y Condiciones Aplicables a las Pruebas Psicosom\u00e9tricas GGTESTS"},"content":{"rendered":"<p>Las membrec\u00edas son habilitadas como m\u00e1ximo 2 d\u00edas h\u00e1biles despu\u00e9s de efectuado el pago.\u00a0 <strong>Condiciones de pago<\/strong>:\u00a0 Contado, <strong>no reembolsable<\/strong> a trav\u00e9s de tarjeta de cr\u00e9dito o d\u00e9bito por medio de esta tienda en l\u00ednea.\u00a0 Para su comodidad puede seleccionar al momento de pagar Amazon Pay o Google Pay.\u00a0\u00a0 Si prefiere, puede solicitar los datos para efectuar transferencia bancaria, en cuyo caso el costo de la transferencia corre por su cuenta.\u00a0 Los precios publicados en esta tienda en l\u00ednea no incluyen impuestos locales al pa\u00eds en d\u00f3nde se est\u00e1 efectuando la compra. <strong>Observaci\u00f3n:<\/strong>\u00a0 La membrec\u00eda constituye un derecho de uso del software, m\u00e1s no la propiedad del mismo la cual es exclusiva de Geniuses Group LLC.<\/p>\n<p>Si usted ha recibido un cup\u00f3n de descuento, <strong>debe aplicarlo al momento de la compra<\/strong> y verificar que aparece el descuento antes de hacer clic en el bot\u00f3n de pago.\u00a0 Si no utiliza su cup\u00f3n de descuento en el momento indicado, no se har\u00e1 ning\u00fan reembolso, ni lo podr\u00e1 aprovechar posteriormente.\u00a0 Los cupones de descuento son sujetos a sus propias condiciones, como, por ejemplo:\u00a0 Fecha de expiraci\u00f3n.<\/p>\n<p>Si usted ha contratado una membrec\u00eda en pago mensual, usted acepta que tendr\u00e1 un cargo mensual a su tarjeta por un periodo de 12 meses consecutivos, si por alguna raz\u00f3n ya no desea utilizar la membrec\u00eda, necesita dar un aviso de cancelaci\u00f3n v\u00eda correo electr\u00f3nico 2 meses antes al pr\u00f3ximo cargo y se le cobrar\u00e1 el equivalente a un mes por gastos administrativos.<\/p>\n<p>Si tiene alguna consulta o desea probar la plataforma antes de su compra, puede utilizar el formulario SOLICITUD DE PRUEBA GRATIS <a href=\"https:\/\/thegeniusesgroup.com\/es\/prueba-gratis\/\">https:\/\/thegeniusesgroup.com\/es\/prueba-gratis\/<\/a><\/p>\n<p>Las membrec\u00edas incluyen justo lo indicado en la descripci\u00f3n de cada una, el presente es un servicio de facilitaci\u00f3n de pruebas psicom\u00e9tricas, cualquier eventualidad que los administradores o los usuarios tengan con respecto a sus equipos computacionales, servicio de internet o de su correo electr\u00f3nico, son ajenos a las responsabilidades y a los servicios incluidos en la membrec\u00eda de pruebas psicom\u00e9tricas.<\/p>\n<p>Al dar clic en el bot\u00f3n de pago, usted est\u00e1 aceptando los t\u00e9rminos antes indicados.<\/p>\n","protected":false},"excerpt":{"rendered":"<p>Las membrec\u00edas son habilitadas como m\u00e1ximo 2 d\u00edas h\u00e1biles despu\u00e9s de efectuado el pago.\u00a0 Condiciones de pago:\u00a0 Contado, no reembolsable&#8230;<\/p>\n","protected":false},"author":1,"featured_media":0,"parent":0,"menu_order":0,"comment_status":"closed","ping_status":"closed","template":"","meta":{"footnotes":""},"class_list":["post-26299","page","type-page","status-publish"],"yoast_head":"<!-- This site is optimized with the Yoast SEO plugin v23.4 - https:\/\/yoast.com\/wordpress\/plugins\/seo\/ -->\n<title>T\u00e9rminos y Condiciones - Geniuses Group LLC<\/title>\n<meta name=\"description\" content=\"Condiciones de pago: Contado, no reembolsable a trav\u00e9s de tarjeta de cr\u00e9dito o d\u00e9bito por medio de esta tienda en l\u00ednea.\" \/>\n<meta name=\"robots\" content=\"index, follow, max-snippet:-1, max-image-preview:large, max-video-preview:-1\" \/>\n<link rel=\"canonical\" href=\"https:\/\/thegeniusesgroup.com\/es\/terminos-condiciones\/\" \/>\n<meta property=\"og:locale\" content=\"es_ES\" \/>\n<meta property=\"og:type\" content=\"article\" \/>\n<meta property=\"og:title\" content=\"T\u00e9rminos y Condiciones - Geniuses Group LLC\" \/>\n<meta property=\"og:description\" content=\"Condiciones de pago: Contado, no reembolsable a trav\u00e9s de tarjeta de cr\u00e9dito o d\u00e9bito por medio de esta tienda en l\u00ednea.\" \/>\n<meta property=\"og:url\" content=\"https:\/\/thegeniusesgroup.com\/es\/terminos-condiciones\/\" \/>\n<meta property=\"og:site_name\" content=\"Geniuses Group LLC\" \/>\n<meta property=\"article:modified_time\" content=\"2022-12-15T05:03:31+00:00\" \/>\n<meta name=\"twitter:card\" content=\"summary_large_image\" \/>\n<script type=\"application\/ld+json\" class=\"yoast-schema-graph\">{\"@context\":\"https:\/\/schema.org\",\"@graph\":[{\"@type\":\"WebPage\",\"@id\":\"https:\/\/thegeniusesgroup.com\/es\/terminos-condiciones\/\",\"url\":\"https:\/\/thegeniusesgroup.com\/es\/terminos-condiciones\/\",\"name\":\"T\u00e9rminos y Condiciones - Geniuses Group LLC\",\"isPartOf\":{\"@id\":\"https:\/\/thegeniusesgroup.com\/es\/#website\"},\"datePublished\":\"2022-12-15T04:21:53+00:00\",\"dateModified\":\"2022-12-15T05:03:31+00:00\",\"description\":\"Condiciones de pago: Contado, no reembolsable a trav\u00e9s de tarjeta de cr\u00e9dito o d\u00e9bito por medio de esta tienda en l\u00ednea.\",\"breadcrumb\":{\"@id\":\"https:\/\/thegeniusesgroup.com\/es\/terminos-condiciones\/#breadcrumb\"},\"inLanguage\":\"es\",\"potentialAction\":[{\"@type\":\"ReadAction\",\"target\":[\"https:\/\/thegeniusesgroup.com\/es\/terminos-condiciones\/\"]}]},{\"@type\":\"BreadcrumbList\",\"@id\":\"https:\/\/thegeniusesgroup.com\/es\/terminos-condiciones\/#breadcrumb\",\"itemListElement\":[{\"@type\":\"ListItem\",\"position\":1,\"name\":\"Home\",\"item\":\"https:\/\/thegeniusesgroup.com\/es\/\"},{\"@type\":\"ListItem\",\"position\":2,\"name\":\"T\u00e9rminos y Condiciones Aplicables a las Pruebas Psicosom\u00e9tricas GGTESTS\"}]},{\"@type\":\"WebSite\",\"@id\":\"https:\/\/thegeniusesgroup.com\/es\/#website\",\"url\":\"https:\/\/thegeniusesgroup.com\/es\/\",\"name\":\"Geniuses Group LLC\",\"description\":\"Tests, Training &amp; Technology\",\"publisher\":{\"@id\":\"https:\/\/thegeniusesgroup.com\/es\/#organization\"},\"alternateName\":\"Tests, Training & Trechnology\",\"potentialAction\":[{\"@type\":\"SearchAction\",\"target\":{\"@type\":\"EntryPoint\",\"urlTemplate\":\"https:\/\/thegeniusesgroup.com\/es\/?s={search_term_string}\"},\"query-input\":{\"@type\":\"PropertyValueSpecification\",\"valueRequired\":true,\"valueName\":\"search_term_string\"}}],\"inLanguage\":\"es\"},{\"@type\":\"Organization\",\"@id\":\"https:\/\/thegeniusesgroup.com\/es\/#organization\",\"name\":\"Geniuses Group LLC\",\"alternateName\":\"Tests, Training & Trechnology\",\"url\":\"https:\/\/thegeniusesgroup.com\/es\/\",\"logo\":{\"@type\":\"ImageObject\",\"inLanguage\":\"es\",\"@id\":\"https:\/\/thegeniusesgroup.com\/es\/#\/schema\/logo\/image\/\",\"url\":\"https:\/\/thegeniusesgroup.com\/es\/wp-content\/uploads\/2022\/01\/logo.jpg\",\"contentUrl\":\"https:\/\/thegeniusesgroup.com\/es\/wp-content\/uploads\/2022\/01\/logo.jpg\",\"width\":492,\"height\":143,\"caption\":\"Geniuses Group LLC\"},\"image\":{\"@id\":\"https:\/\/thegeniusesgroup.com\/es\/#\/schema\/logo\/image\/\"}}]}<\/script>\n<!-- \/ Yoast SEO plugin. -->","yoast_head_json":{"title":"T\u00e9rminos y Condiciones - Geniuses Group LLC","description":"Condiciones de pago: Contado, no reembolsable a trav\u00e9s de tarjeta de cr\u00e9dito o d\u00e9bito por medio de esta tienda en l\u00ednea.","robots":{"index":"index","follow":"follow","max-snippet":"max-snippet:-1","max-image-preview":"max-image-preview:large","max-video-preview":"max-video-preview:-1"},"canonical":"https:\/\/thegeniusesgroup.com\/es\/terminos-condiciones\/","og_locale":"es_ES","og_type":"article","og_title":"T\u00e9rminos y Condiciones - Geniuses Group LLC","og_description":"Condiciones de pago: Contado, no reembolsable a trav\u00e9s de tarjeta de cr\u00e9dito o d\u00e9bito por medio de esta tienda en l\u00ednea.","og_url":"https:\/\/thegeniusesgroup.com\/es\/terminos-condiciones\/","og_site_name":"Geniuses Group LLC","article_modified_time":"2022-12-15T05:03:31+00:00","twitter_card":"summary_large_image","schema":{"@context":"https:\/\/schema.org","@graph":[{"@type":"WebPage","@id":"https:\/\/thegeniusesgroup.com\/es\/terminos-condiciones\/","url":"https:\/\/thegeniusesgroup.com\/es\/terminos-condiciones\/","name":"T\u00e9rminos y Condiciones - Geniuses Group LLC","isPartOf":{"@id":"https:\/\/thegeniusesgroup.com\/es\/#website"},"datePublished":"2022-12-15T04:21:53+00:00","dateModified":"2022-12-15T05:03:31+00:00","description":"Condiciones de pago: Contado, no reembolsable a trav\u00e9s de tarjeta de cr\u00e9dito o d\u00e9bito por medio de esta tienda en l\u00ednea.","breadcrumb":{"@id":"https:\/\/thegeniusesgroup.com\/es\/terminos-condiciones\/#breadcrumb"},"inLanguage":"es","potentialAction":[{"@type":"ReadAction","target":["https:\/\/thegeniusesgroup.com\/es\/terminos-condiciones\/"]}]},{"@type":"BreadcrumbList","@id":"https:\/\/thegeniusesgroup.com\/es\/terminos-condiciones\/#breadcrumb","itemListElement":[{"@type":"ListItem","position":1,"name":"Home","item":"https:\/\/thegeniusesgroup.com\/es\/"},{"@type":"ListItem","position":2,"name":"T\u00e9rminos y Condiciones Aplicables a las Pruebas Psicosom\u00e9tricas GGTESTS"}]},{"@type":"WebSite","@id":"https:\/\/thegeniusesgroup.com\/es\/#website","url":"https:\/\/thegeniusesgroup.com\/es\/","name":"Geniuses Group LLC","description":"Tests, Training &amp; Technology","publisher":{"@id":"https:\/\/thegeniusesgroup.com\/es\/#organization"},"alternateName":"Tests, Training & Trechnology","potentialAction":[{"@type":"SearchAction","target":{"@type":"EntryPoint","urlTemplate":"https:\/\/thegeniusesgroup.com\/es\/?s={search_term_string}"},"query-input":{"@type":"PropertyValueSpecification","valueRequired":true,"valueName":"search_term_string"}}],"inLanguage":"es"},{"@type":"Organization","@id":"https:\/\/thegeniusesgroup.com\/es\/#organization","name":"Geniuses Group LLC","alternateName":"Tests, Training & Trechnology","url":"https:\/\/thegeniusesgroup.com\/es\/","logo":{"@type":"ImageObject","inLanguage":"es","@id":"https:\/\/thegeniusesgroup.com\/es\/#\/schema\/logo\/image\/","url":"https:\/\/thegeniusesgroup.com\/es\/wp-content\/uploads\/2022\/01\/logo.jpg","contentUrl":"https:\/\/thegeniusesgroup.com\/es\/wp-content\/uploads\/2022\/01\/logo.jpg","width":492,"height":143,"caption":"Geniuses Group LLC"},"image":{"@id":"https:\/\/thegeniusesgroup.com\/es\/#\/schema\/logo\/image\/"}}]}},"jetpack_sharing_enabled":true,"_links":{"self":[{"href":"https:\/\/thegeniusesgroup.com\/es\/wp-json\/wp\/v2\/pages\/26299"}],"collection":[{"href":"https:\/\/thegeniusesgroup.com\/es\/wp-json\/wp\/v2\/pages"}],"about":[{"href":"https:\/\/thegeniusesgroup.com\/es\/wp-json\/wp\/v2\/types\/page"}],"author":[{"embeddable":true,"href":"https:\/\/thegeniusesgroup.com\/es\/wp-json\/wp\/v2\/users\/1"}],"replies":[{"embeddable":true,"href":"https:\/\/thegeniusesgroup.com\/es\/wp-json\/wp\/v2\/comments?post=26299"}],"version-history":[{"count":0,"href":"https:\/\/thegeniusesgroup.com\/es\/wp-json\/wp\/v2\/pages\/26299\/revisions"}],"wp:attachment":[{"href":"https:\/\/thegeniusesgroup.com\/es\/wp-json\/wp\/v2\/media?parent=26299"}],"curies":[{"name":"wp","href":"https:\/\/api.w.org\/{rel}","templated":true}]}}