{"id":26368,"date":"2023-02-20T22:09:33","date_gmt":"2023-02-20T22:09:33","guid":{"rendered":"https:\/\/thegeniusesgroup.com\/es\/?page_id=26368"},"modified":"2024-03-01T18:57:48","modified_gmt":"2024-03-01T18:57:48","slug":"solicitud-propuesta-economica-flico","status":"publish","type":"page","link":"https:\/\/thegeniusesgroup.com\/es\/solicitud-propuesta-economica-flico\/","title":{"rendered":"Solicite propuesta econ\u00f3mica o m\u00e1s informaci\u00f3n sin compromiso Flico"},"content":{"rendered":"<div class=\"wpb-content-wrapper\"><p>[vc_row full_width=&#8221;stretch_row&#8221; css_animation=&#8221;bottom-to-top&#8221; css=&#8221;.vc_custom_1654547863119{margin-top: -50px !important;background-color: #f0f3f2 !important;}&#8221;][vc_column][vc_custom_heading text=&#8221;FLICO: Representante Autorizado CERTIFICADO por Geniuses Group LLC&#8221; font_container=&#8221;tag:h4|text_align:center&#8221; google_fonts=&#8221;font_family:Roboto%3Aregular%2Citalic|font_style:400%20regular%3A400%3Anormal&#8221;]\n<div class=\"wpcf7 no-js\" id=\"wpcf7-f26367-o1\" lang=\"en-US\" dir=\"ltr\">\n<div class=\"screen-reader-response\"><p role=\"status\" aria-live=\"polite\" aria-atomic=\"true\"><\/p> <ul><\/ul><\/div>\n<form action=\"\/es\/wp-json\/wp\/v2\/pages\/26368#wpcf7-f26367-o1\" method=\"post\" class=\"wpcf7-form init gem-contact-form-white\" aria-label=\"Contact form\" novalidate=\"novalidate\" data-status=\"init\">\n<div style=\"display: none;\">\n<input type=\"hidden\" name=\"_wpcf7\" value=\"26367\" \/>\n<input type=\"hidden\" name=\"_wpcf7_version\" value=\"5.9.8\" \/>\n<input type=\"hidden\" name=\"_wpcf7_locale\" value=\"en_US\" \/>\n<input type=\"hidden\" name=\"_wpcf7_unit_tag\" value=\"wpcf7-f26367-o1\" \/>\n<input type=\"hidden\" name=\"_wpcf7_container_post\" value=\"0\" \/>\n<input type=\"hidden\" name=\"_wpcf7_posted_data_hash\" value=\"\" \/>\n<input type=\"hidden\" name=\"_wpcf7_recaptcha_response\" value=\"\" \/>\n<\/div>\n<div class=\"row\">\n\n\t<div class=\"form-line col-lg-4 col-md-4 col-xs-12\"><label>Nombre: <\/label><span class=\"wpcf7-form-control-wrap\" data-name=\"su-nombre\"><input size=\"40\" maxlength=\"400\" class=\"wpcf7-form-control wpcf7-text wpcf7-validates-as-required\" aria-required=\"true\" aria-invalid=\"false\" value=\"\" type=\"text\" name=\"su-nombre\" \/><\/span><\/div>\n\n\t<div class=\"form-line col-lg-4 col-md-4 col-xs-12\"><label>Email: <\/label><span class=\"wpcf7-form-control-wrap\" data-name=\"su-email\"><input size=\"40\" maxlength=\"400\" class=\"wpcf7-form-control wpcf7-email wpcf7-validates-as-required wpcf7-text wpcf7-validates-as-email\" aria-required=\"true\" aria-invalid=\"false\" value=\"\" type=\"email\" name=\"su-email\" \/><\/span><\/div>\n\n        <div class=\"form-line col-lg-4 col-md-4 col-xs-12\"><label>N\u00fameros telef\u00f3nicos de preferencia con Whatsapp: <\/label><span class=\"wpcf7-form-control-wrap\" data-name=\"su-telefono\"><input size=\"40\" maxlength=\"400\" class=\"wpcf7-form-control wpcf7-text wpcf7-validates-as-required\" aria-required=\"true\" aria-invalid=\"false\" value=\"\" type=\"text\" name=\"su-telefono\" \/><\/span><\/div>\t\n\n        <div class=\"form-line col-lg-4 col-md-4 col-xs-12\"><label>Empresa o Instituci\u00f3n: <\/label><span class=\"wpcf7-form-control-wrap\" data-name=\"su-empresa\"><input size=\"40\" maxlength=\"400\" class=\"wpcf7-form-control wpcf7-text wpcf7-validates-as-required\" aria-required=\"true\" aria-invalid=\"false\" value=\"\" type=\"text\" name=\"su-empresa\" \/><\/span><\/div>\n\n        <div class=\"form-line col-lg-4 col-md-4 col-xs-12\"><label>Cargo: <\/label><span class=\"wpcf7-form-control-wrap\" data-name=\"su-cargo\"><input size=\"40\" maxlength=\"400\" class=\"wpcf7-form-control wpcf7-text wpcf7-validates-as-required\" aria-required=\"true\" aria-invalid=\"false\" value=\"\" type=\"text\" name=\"su-cargo\" \/><\/span><\/div>\n\n        <div class=\"form-line col-lg-4 col-md-4 col-xs-12\"><label>Pa\u00eds: <\/label><span class=\"wpcf7-form-control-wrap\" data-name=\"su-pais\"><input size=\"40\" maxlength=\"400\" class=\"wpcf7-form-control wpcf7-text wpcf7-validates-as-required\" aria-required=\"true\" aria-invalid=\"false\" value=\"\" type=\"text\" name=\"su-pais\" \/><\/span><\/div>        \n\n        <div class=\"form-line col-lg-4 col-md-4 col-xs-12\"><label>Cantidad aproximada de colaboradores: <\/label><span class=\"wpcf7-form-control-wrap\" data-name=\"colaboradores\"><input size=\"40\" maxlength=\"400\" class=\"wpcf7-form-control wpcf7-text wpcf7-validates-as-required\" aria-required=\"true\" aria-invalid=\"false\" value=\"\" type=\"text\" name=\"colaboradores\" \/><\/span><\/div>\n\n        <div class=\"form-line col-lg-4 col-md-4 col-xs-12\"><label>Cantidad aproximada de personas a evaluar por a\u00f1o: <\/label><span class=\"wpcf7-form-control-wrap\" data-name=\"personas\"><input size=\"40\" maxlength=\"400\" class=\"wpcf7-form-control wpcf7-text wpcf7-validates-as-required\" aria-required=\"true\" aria-invalid=\"false\" value=\"\" type=\"text\" name=\"personas\" \/><\/span><\/div>\n\n        <div class=\"form-line col-lg-4 col-md-4 col-xs-12\"><label> Se dedica su empresa a reclutamiento externo? (S\/N) <br \/> <\/label><span class=\"wpcf7-form-control-wrap\" data-name=\"reclutamiento\"><span class=\"wpcf7-form-control wpcf7-radio\"><span class=\"wpcf7-list-item first\"><label><input type=\"radio\" name=\"reclutamiento\" value=\"Si\" checked=\"checked\" \/><span class=\"wpcf7-list-item-label\">Si<\/span><\/label><\/span><span class=\"wpcf7-list-item last\"><label><input type=\"radio\" name=\"reclutamiento\" value=\"No\" \/><span class=\"wpcf7-list-item-label\">No<\/span><\/label><\/span><\/span><\/span><\/div>\n\n        <div class=\"form-line col-lg-12 col-md-12 col-xs-12\"><label>C\u00f3mo se enter\u00f3 de nosotros: <\/label><span class=\"wpcf7-form-control-wrap\" data-name=\"comoseentero\"><input size=\"40\" maxlength=\"400\" class=\"wpcf7-form-control wpcf7-text wpcf7-validates-as-required\" aria-required=\"true\" aria-invalid=\"false\" value=\"\" type=\"text\" name=\"comoseentero\" \/><\/span><\/div>\n        \n        <div class=\"form-line col-lg-12 col-md-12 col-xs-12\"><label>Comentarios: <\/label><span class=\"wpcf7-form-control-wrap\" data-name=\"su-mensaje\"><textarea cols=\"40\" rows=\"10\" maxlength=\"2000\" class=\"wpcf7-form-control wpcf7-textarea wpcf7-validates-as-required\" aria-required=\"true\" aria-invalid=\"false\" name=\"su-mensaje\"><\/textarea><\/span><\/div>\n\n<br \/>\n<div class=\"form-line col-lg-12 col-md-12 col-xs-12\">\n<p> <span class=\"wpcf7-form-control-wrap recaptcha\" data-name=\"recaptcha\"><span data-sitekey=\"6Ld_AMEeAAAAAC9Z38knzkb4Kfo4YrRSJb6-jMeA\" class=\"wpcf7-form-control wpcf7-recaptcha g-recaptcha\"><\/span>\r\n<noscript>\r\n\t<div class=\"grecaptcha-noscript\">\r\n\t\t<iframe src=\"https:\/\/www.google.com\/recaptcha\/api\/fallback?k=6Ld_AMEeAAAAAC9Z38knzkb4Kfo4YrRSJb6-jMeA\" frameborder=\"0\" scrolling=\"no\" width=\"310\" height=\"430\">\r\n\t\t<\/iframe>\r\n\t\t<textarea name=\"g-recaptcha-response\" rows=\"3\" cols=\"40\" placeholder=\"reCaptcha Response Here\">\r\n\t\t<\/textarea>\r\n\t<\/div>\r\n<\/noscript>\r\n<\/span> <\/p>\n<\/div>\t\n\n\t<div class=\"col-lg-12 col-md-12 col-xs-12\"><style type=\"text\/css\">.thegem-button-69efc51cb6a2d4192 .gem-button svg {fill: #FFFFFFFF;}.thegem-button-69efc51cb6a2d4192 .gem-button:hover svg {fill: #FFFFFFFF;}<\/style><div class=\"gem-button-container gem-button-position-fullwidth thegem-button-69efc51cb6a2d4192\"  ><input class=\"gem-button gem-button-size-medium gem-button-style-flat gem-button-text-weight-normal wpcf7-form-control wpcf7-submit has-spinner gem-button-wpcf-custom\" data-ll-effect=\"drop-right-without-wrap\" style=\"border-radius: 0px;background-color: #B6C6C9FF;color: #FFFFFFFF;\" onmouseleave=\"this.style.backgroundColor='#B6C6C9FF';this.style.color='#FFFFFFFF';\" onmouseenter=\"this.style.backgroundColor='#3C3950FF';this.style.color='#FFFFFFFF';\" id=\"\" tabindex=\"\" type=\"submit\" value=\"ENVIAR\" \/><\/div> <\/div>\n\n<\/div><div class=\"wpcf7-response-output\" aria-hidden=\"true\"><\/div>\n<\/form>\n<\/div>\n[\/vc_column][\/vc_row][vc_row css=&#8221;.vc_custom_1458198549877{margin-bottom: 0px !important;}&#8221;][vc_column][vc_row_inner el_class=&#8221;h_row&#8221;][vc_column_inner width=&#8221;1\/3&#8243; css=&#8221;.vc_custom_1458216798807{background-color: #42abd6 !important;}&#8221;]<div class=\"lazy-loading\" data-ll-item-delay=\"0\"><div class=\"gem-textbox  lazy-loading-item centered-box\"  data-ll-effect=\"move-up\" ><div class=\"gem-textbox-inner\" style=\"\"><div class=\"gem-textbox-content\" style=\"background-position: center top;padding-top: 43px;padding-bottom: 47px;\"><div class=\"centered-box\"><div class=\"gem-icon gem-icon-pack-elegant gem-icon-size-medium  gem-icon-shape-square gem-simple-icon\"  style=\"opacity: 1;\"><div class=\"gem-icon-inner\" style=\"\"><span class=\"gem-icon-half-1\" style=\"color: #ffffff;\"><span class=\"back-angle\">&#xe01d;<\/span><\/span><span class=\"gem-icon-half-2\" style=\"color: #ffffff;\"><span class=\"back-angle\">&#xe01d;<\/span><\/span><\/div><\/div><\/div><div class=\"clearboth\"><\/div><style>#thegem-divider-69efc51cb77f6 {margin-top: 30px !important;}<\/style><div id=\"thegem-divider-69efc51cb77f6\" class=\"gem-divider  \" style=\"\" ><\/div>[vc_column_text]<\/p>\n<div class=\"title-h5\" style=\"text-align: center;\"><span class=\"light\" style=\"color: #ffffff;\">WWW<\/span><\/div>\n<p>[\/vc_column_text]<div class=\"clearboth\"><\/div><style>#thegem-divider-69efc51cb7845 {margin-top: 10px !important;}<\/style><div id=\"thegem-divider-69efc51cb7845\" class=\"gem-divider  \" style=\"\" ><\/div>[vc_column_text]<\/p>\n<div style=\"text-align: center;\"><span class=\"light\" style=\"color: #ffffff;\"> www.flicosrl.com<\/span><\/div>\n<p>[\/vc_column_text]<\/div><\/div><\/div><\/div>[\/vc_column_inner][vc_column_inner width=&#8221;1\/3&#8243; css=&#8221;.vc_custom_1458216808629{background-color: #6fc8bf !important;}&#8221;]<div class=\"lazy-loading\" data-ll-item-delay=\"0\"><div class=\"gem-textbox  lazy-loading-item centered-box\"  data-ll-effect=\"move-up\" ><div class=\"gem-textbox-inner\" style=\"\"><div class=\"gem-textbox-content\" style=\"background-position: center top;padding-top: 43px;padding-bottom: 47px;\"><div class=\"centered-box\"><div class=\"gem-icon gem-icon-pack-material gem-icon-size-medium  gem-icon-shape-square gem-simple-icon\"  style=\"opacity: 1;\"><div class=\"gem-icon-inner\" style=\"\"><span class=\"gem-icon-half-1\" style=\"color: #ffffff;\"><span class=\"back-angle\">&#xf477;<\/span><\/span><span class=\"gem-icon-half-2\" style=\"color: #ffffff;\"><span class=\"back-angle\">&#xf477;<\/span><\/span><\/div><\/div><\/div><div class=\"clearboth\"><\/div><style>#thegem-divider-69efc51cb78e8 {margin-top: 30px !important;}<\/style><div id=\"thegem-divider-69efc51cb78e8\" class=\"gem-divider  \" style=\"\" ><\/div>[vc_column_text]<\/p>\n<div class=\"title-h5\" style=\"text-align: center;\"><span class=\"light\" style=\"color: #ffffff;\">Phone<\/span><\/div>\n<p>[\/vc_column_text]<div class=\"clearboth\"><\/div><style>#thegem-divider-69efc51cb78fc {margin-top: 10px !important;}<\/style><div id=\"thegem-divider-69efc51cb78fc\" class=\"gem-divider  \" style=\"\" ><\/div>[vc_column_text]<\/p>\n<div style=\"text-align: center;\"><span class=\"light\" style=\"color: #ffffff;\"><strong>US<\/strong> +1 (829) 993-6849<\/span><\/div>\n<p>[\/vc_column_text]<\/div><\/div><\/div><\/div>[\/vc_column_inner][vc_column_inner width=&#8221;1\/3&#8243; css=&#8221;.vc_custom_1458216818757{background-color: #a3d070 !important;}&#8221;]<div class=\"lazy-loading\" data-ll-item-delay=\"0\"><div class=\"gem-textbox  lazy-loading-item centered-box\"  data-ll-effect=\"move-up\" ><div class=\"gem-textbox-inner\" style=\"\"><div class=\"gem-textbox-content\" style=\"background-position: center top;padding-top: 43px;padding-bottom: 47px;\"><div class=\"centered-box\"><div class=\"gem-icon gem-icon-pack-elegant gem-icon-size-medium  gem-icon-shape-square gem-simple-icon\"  style=\"opacity: 1;\"><div class=\"gem-icon-inner\" style=\"\"><span class=\"gem-icon-half-1\" style=\"color: #ffffff;\"><span class=\"back-angle\">&#xe010;<\/span><\/span><span class=\"gem-icon-half-2\" style=\"color: #ffffff;\"><span class=\"back-angle\">&#xe010;<\/span><\/span><\/div><\/div><\/div><div class=\"clearboth\"><\/div><style>#thegem-divider-69efc51cb798d {margin-top: 30px !important;}<\/style><div id=\"thegem-divider-69efc51cb798d\" class=\"gem-divider  \" style=\"\" ><\/div>[vc_column_text]<\/p>\n<div class=\"title-h5\" style=\"text-align: center;\"><span class=\"light\" style=\"color: #ffffff;\">emails<\/span><\/div>\n<p>[\/vc_column_text]<div class=\"clearboth\"><\/div><style>#thegem-divider-69efc51cb799e {margin-top: 10px !important;}<\/style><div id=\"thegem-divider-69efc51cb799e\" class=\"gem-divider  \" style=\"\" ><\/div>[vc_column_text]<\/p>\n<div style=\"text-align: center;\"><span class=\"light\" style=\"color: #ffffff;\">aparra@thegeniusesgroup.com<\/span><\/div>\n<p>[\/vc_column_text]<\/div><\/div><\/div><\/div>[\/vc_column_inner][\/vc_row_inner]<div class=\"clearboth\"><\/div><style>#thegem-divider-69efc51cb79b7 {margin-top: 80px !important;}<\/style><div id=\"thegem-divider-69efc51cb79b7\" class=\"gem-divider  \" style=\"\" ><\/div>[\/vc_column][\/vc_row]<\/p>\n<\/div>","protected":false},"excerpt":{"rendered":"<p>[vc_row full_width=&#8221;stretch_row&#8221; css_animation=&#8221;bottom-to-top&#8221; css=&#8221;.vc_custom_1654547863119{margin-top: -50px !important;background-color: #f0f3f2 !important;}&#8221;][vc_column][vc_custom_heading text=&#8221;FLICO: Representante Autorizado CERTIFICADO por Geniuses Group LLC&#8221; font_container=&#8221;tag:h4|text_align:center&#8221; google_fonts=&#8221;font_family:Roboto%3Aregular%2Citalic|font_style:400%20regular%3A400%3Anormal&#8221;][\/vc_column][\/vc_row][vc_row css=&#8221;.vc_custom_1458198549877{margin-bottom: 0px&#8230;<\/p>\n","protected":false},"author":1,"featured_media":0,"parent":0,"menu_order":0,"comment_status":"closed","ping_status":"closed","template":"","meta":{"footnotes":""},"class_list":["post-26368","page","type-page","status-publish"],"yoast_head":"<!-- This site is optimized with the Yoast SEO plugin v23.4 - https:\/\/yoast.com\/wordpress\/plugins\/seo\/ -->\n<title>Solicite propuesta econ\u00f3mica o m\u00e1s informaci\u00f3n sin compromiso Flico - Geniuses Group LLC<\/title>\n<meta name=\"description\" content=\"Solicite propuesta econ\u00f3mica o m\u00e1s informaci\u00f3n sin compromiso Flico\" \/>\n<meta name=\"robots\" content=\"index, follow, max-snippet:-1, max-image-preview:large, max-video-preview:-1\" \/>\n<link rel=\"canonical\" href=\"https:\/\/thegeniusesgroup.com\/es\/solicitud-propuesta-economica-flico\/\" \/>\n<meta property=\"og:locale\" content=\"es_ES\" \/>\n<meta property=\"og:type\" content=\"article\" \/>\n<meta property=\"og:title\" content=\"Solicite propuesta econ\u00f3mica o m\u00e1s informaci\u00f3n sin compromiso Flico - Geniuses Group LLC\" \/>\n<meta property=\"og:description\" content=\"Solicite propuesta econ\u00f3mica o m\u00e1s informaci\u00f3n sin compromiso Flico\" \/>\n<meta property=\"og:url\" content=\"https:\/\/thegeniusesgroup.com\/es\/solicitud-propuesta-economica-flico\/\" \/>\n<meta property=\"og:site_name\" content=\"Geniuses Group LLC\" \/>\n<meta property=\"article:modified_time\" content=\"2024-03-01T18:57:48+00:00\" \/>\n<meta name=\"twitter:card\" content=\"summary_large_image\" \/>\n<script type=\"application\/ld+json\" class=\"yoast-schema-graph\">{\"@context\":\"https:\/\/schema.org\",\"@graph\":[{\"@type\":\"WebPage\",\"@id\":\"https:\/\/thegeniusesgroup.com\/es\/solicitud-propuesta-economica-flico\/\",\"url\":\"https:\/\/thegeniusesgroup.com\/es\/solicitud-propuesta-economica-flico\/\",\"name\":\"Solicite propuesta econ\u00f3mica o m\u00e1s informaci\u00f3n sin compromiso Flico - Geniuses Group LLC\",\"isPartOf\":{\"@id\":\"https:\/\/thegeniusesgroup.com\/es\/#website\"},\"datePublished\":\"2023-02-20T22:09:33+00:00\",\"dateModified\":\"2024-03-01T18:57:48+00:00\",\"description\":\"Solicite propuesta econ\u00f3mica o m\u00e1s informaci\u00f3n sin compromiso Flico\",\"breadcrumb\":{\"@id\":\"https:\/\/thegeniusesgroup.com\/es\/solicitud-propuesta-economica-flico\/#breadcrumb\"},\"inLanguage\":\"es\",\"potentialAction\":[{\"@type\":\"ReadAction\",\"target\":[\"https:\/\/thegeniusesgroup.com\/es\/solicitud-propuesta-economica-flico\/\"]}]},{\"@type\":\"BreadcrumbList\",\"@id\":\"https:\/\/thegeniusesgroup.com\/es\/solicitud-propuesta-economica-flico\/#breadcrumb\",\"itemListElement\":[{\"@type\":\"ListItem\",\"position\":1,\"name\":\"Home\",\"item\":\"https:\/\/thegeniusesgroup.com\/es\/\"},{\"@type\":\"ListItem\",\"position\":2,\"name\":\"Solicite propuesta econ\u00f3mica o m\u00e1s informaci\u00f3n sin compromiso Flico\"}]},{\"@type\":\"WebSite\",\"@id\":\"https:\/\/thegeniusesgroup.com\/es\/#website\",\"url\":\"https:\/\/thegeniusesgroup.com\/es\/\",\"name\":\"Geniuses Group LLC\",\"description\":\"Tests, Training &amp; Technology\",\"publisher\":{\"@id\":\"https:\/\/thegeniusesgroup.com\/es\/#organization\"},\"alternateName\":\"Tests, Training & Trechnology\",\"potentialAction\":[{\"@type\":\"SearchAction\",\"target\":{\"@type\":\"EntryPoint\",\"urlTemplate\":\"https:\/\/thegeniusesgroup.com\/es\/?s={search_term_string}\"},\"query-input\":{\"@type\":\"PropertyValueSpecification\",\"valueRequired\":true,\"valueName\":\"search_term_string\"}}],\"inLanguage\":\"es\"},{\"@type\":\"Organization\",\"@id\":\"https:\/\/thegeniusesgroup.com\/es\/#organization\",\"name\":\"Geniuses Group LLC\",\"alternateName\":\"Tests, Training & Trechnology\",\"url\":\"https:\/\/thegeniusesgroup.com\/es\/\",\"logo\":{\"@type\":\"ImageObject\",\"inLanguage\":\"es\",\"@id\":\"https:\/\/thegeniusesgroup.com\/es\/#\/schema\/logo\/image\/\",\"url\":\"https:\/\/thegeniusesgroup.com\/es\/wp-content\/uploads\/2022\/01\/logo.jpg\",\"contentUrl\":\"https:\/\/thegeniusesgroup.com\/es\/wp-content\/uploads\/2022\/01\/logo.jpg\",\"width\":492,\"height\":143,\"caption\":\"Geniuses Group LLC\"},\"image\":{\"@id\":\"https:\/\/thegeniusesgroup.com\/es\/#\/schema\/logo\/image\/\"}}]}<\/script>\n<!-- \/ Yoast SEO plugin. -->","yoast_head_json":{"title":"Solicite propuesta econ\u00f3mica o m\u00e1s informaci\u00f3n sin compromiso Flico - Geniuses Group LLC","description":"Solicite propuesta econ\u00f3mica o m\u00e1s informaci\u00f3n sin compromiso Flico","robots":{"index":"index","follow":"follow","max-snippet":"max-snippet:-1","max-image-preview":"max-image-preview:large","max-video-preview":"max-video-preview:-1"},"canonical":"https:\/\/thegeniusesgroup.com\/es\/solicitud-propuesta-economica-flico\/","og_locale":"es_ES","og_type":"article","og_title":"Solicite propuesta econ\u00f3mica o m\u00e1s informaci\u00f3n sin compromiso Flico - Geniuses Group LLC","og_description":"Solicite propuesta econ\u00f3mica o m\u00e1s informaci\u00f3n sin compromiso Flico","og_url":"https:\/\/thegeniusesgroup.com\/es\/solicitud-propuesta-economica-flico\/","og_site_name":"Geniuses Group LLC","article_modified_time":"2024-03-01T18:57:48+00:00","twitter_card":"summary_large_image","schema":{"@context":"https:\/\/schema.org","@graph":[{"@type":"WebPage","@id":"https:\/\/thegeniusesgroup.com\/es\/solicitud-propuesta-economica-flico\/","url":"https:\/\/thegeniusesgroup.com\/es\/solicitud-propuesta-economica-flico\/","name":"Solicite propuesta econ\u00f3mica o m\u00e1s informaci\u00f3n sin compromiso Flico - Geniuses Group LLC","isPartOf":{"@id":"https:\/\/thegeniusesgroup.com\/es\/#website"},"datePublished":"2023-02-20T22:09:33+00:00","dateModified":"2024-03-01T18:57:48+00:00","description":"Solicite propuesta econ\u00f3mica o m\u00e1s informaci\u00f3n sin compromiso Flico","breadcrumb":{"@id":"https:\/\/thegeniusesgroup.com\/es\/solicitud-propuesta-economica-flico\/#breadcrumb"},"inLanguage":"es","potentialAction":[{"@type":"ReadAction","target":["https:\/\/thegeniusesgroup.com\/es\/solicitud-propuesta-economica-flico\/"]}]},{"@type":"BreadcrumbList","@id":"https:\/\/thegeniusesgroup.com\/es\/solicitud-propuesta-economica-flico\/#breadcrumb","itemListElement":[{"@type":"ListItem","position":1,"name":"Home","item":"https:\/\/thegeniusesgroup.com\/es\/"},{"@type":"ListItem","position":2,"name":"Solicite propuesta econ\u00f3mica o m\u00e1s informaci\u00f3n sin compromiso Flico"}]},{"@type":"WebSite","@id":"https:\/\/thegeniusesgroup.com\/es\/#website","url":"https:\/\/thegeniusesgroup.com\/es\/","name":"Geniuses Group LLC","description":"Tests, Training &amp; Technology","publisher":{"@id":"https:\/\/thegeniusesgroup.com\/es\/#organization"},"alternateName":"Tests, Training & Trechnology","potentialAction":[{"@type":"SearchAction","target":{"@type":"EntryPoint","urlTemplate":"https:\/\/thegeniusesgroup.com\/es\/?s={search_term_string}"},"query-input":{"@type":"PropertyValueSpecification","valueRequired":true,"valueName":"search_term_string"}}],"inLanguage":"es"},{"@type":"Organization","@id":"https:\/\/thegeniusesgroup.com\/es\/#organization","name":"Geniuses Group LLC","alternateName":"Tests, Training & Trechnology","url":"https:\/\/thegeniusesgroup.com\/es\/","logo":{"@type":"ImageObject","inLanguage":"es","@id":"https:\/\/thegeniusesgroup.com\/es\/#\/schema\/logo\/image\/","url":"https:\/\/thegeniusesgroup.com\/es\/wp-content\/uploads\/2022\/01\/logo.jpg","contentUrl":"https:\/\/thegeniusesgroup.com\/es\/wp-content\/uploads\/2022\/01\/logo.jpg","width":492,"height":143,"caption":"Geniuses Group LLC"},"image":{"@id":"https:\/\/thegeniusesgroup.com\/es\/#\/schema\/logo\/image\/"}}]}},"jetpack_sharing_enabled":true,"_links":{"self":[{"href":"https:\/\/thegeniusesgroup.com\/es\/wp-json\/wp\/v2\/pages\/26368"}],"collection":[{"href":"https:\/\/thegeniusesgroup.com\/es\/wp-json\/wp\/v2\/pages"}],"about":[{"href":"https:\/\/thegeniusesgroup.com\/es\/wp-json\/wp\/v2\/types\/page"}],"author":[{"embeddable":true,"href":"https:\/\/thegeniusesgroup.com\/es\/wp-json\/wp\/v2\/users\/1"}],"replies":[{"embeddable":true,"href":"https:\/\/thegeniusesgroup.com\/es\/wp-json\/wp\/v2\/comments?post=26368"}],"version-history":[{"count":0,"href":"https:\/\/thegeniusesgroup.com\/es\/wp-json\/wp\/v2\/pages\/26368\/revisions"}],"wp:attachment":[{"href":"https:\/\/thegeniusesgroup.com\/es\/wp-json\/wp\/v2\/media?parent=26368"}],"curies":[{"name":"wp","href":"https:\/\/api.w.org\/{rel}","templated":true}]}}