{"id":26119,"date":"2022-08-11T10:39:23","date_gmt":"2022-08-11T10:39:23","guid":{"rendered":"https:\/\/thegeniusesgroup.com\/es\/?post_type=product&#038;p=26119"},"modified":"2025-02-10T19:47:43","modified_gmt":"2025-02-10T19:47:43","slug":"membrecia-micro","status":"publish","type":"product","link":"https:\/\/thegeniusesgroup.com\/es\/product\/membrecia-micro\/","title":{"rendered":"Membrec\u00eda MICRO"},"content":{"rendered":"","protected":false},"excerpt":{"rendered":"<p>(Empresas peque\u00f1as y medianas \u00f3 con hasta 10 colaboradores \u00f3 con muy baja rotaci\u00f3n de personal \u00f3 Reclutadoras peque\u00f1as)* El tama\u00f1o de empresa s\u00f3lo incide en el precio, las pruebas siguen siendo ilimitadas.<\/p>\n<p>La membrec\u00eda incluye Pruebas Ilimitadas: Zavich (Valores e Intereses, Honestidad), Cleaver (DISC Standard, DISC B\u00e1sico), IPV (Ventas), MOSS (Mandos Medios y Gerenciales), OTIS (Coeficiente Intelectual), CE (Coeficiente Emocional &#8211; Inteligencia Emocional), Cambridge (Nivel de Ingl\u00e9s), Competencias Digitales y Capacidad Autodidacta.<\/p>\n","protected":false},"featured_media":26164,"comment_status":"closed","ping_status":"closed","template":"","meta":[],"product_cat":[76],"product_tag":[],"class_list":{"0":"post-26119","1":"product","2":"type-product","3":"status-publish","4":"has-post-thumbnail","6":"product_cat-membrecias-anuales-de-pruebas-psicometricas-ilimitadas","8":"first","9":"instock","10":"shipping-taxable","11":"purchasable","12":"product-type-variable-subscription","13":"add-to-wishlist-after_add_to_cart"},"yoast_head":"<!-- This site is optimized with the Yoast SEO plugin v23.4 - https:\/\/yoast.com\/wordpress\/plugins\/seo\/ -->\n<title>Membrec\u00eda MICRO - Geniuses Group LLC<\/title>\n<meta name=\"description\" content=\"(Empresas peque\u00f1as y medianas \u00f3 con hasta 10 colaboradores \u00f3 con muy baja rotaci\u00f3n de personal \u00f3 Reclutadoras peque\u00f1as)* El tama\u00f1o de empresa...\" \/>\n<meta name=\"robots\" content=\"index, follow, max-snippet:-1, max-image-preview:large, max-video-preview:-1\" \/>\n<link rel=\"canonical\" href=\"https:\/\/thegeniusesgroup.com\/es\/product\/membrecia-micro\/\" \/>\n<meta property=\"og:locale\" content=\"es_ES\" \/>\n<meta property=\"og:type\" content=\"article\" \/>\n<meta property=\"og:title\" content=\"Membrec\u00eda MICRO - Geniuses Group LLC\" \/>\n<meta property=\"og:description\" content=\"(Empresas peque\u00f1as y medianas \u00f3 con hasta 10 colaboradores \u00f3 con muy baja rotaci\u00f3n de personal \u00f3 Reclutadoras peque\u00f1as)* El tama\u00f1o de empresa...\" \/>\n<meta property=\"og:url\" content=\"https:\/\/thegeniusesgroup.com\/es\/product\/membrecia-micro\/\" \/>\n<meta property=\"og:site_name\" content=\"Geniuses Group LLC\" \/>\n<meta property=\"article:modified_time\" content=\"2025-02-10T19:47:43+00:00\" \/>\n<meta property=\"og:image\" content=\"https:\/\/thegeniusesgroup.com\/es\/wp-content\/uploads\/2022\/08\/WhatsApp-Image-2022-06-15-at-11.02.26-AM.jpeg\" \/>\n\t<meta property=\"og:image:width\" content=\"1280\" \/>\n\t<meta property=\"og:image:height\" content=\"1280\" \/>\n\t<meta property=\"og:image:type\" content=\"image\/jpeg\" \/>\n<meta name=\"twitter:card\" content=\"summary_large_image\" \/>\n<script type=\"application\/ld+json\" class=\"yoast-schema-graph\">{\"@context\":\"https:\/\/schema.org\",\"@graph\":[{\"@type\":\"WebPage\",\"@id\":\"https:\/\/thegeniusesgroup.com\/es\/product\/membrecia-micro\/\",\"url\":\"https:\/\/thegeniusesgroup.com\/es\/product\/membrecia-micro\/\",\"name\":\"Membrec\u00eda MICRO - Geniuses Group LLC\",\"isPartOf\":{\"@id\":\"https:\/\/thegeniusesgroup.com\/es\/#website\"},\"primaryImageOfPage\":{\"@id\":\"https:\/\/thegeniusesgroup.com\/es\/product\/membrecia-micro\/#primaryimage\"},\"image\":{\"@id\":\"https:\/\/thegeniusesgroup.com\/es\/product\/membrecia-micro\/#primaryimage\"},\"thumbnailUrl\":\"https:\/\/thegeniusesgroup.com\/es\/wp-content\/uploads\/2022\/08\/WhatsApp-Image-2022-06-15-at-11.02.26-AM.jpeg\",\"datePublished\":\"2022-08-11T10:39:23+00:00\",\"dateModified\":\"2025-02-10T19:47:43+00:00\",\"description\":\"(Empresas peque\u00f1as y medianas \u00f3 con hasta 10 colaboradores \u00f3 con muy baja rotaci\u00f3n de personal \u00f3 Reclutadoras peque\u00f1as)* El tama\u00f1o de empresa...\",\"breadcrumb\":{\"@id\":\"https:\/\/thegeniusesgroup.com\/es\/product\/membrecia-micro\/#breadcrumb\"},\"inLanguage\":\"es\",\"potentialAction\":[{\"@type\":\"ReadAction\",\"target\":[\"https:\/\/thegeniusesgroup.com\/es\/product\/membrecia-micro\/\"]}]},{\"@type\":\"ImageObject\",\"inLanguage\":\"es\",\"@id\":\"https:\/\/thegeniusesgroup.com\/es\/product\/membrecia-micro\/#primaryimage\",\"url\":\"https:\/\/thegeniusesgroup.com\/es\/wp-content\/uploads\/2022\/08\/WhatsApp-Image-2022-06-15-at-11.02.26-AM.jpeg\",\"contentUrl\":\"https:\/\/thegeniusesgroup.com\/es\/wp-content\/uploads\/2022\/08\/WhatsApp-Image-2022-06-15-at-11.02.26-AM.jpeg\",\"width\":1280,\"height\":1280},{\"@type\":\"BreadcrumbList\",\"@id\":\"https:\/\/thegeniusesgroup.com\/es\/product\/membrecia-micro\/#breadcrumb\",\"itemListElement\":[{\"@type\":\"ListItem\",\"position\":1,\"name\":\"Home\",\"item\":\"https:\/\/thegeniusesgroup.com\/es\/\"},{\"@type\":\"ListItem\",\"position\":2,\"name\":\"TIENDA\",\"item\":\"https:\/\/thegeniusesgroup.com\/es\/membresias\/\"},{\"@type\":\"ListItem\",\"position\":3,\"name\":\"Membrec\u00eda MICRO\"}]},{\"@type\":\"WebSite\",\"@id\":\"https:\/\/thegeniusesgroup.com\/es\/#website\",\"url\":\"https:\/\/thegeniusesgroup.com\/es\/\",\"name\":\"Geniuses Group LLC\",\"description\":\"Tests, Training &amp; Technology\",\"publisher\":{\"@id\":\"https:\/\/thegeniusesgroup.com\/es\/#organization\"},\"alternateName\":\"Tests, Training & Trechnology\",\"potentialAction\":[{\"@type\":\"SearchAction\",\"target\":{\"@type\":\"EntryPoint\",\"urlTemplate\":\"https:\/\/thegeniusesgroup.com\/es\/?s={search_term_string}\"},\"query-input\":{\"@type\":\"PropertyValueSpecification\",\"valueRequired\":true,\"valueName\":\"search_term_string\"}}],\"inLanguage\":\"es\"},{\"@type\":\"Organization\",\"@id\":\"https:\/\/thegeniusesgroup.com\/es\/#organization\",\"name\":\"Geniuses Group LLC\",\"alternateName\":\"Tests, Training & Trechnology\",\"url\":\"https:\/\/thegeniusesgroup.com\/es\/\",\"logo\":{\"@type\":\"ImageObject\",\"inLanguage\":\"es\",\"@id\":\"https:\/\/thegeniusesgroup.com\/es\/#\/schema\/logo\/image\/\",\"url\":\"https:\/\/thegeniusesgroup.com\/es\/wp-content\/uploads\/2022\/01\/logo.jpg\",\"contentUrl\":\"https:\/\/thegeniusesgroup.com\/es\/wp-content\/uploads\/2022\/01\/logo.jpg\",\"width\":492,\"height\":143,\"caption\":\"Geniuses Group LLC\"},\"image\":{\"@id\":\"https:\/\/thegeniusesgroup.com\/es\/#\/schema\/logo\/image\/\"}}]}<\/script>\n<!-- \/ Yoast SEO plugin. -->","yoast_head_json":{"title":"Membrec\u00eda MICRO - Geniuses Group LLC","description":"(Empresas peque\u00f1as y medianas \u00f3 con hasta 10 colaboradores \u00f3 con muy baja rotaci\u00f3n de personal \u00f3 Reclutadoras peque\u00f1as)* El tama\u00f1o de empresa...","robots":{"index":"index","follow":"follow","max-snippet":"max-snippet:-1","max-image-preview":"max-image-preview:large","max-video-preview":"max-video-preview:-1"},"canonical":"https:\/\/thegeniusesgroup.com\/es\/product\/membrecia-micro\/","og_locale":"es_ES","og_type":"article","og_title":"Membrec\u00eda MICRO - Geniuses Group LLC","og_description":"(Empresas peque\u00f1as y medianas \u00f3 con hasta 10 colaboradores \u00f3 con muy baja rotaci\u00f3n de personal \u00f3 Reclutadoras peque\u00f1as)* El tama\u00f1o de empresa...","og_url":"https:\/\/thegeniusesgroup.com\/es\/product\/membrecia-micro\/","og_site_name":"Geniuses Group LLC","article_modified_time":"2025-02-10T19:47:43+00:00","og_image":[{"width":1280,"height":1280,"url":"https:\/\/thegeniusesgroup.com\/es\/wp-content\/uploads\/2022\/08\/WhatsApp-Image-2022-06-15-at-11.02.26-AM.jpeg","type":"image\/jpeg"}],"twitter_card":"summary_large_image","schema":{"@context":"https:\/\/schema.org","@graph":[{"@type":"WebPage","@id":"https:\/\/thegeniusesgroup.com\/es\/product\/membrecia-micro\/","url":"https:\/\/thegeniusesgroup.com\/es\/product\/membrecia-micro\/","name":"Membrec\u00eda MICRO - Geniuses Group LLC","isPartOf":{"@id":"https:\/\/thegeniusesgroup.com\/es\/#website"},"primaryImageOfPage":{"@id":"https:\/\/thegeniusesgroup.com\/es\/product\/membrecia-micro\/#primaryimage"},"image":{"@id":"https:\/\/thegeniusesgroup.com\/es\/product\/membrecia-micro\/#primaryimage"},"thumbnailUrl":"https:\/\/thegeniusesgroup.com\/es\/wp-content\/uploads\/2022\/08\/WhatsApp-Image-2022-06-15-at-11.02.26-AM.jpeg","datePublished":"2022-08-11T10:39:23+00:00","dateModified":"2025-02-10T19:47:43+00:00","description":"(Empresas peque\u00f1as y medianas \u00f3 con hasta 10 colaboradores \u00f3 con muy baja rotaci\u00f3n de personal \u00f3 Reclutadoras peque\u00f1as)* El tama\u00f1o de empresa...","breadcrumb":{"@id":"https:\/\/thegeniusesgroup.com\/es\/product\/membrecia-micro\/#breadcrumb"},"inLanguage":"es","potentialAction":[{"@type":"ReadAction","target":["https:\/\/thegeniusesgroup.com\/es\/product\/membrecia-micro\/"]}]},{"@type":"ImageObject","inLanguage":"es","@id":"https:\/\/thegeniusesgroup.com\/es\/product\/membrecia-micro\/#primaryimage","url":"https:\/\/thegeniusesgroup.com\/es\/wp-content\/uploads\/2022\/08\/WhatsApp-Image-2022-06-15-at-11.02.26-AM.jpeg","contentUrl":"https:\/\/thegeniusesgroup.com\/es\/wp-content\/uploads\/2022\/08\/WhatsApp-Image-2022-06-15-at-11.02.26-AM.jpeg","width":1280,"height":1280},{"@type":"BreadcrumbList","@id":"https:\/\/thegeniusesgroup.com\/es\/product\/membrecia-micro\/#breadcrumb","itemListElement":[{"@type":"ListItem","position":1,"name":"Home","item":"https:\/\/thegeniusesgroup.com\/es\/"},{"@type":"ListItem","position":2,"name":"TIENDA","item":"https:\/\/thegeniusesgroup.com\/es\/membresias\/"},{"@type":"ListItem","position":3,"name":"Membrec\u00eda MICRO"}]},{"@type":"WebSite","@id":"https:\/\/thegeniusesgroup.com\/es\/#website","url":"https:\/\/thegeniusesgroup.com\/es\/","name":"Geniuses Group LLC","description":"Tests, Training &amp; Technology","publisher":{"@id":"https:\/\/thegeniusesgroup.com\/es\/#organization"},"alternateName":"Tests, Training & Trechnology","potentialAction":[{"@type":"SearchAction","target":{"@type":"EntryPoint","urlTemplate":"https:\/\/thegeniusesgroup.com\/es\/?s={search_term_string}"},"query-input":{"@type":"PropertyValueSpecification","valueRequired":true,"valueName":"search_term_string"}}],"inLanguage":"es"},{"@type":"Organization","@id":"https:\/\/thegeniusesgroup.com\/es\/#organization","name":"Geniuses Group LLC","alternateName":"Tests, Training & Trechnology","url":"https:\/\/thegeniusesgroup.com\/es\/","logo":{"@type":"ImageObject","inLanguage":"es","@id":"https:\/\/thegeniusesgroup.com\/es\/#\/schema\/logo\/image\/","url":"https:\/\/thegeniusesgroup.com\/es\/wp-content\/uploads\/2022\/01\/logo.jpg","contentUrl":"https:\/\/thegeniusesgroup.com\/es\/wp-content\/uploads\/2022\/01\/logo.jpg","width":492,"height":143,"caption":"Geniuses Group LLC"},"image":{"@id":"https:\/\/thegeniusesgroup.com\/es\/#\/schema\/logo\/image\/"}}]}},"jetpack_sharing_enabled":true,"_links":{"self":[{"href":"https:\/\/thegeniusesgroup.com\/es\/wp-json\/wp\/v2\/product\/26119"}],"collection":[{"href":"https:\/\/thegeniusesgroup.com\/es\/wp-json\/wp\/v2\/product"}],"about":[{"href":"https:\/\/thegeniusesgroup.com\/es\/wp-json\/wp\/v2\/types\/product"}],"replies":[{"embeddable":true,"href":"https:\/\/thegeniusesgroup.com\/es\/wp-json\/wp\/v2\/comments?post=26119"}],"wp:featuredmedia":[{"embeddable":true,"href":"https:\/\/thegeniusesgroup.com\/es\/wp-json\/wp\/v2\/media\/26164"}],"wp:attachment":[{"href":"https:\/\/thegeniusesgroup.com\/es\/wp-json\/wp\/v2\/media?parent=26119"}],"wp:term":[{"taxonomy":"product_cat","embeddable":true,"href":"https:\/\/thegeniusesgroup.com\/es\/wp-json\/wp\/v2\/product_cat?post=26119"},{"taxonomy":"product_tag","embeddable":true,"href":"https:\/\/thegeniusesgroup.com\/es\/wp-json\/wp\/v2\/product_tag?post=26119"}],"curies":[{"name":"wp","href":"https:\/\/api.w.org\/{rel}","templated":true}]}}